{"id":65304,"date":"2024-06-17T11:29:16","date_gmt":"2024-06-17T09:29:16","guid":{"rendered":"https:\/\/newgarden.es\/shop\/senza-categoria\/fioriera-rotonda-a-sospensione-con-illuminazione-wireless-elba-59\/"},"modified":"2024-07-01T10:51:24","modified_gmt":"2024-07-01T08:51:24","slug":"fioriera-rotonda-a-sospensione-con-illuminazione-wireless-elba-59","status":"publish","type":"product","link":"https:\/\/developing.newgarden.es\/it\/shop\/vasi\/vasi-illuminati\/fioriera-rotonda-a-sospensione-con-illuminazione-wireless-elba-59\/","title":{"rendered":"FIORIERA ROTONDA A SOSPENSIONE CON ILLUMINAZIONE WIRELESS ELBA 59"},"content":{"rendered":"<section class=\"wpb-content-wrapper\"><p>[vc_row][vc_column][vc_column_text][\/vc_column_text][\/vc_column][\/vc_row][vc_row][vc_column][vc_column_text]La fioriera rotonda a sospensione con illuminazione wireless ELBA 59 \u00e8 realizzata in polietilene bianco super resistente. \u00c8 molto facile da installare perch\u00e9 include un magnete che consente di appenderla senza bisogno di fori su qualsiasi superficie magnetica. Per regolarne l&#8217;altezza \u00e8 sufficiente spingere il cavo verso l&#8217;interno.<\/p>\n<p>\u00c8 possibile combinarla con la versione pi\u00f9 piccola: ELBA 39.<\/p>\n<p>Set di piante artificiali incluso<\/p>\n<p>La sua illuminazione: La mano non necessita di installazione, basta avvicinarla all&#8217;anello metallico interno e aderir\u00e0 grazie alla sua base magnetizzata.<\/p>\n<p>Questa lampadina include anche un telecomando per poterla accendere e spegnere e regolarne l&#8217;intensit\u00e0.<\/p>\n<p>Ha 900 lumen e un&#8217;autonomia compresa tra 6 e 20 ore a seconda dell&#8217;intensit\u00e0.<\/p>\n<p>&nbsp;<\/p>\n<ul class=\"tablaTech\">\n<li>\n<div class=\"boxContents no-border\">\n<div class=\"name\"><strong>DIMENSIONE<\/strong><\/div>\n<div class=\"data\">\u00f859 x\u00a015 cm<\/div>\n<\/div>\n<\/li>\n<\/ul>\n<p>[\/vc_column_text][vc_video link=&#8221;https:\/\/youtu.be\/Zo0FlNN_K5U&#8221;][\/vc_column][\/vc_row][vc_row][vc_column width=&#8221;1\/2&#8243;][vc_btn title=&#8221;SCHEDA TECNICA&#8221; style=&#8221;custom&#8221; custom_background=&#8221;#009bc2&#8243; custom_text=&#8221;#ffffff&#8221; shape=&#8221;square&#8221; link=&#8221;url:https%3A%2F%2Fbit.ly%2F3nd9HfI|target:%20_blank|&#8221; el_class=&#8221;btn_descargar_ficha&#8221;][\/vc_column][vc_column width=&#8221;1\/2&#8243;][vc_btn title=&#8221;MANUALE DI ISTRUZIONI&#8221; style=&#8221;custom&#8221; custom_background=&#8221;#009bc2&#8243; custom_text=&#8221;#ffffff&#8221; shape=&#8221;square&#8221; link=&#8221;url:https%3A%2F%2Fbit.ly%2F3oJD4Hc|target:%20_blank|&#8221; el_class=&#8221;btn_descargar_ficha&#8221;][\/vc_column][vc_column][\/vc_column][\/vc_row]<\/p>\n<\/section>","protected":false},"excerpt":{"rendered":"<p>[vc_row][vc_column][vc_column_text][\/vc_column_text][\/vc_column][\/vc_row][vc_row][vc_column][vc_column_text]La fioriera rotonda a sospensione con illuminazione wireless ELBA 59 \u00e8 realizzata in polietilene bianco super resistente. \u00c8 molto facile da installare perch\u00e9 include un magnete che consente di appenderla<\/p>\n","protected":false},"featured_media":57449,"template":"","meta":[],"product_cat":[974,991,980,976,986],"product_tag":[953,962],"class_list":{"0":"post-65304","1":"product","2":"type-product","3":"status-publish","4":"has-post-thumbnail","6":"product_cat-lightdeco-it","7":"product_cat-lampada-portatile","8":"product_cat-lampade-a-sospensione","9":"product_cat-vasi","10":"product_cat-vasi-illuminati","11":"product_tag-batteria","12":"product_tag-senza-fili-it","14":"first","15":"outofstock","16":"taxable","17":"shipping-taxable","18":"product-type-variable"},"df_price":"","df_sale_price":"","df_regular_price":"","df_image_link":"https:\/\/developing.newgarden.es\/wp-content\/uploads\/2022\/03\/ELBA_35_BATTERY_1200X1200-7-1-300x300.jpg","_links":{"self":[{"href":"https:\/\/developing.newgarden.es\/it\/wp-json\/wp\/v2\/product\/65304"}],"collection":[{"href":"https:\/\/developing.newgarden.es\/it\/wp-json\/wp\/v2\/product"}],"about":[{"href":"https:\/\/developing.newgarden.es\/it\/wp-json\/wp\/v2\/types\/product"}],"wp:featuredmedia":[{"embeddable":true,"href":"https:\/\/developing.newgarden.es\/it\/wp-json\/wp\/v2\/media\/57449"}],"wp:attachment":[{"href":"https:\/\/developing.newgarden.es\/it\/wp-json\/wp\/v2\/media?parent=65304"}],"wp:term":[{"taxonomy":"product_cat","embeddable":true,"href":"https:\/\/developing.newgarden.es\/it\/wp-json\/wp\/v2\/product_cat?post=65304"},{"taxonomy":"product_tag","embeddable":true,"href":"https:\/\/developing.newgarden.es\/it\/wp-json\/wp\/v2\/product_tag?post=65304"}],"curies":[{"name":"wp","href":"https:\/\/api.w.org\/{rel}","templated":true}]}}