{"id":64784,"date":"2020-02-18T17:03:15","date_gmt":"2020-02-18T16:03:15","guid":{"rendered":"https:\/\/newgarden.es\/shop\/senza-categoria\/lampada-portatile-sora\/"},"modified":"2024-06-14T08:36:17","modified_gmt":"2024-06-14T06:36:17","slug":"lampada-portatile-sora","status":"publish","type":"product","link":"https:\/\/developing.newgarden.es\/it\/shop\/lightdeco-it\/lampade-a-sospensione\/lampada-portatile-sora\/","title":{"rendered":"LAMPADA PORTATILE SORA"},"content":{"rendered":"<section class=\"wpb-content-wrapper\"><p>[vc_row][vc_column][vc_column_text]<\/p>\n<p>[\/vc_column_text][\/vc_column][\/vc_row][vc_row][vc_column el_class=&#8221;descripcion_producto&#8221;][vc_column_text]Sora \u00e8 presentata come una delle novit\u00e0 di Newgarden.<\/p>\n<p>La lampada a sospensione Sora si ispira alle linee asiatiche, che in giapponese significano Paradiso.<\/p>\n<p>\u00c8 un modello senza fili, con luce LED a 128 colori + luce calda. Si aziona tramite telecomando e si ricarica dalla rete elettrica. Ha un&#8217;autonomia di 12-36 ore, a seconda del colore della luce con cui la si accende. Ideale per l&#8217;esterno o come lampada portatile da portare ovunque: spiaggia, piscina e feste.<\/p>\n<p>\u00c8 disponibile in 3 colori: grigio spazio, rosa o beige.<\/p>\n<p>I prodotti Newgarden sono realizzati in polietilene, quindi sono leggeri e molto resistenti. Sopportano sbalzi di temperatura estremi e sono protetti dai raggi UV, rendendo la durata del prodotto quasi illimitata.[\/vc_column_text][\/vc_column][\/vc_row][vc_row disable_element=&#8221;yes&#8221;][vc_column][vc_single_image image=&#8221;6566&#8243; img_size=&#8221;full&#8221;][\/vc_column][\/vc_row][vc_row][vc_column width=&#8221;1\/2&#8243;][vc_btn title=&#8221;SCHEDA TECNICA&#8221; style=&#8221;custom&#8221; custom_background=&#8221;#009bc2&#8243; custom_text=&#8221;#ffffff&#8221; link=&#8221;url:https%3A%2F%2Fbit.ly%2F3vJACUV|target:%20_blank|&#8221; el_class=&#8221;btn_descargar_ficha&#8221;][\/vc_column][vc_column width=&#8221;1\/2&#8243;][vc_btn title=&#8221;MANUALE DI ISTRUZIONI&#8221; style=&#8221;custom&#8221; custom_background=&#8221;#009bc2&#8243; custom_text=&#8221;#ffffff&#8221; link=&#8221;url:https%3A%2F%2Fbit.ly%2F3zxPhn9|target:%20_blank|&#8221; el_class=&#8221;btn_descargar_ficha&#8221;][\/vc_column][\/vc_row]<\/p>\n<\/section>","protected":false},"excerpt":{"rendered":"<p>[vc_row][vc_column][vc_column_text] [\/vc_column_text][\/vc_column][\/vc_row][vc_row][vc_column el_class=&#8221;descripcion_producto&#8221;][vc_column_text]Sora \u00e8 presentata come una delle novit\u00e0 di Newgarden. La lampada a sospensione Sora si ispira alle linee asiatiche, che in giapponese significano Paradiso. \u00c8 un modello senza<\/p>\n","protected":false},"featured_media":57601,"template":"","meta":[],"product_cat":[974,991,980,993],"product_tag":[953],"class_list":{"0":"post-64784","1":"product","2":"type-product","3":"status-publish","4":"has-post-thumbnail","6":"product_cat-lightdeco-it","7":"product_cat-lampada-portatile","8":"product_cat-lampade-a-sospensione","9":"product_cat-natale","10":"product_tag-batteria","12":"first","13":"instock","14":"taxable","15":"shipping-taxable","16":"purchasable","17":"product-type-variable"},"df_price":55,"df_sale_price":"","df_regular_price":55,"df_image_link":"https:\/\/developing.newgarden.es\/wp-content\/uploads\/2020\/02\/SORA_BATTERY_1200X1200-1-300x300.jpg","_links":{"self":[{"href":"https:\/\/developing.newgarden.es\/it\/wp-json\/wp\/v2\/product\/64784"}],"collection":[{"href":"https:\/\/developing.newgarden.es\/it\/wp-json\/wp\/v2\/product"}],"about":[{"href":"https:\/\/developing.newgarden.es\/it\/wp-json\/wp\/v2\/types\/product"}],"wp:featuredmedia":[{"embeddable":true,"href":"https:\/\/developing.newgarden.es\/it\/wp-json\/wp\/v2\/media\/57601"}],"wp:attachment":[{"href":"https:\/\/developing.newgarden.es\/it\/wp-json\/wp\/v2\/media?parent=64784"}],"wp:term":[{"taxonomy":"product_cat","embeddable":true,"href":"https:\/\/developing.newgarden.es\/it\/wp-json\/wp\/v2\/product_cat?post=64784"},{"taxonomy":"product_tag","embeddable":true,"href":"https:\/\/developing.newgarden.es\/it\/wp-json\/wp\/v2\/product_tag?post=64784"}],"curies":[{"name":"wp","href":"https:\/\/api.w.org\/{rel}","templated":true}]}}