{"id":64612,"date":"2020-02-19T12:17:17","date_gmt":"2020-02-19T11:17:17","guid":{"rendered":"https:\/\/newgarden.es\/shop\/senza-categoria\/tavolino-bora-con-luce\/"},"modified":"2024-06-11T09:51:57","modified_gmt":"2024-06-11T07:51:57","slug":"tavolino-bora-con-luce","status":"publish","type":"product","link":"https:\/\/developing.newgarden.es\/it\/shop\/mobili\/tavoli-e-tavolini\/tavolino-bora-con-luce\/","title":{"rendered":"TAVOLINO BORA CON LUCE"},"content":{"rendered":"<section class=\"wpb-content-wrapper\"><p>[vc_row][vc_column el_class=&#8221;descripcion_producto&#8221;][vc_column_text]<br \/>\nIl tavolino Bora \u00e8 una delle novit\u00e0 di punta di Newgarden.<\/p>\n<p>La sua forma cubica si adatta a qualsiasi spazio esterno o interno, al giardino, all&#8217;azienda o a qualsiasi angolo della nostra casa.<\/p>\n<p>\u00c8 un modello di tavolino molto stabile e modulare, che si pu\u00f2 trovare con piano in bamb\u00f9 o effetto marmo. \u00c8 disponibile anche con l&#8217;opzione di illuminazione a cavo a luce fredda e in bianco opaco.<\/p>\n<p>Il modello Bora \u00e8 realizzato in polietilene, quindi \u00e8 leggero e molto resistente alle temperature estreme. \u00c8 inoltre protetto dai raggi UV, il che rende la durata del prodotto straordinariamente lunga.<br \/>\n[\/vc_column_text][\/vc_column][\/vc_row][vc_row disable_element=&#8221;yes&#8221;][vc_column][vc_single_image image=&#8221;6566&#8243; img_size=&#8221;full&#8221;][\/vc_column][\/vc_row][vc_row][vc_column width=&#8221;1\/2&#8243;][vc_btn title=&#8221;FICHA T\u00c9CNICA WOOD&#8221; style=&#8221;custom&#8221; custom_background=&#8221;#009bc2&#8243; custom_text=&#8221;#ffffff&#8221; shape=&#8221;square&#8221; link=&#8221;url:https%3A%2F%2Fbit.ly%2F3tVZ84t|target:%20_blank|&#8221; el_class=&#8221;btn_descargar_ficha&#8221;][vc_btn title=&#8221;FICHA T\u00c9CNICA MARBLE&#8221; style=&#8221;custom&#8221; custom_background=&#8221;#009bc2&#8243; custom_text=&#8221;#ffffff&#8221; shape=&#8221;square&#8221; link=&#8221;url:https%3A%2F%2Fbit.ly%2F3ntNc6p|target:%20_blank|&#8221; el_class=&#8221;btn_descargar_ficha&#8221;][\/vc_column][vc_column width=&#8221;1\/2&#8243;][vc_btn title=&#8221;MANUAL DE INSTRUCCIONES WOOD&#8221; style=&#8221;custom&#8221; custom_background=&#8221;#009bc2&#8243; custom_text=&#8221;#ffffff&#8221; shape=&#8221;square&#8221; el_class=&#8221;btn_descargar_ficha&#8221; link=&#8221;url:https%3A%2F%2Fbit.ly%2F3OWTO8y|target:%20_blank|&#8221;][vc_btn title=&#8221;MANUAL DE INSTRUCCIONES MARBLE&#8221; style=&#8221;custom&#8221; custom_background=&#8221;#009bc2&#8243; custom_text=&#8221;#ffffff&#8221; shape=&#8221;square&#8221; el_class=&#8221;btn_descargar_ficha&#8221; link=&#8221;url:https%3A%2F%2Fbit.ly%2F3zRUMOT|target:%20_blank|&#8221;][\/vc_column][\/vc_row]<\/p>\n<\/section>","protected":false},"excerpt":{"rendered":"<h1 style=\"font-size: 12px;\">MESITA CON LUZ BORA<\/h1>\n","protected":false},"featured_media":62437,"template":"","meta":[],"product_cat":[977,988],"product_tag":[955,962,961],"class_list":{"0":"post-64612","1":"product","2":"type-product","3":"status-publish","4":"has-post-thumbnail","6":"product_cat-mobili","7":"product_cat-tavoli-e-tavolini","8":"product_tag-cavo","9":"product_tag-senza-fili-it","10":"product_tag-solare","12":"first","13":"instock","14":"taxable","15":"shipping-taxable","16":"purchasable","17":"product-type-variable"},"df_price":156.5,"df_sale_price":"","df_regular_price":156.5,"df_image_link":"https:\/\/developing.newgarden.es\/wp-content\/uploads\/2020\/02\/bora_1200x1200-5-300x300.jpg","_links":{"self":[{"href":"https:\/\/developing.newgarden.es\/it\/wp-json\/wp\/v2\/product\/64612"}],"collection":[{"href":"https:\/\/developing.newgarden.es\/it\/wp-json\/wp\/v2\/product"}],"about":[{"href":"https:\/\/developing.newgarden.es\/it\/wp-json\/wp\/v2\/types\/product"}],"wp:featuredmedia":[{"embeddable":true,"href":"https:\/\/developing.newgarden.es\/it\/wp-json\/wp\/v2\/media\/62437"}],"wp:attachment":[{"href":"https:\/\/developing.newgarden.es\/it\/wp-json\/wp\/v2\/media?parent=64612"}],"wp:term":[{"taxonomy":"product_cat","embeddable":true,"href":"https:\/\/developing.newgarden.es\/it\/wp-json\/wp\/v2\/product_cat?post=64612"},{"taxonomy":"product_tag","embeddable":true,"href":"https:\/\/developing.newgarden.es\/it\/wp-json\/wp\/v2\/product_tag?post=64612"}],"curies":[{"name":"wp","href":"https:\/\/api.w.org\/{rel}","templated":true}]}}