{"id":57591,"date":"2020-02-19T10:05:17","date_gmt":"2020-02-19T09:05:17","guid":{"rendered":"https:\/\/newgarden.es\/shop\/senza-categoria\/lampada-portatile-bita\/"},"modified":"2024-05-27T16:12:28","modified_gmt":"2024-05-27T14:12:28","slug":"lampada-portatile-bita","status":"publish","type":"product","link":"https:\/\/developing.newgarden.es\/it\/shop\/lightdeco-it\/lampade-a-sospensione\/lampada-portatile-bita\/","title":{"rendered":"LAMPADA PORTATILE BITA"},"content":{"rendered":"<section class=\"wpb-content-wrapper\"><p>[vc_row][vc_column][vc_column_text]<\/p>\n<p>[\/vc_column_text][\/vc_column][\/vc_row][vc_row][vc_column el_class=&#8221;descripcion_producto&#8221;][vc_column_text]Bita se presenta como una de las novedades mas atractivas de Newgarden.<\/p>\n<p>La l\u00e1mpara colgante Bita est\u00e1 inspirada en los postes de madera o de hierro que sirven para dar vuelta a los cabos cuando fond\u00e9a un barco. El modelo Bita es perfecto para colgar en cualquier rinc\u00f3n de exterior y como decoraci\u00f3n para iluminar cualquier jard\u00edn o negocio.<\/p>\n<p>Es un modelo inal\u00e1mbrico, con luz LED en 128 colores + luz c\u00e1lida. Se maneja con mando a distancia y se carga a la corriente. Tiene una autonom\u00eda de 12-36 horas, dependiendo del color de la luz en el que lo enciendas. Ideal para exteriores o como lampara port\u00e1til para llevar a todos sitios: playa, piscina y fiestas.<\/p>\n<p>Esta disponible en 3 colores: gris espacial, rosa o beige.<\/p>\n<p><em>Los productos Newgarden est\u00e1n fabricados en Polietileno, por lo que son ligeros y muy resistentes. Soportan cambios extremos de temperatura y est\u00e1n protegidos contra los rayos UV, haciendo que la vida \u00fatil del producto sea casi ilimitada.<\/em>[\/vc_column_text][\/vc_column][\/vc_row][vc_row disable_element=&#8221;yes&#8221;][vc_column][vc_single_image image=&#8221;6566&#8243; img_size=&#8221;full&#8221;][\/vc_column][\/vc_row][vc_row][vc_column width=&#8221;1\/2&#8243;][vc_btn title=&#8221;<\/p>\n<p>SCHEDA TECNICA BEIGE<\/p>\n<p>&#8221; style=&#8221;custom&#8221; custom_background=&#8221;#009bc2&#8243; custom_text=&#8221;#ffffff&#8221; link=&#8221;url:https%3A%2F%2Fbit.ly%2F3ndv1Bq|target:%20_blank|&#8221; el_class=&#8221;btn_descargar_ficha&#8221;][vc_btn title=&#8221;FICHA T\u00c9CNICA GRIS&#8221; style=&#8221;custom&#8221; custom_background=&#8221;#009bc2&#8243; custom_text=&#8221;#ffffff&#8221; link=&#8221;url:https%3A%2F%2Fbit.ly%2F3OwccVR|target:%20_blank|&#8221; el_class=&#8221;btn_descargar_ficha&#8221;][vc_btn title=&#8221;FICHA T\u00c9CNICA ROSA&#8221; style=&#8221;custom&#8221; custom_background=&#8221;#009bc2&#8243; custom_text=&#8221;#ffffff&#8221; link=&#8221;url:https%3A%2F%2Fbit.ly%2F39HemU2|target:%20_blank|&#8221; el_class=&#8221;btn_descargar_ficha&#8221;][\/vc_column][vc_column width=&#8221;1\/2&#8243;][vc_btn title=&#8221;<\/p>\n<p>MANUALE DI ISTRUZIONI<\/p>\n<p>&#8221; style=&#8221;custom&#8221; custom_background=&#8221;#009bc2&#8243; custom_text=&#8221;#ffffff&#8221; link=&#8221;url:https%3A%2F%2Fbit.ly%2F3zZ9SST|target:%20_blank|&#8221; el_class=&#8221;btn_descargar_ficha&#8221;][vc_btn title=&#8221;MANUAL DE INSTRUCCIONES GRIS&#8221; style=&#8221;custom&#8221; custom_background=&#8221;#009bc2&#8243; custom_text=&#8221;#ffffff&#8221; link=&#8221;url:https%3A%2F%2Fbit.ly%2F3zTfBZp|target:%20_blank|&#8221; el_class=&#8221;btn_descargar_ficha&#8221;][vc_btn title=&#8221;MANUAL DE INSTRUCCIONES ROSA&#8221; style=&#8221;custom&#8221; custom_background=&#8221;#009bc2&#8243; custom_text=&#8221;#ffffff&#8221; link=&#8221;url:https%3A%2F%2Fbit.ly%2F3SqvezL|target:%20_blank|&#8221; el_class=&#8221;btn_descargar_ficha&#8221;][\/vc_column][\/vc_row]<\/p>\n<\/section>","protected":false},"excerpt":{"rendered":"<p>[vc_row][vc_column][vc_column_text] [\/vc_column_text][\/vc_column][\/vc_row][vc_row][vc_column el_class=&#8221;descripcion_producto&#8221;][vc_column_text]Bita se presenta como una de las novedades mas atractivas de Newgarden. La l\u00e1mpara colgante Bita est\u00e1 inspirada en los postes de madera o de hierro que sirven<\/p>\n","protected":false},"featured_media":57557,"template":"","meta":[],"product_cat":[974,991,980,993],"product_tag":[953],"class_list":{"0":"post-57591","1":"product","2":"type-product","3":"status-publish","4":"has-post-thumbnail","6":"product_cat-lightdeco-it","7":"product_cat-lampada-portatile","8":"product_cat-lampade-a-sospensione","9":"product_cat-natale","10":"product_tag-batteria","12":"first","13":"instock","14":"taxable","15":"shipping-taxable","16":"purchasable","17":"product-type-variable"},"df_price":55,"df_sale_price":"","df_regular_price":55,"df_image_link":"https:\/\/developing.newgarden.es\/wp-content\/uploads\/2020\/02\/BITA_1200X1200-5-1-300x300.jpg","_links":{"self":[{"href":"https:\/\/developing.newgarden.es\/it\/wp-json\/wp\/v2\/product\/57591"}],"collection":[{"href":"https:\/\/developing.newgarden.es\/it\/wp-json\/wp\/v2\/product"}],"about":[{"href":"https:\/\/developing.newgarden.es\/it\/wp-json\/wp\/v2\/types\/product"}],"wp:featuredmedia":[{"embeddable":true,"href":"https:\/\/developing.newgarden.es\/it\/wp-json\/wp\/v2\/media\/57557"}],"wp:attachment":[{"href":"https:\/\/developing.newgarden.es\/it\/wp-json\/wp\/v2\/media?parent=57591"}],"wp:term":[{"taxonomy":"product_cat","embeddable":true,"href":"https:\/\/developing.newgarden.es\/it\/wp-json\/wp\/v2\/product_cat?post=57591"},{"taxonomy":"product_tag","embeddable":true,"href":"https:\/\/developing.newgarden.es\/it\/wp-json\/wp\/v2\/product_tag?post=57591"}],"curies":[{"name":"wp","href":"https:\/\/api.w.org\/{rel}","templated":true}]}}