{"id":46882,"date":"2023-02-21T12:24:46","date_gmt":"2023-02-21T11:24:52","guid":{"rendered":"https:\/\/newgarden.es\/?post_type=product&#038;p=46882"},"modified":"2024-05-31T09:01:18","modified_gmt":"2024-05-31T07:01:18","slug":"lampada-decorativa-a-batteria-sardinia-30","status":"publish","type":"product","link":"https:\/\/developing.newgarden.es\/it\/shop\/lightdeco-it\/lampade-da-tavolo\/lampada-decorativa-a-batteria-sardinia-30\/","title":{"rendered":"LAMPADA DECORATIVA A BATTERIA SARDINIA 30"},"content":{"rendered":"<section class=\"wpb-content-wrapper\"><p>[vc_row][vc_column][vc_column_text][\/vc_column_text][\/vc_column][\/vc_row][vc_row][vc_column el_class=&#8221;descripcion_producto&#8221;][vc_column_text]Sardinia 30 battery ha tutto per diventare la lampada da tavolo perfetta, puoi posizionarla su un tavolo, su una scrivania o in una camera da letto, perch\u00e9 con un&#8217;altezza di 28 cm si adatta a qualsiasi spazio. Per regolare l&#8217;intensit\u00e0 basta premere il pulsante superiore. La durata della batteria pu\u00f2 arrivare fino a 20 ore (a seconda dell&#8217;intensit\u00e0 della luce durante l&#8217;uso) Puoi combinarla con l&#8217;altra lampada della famiglia: Sardinia 40<\/p>\n<p>Sardinia 30 Battery incorpora un&#8217;asta di altezza extra per ridurre le sue dimensioni fino a 16 cm di altezza, in modo da poter godere di 2 lampade in 1.<\/p>\n<p>Sardinia 30 \u00e8 una lampada da tavolo a batteria, realizzata in ferro verniciato e disponibile in due diversi colori: Bianco o antracite. Il suo design dalle linee semplici e arrotondate si ispira alla costa sarda.<br \/>\n[\/vc_column_text][\/vc_column][\/vc_row][vc_row][vc_column width=&#8221;1\/2&#8243;][vc_btn title=&#8221;SCHEDA TECNICA ANTRACITE&#8221; style=&#8221;custom&#8221; custom_background=&#8221;#009bc2&#8243; custom_text=&#8221;#ffffff&#8221; shape=&#8221;square&#8221; link=&#8221;url:https%3A%2F%2Fbit.ly%2F3EnXQ7e|target:%20_blank|rel:nofollow|&#8221; el_class=&#8221;btn_descargar_ficha&#8221;][vc_btn title=&#8221;SCHEDA TECNICA BIANCO&#8221; style=&#8221;custom&#8221; custom_background=&#8221;#009bc2&#8243; custom_text=&#8221;#ffffff&#8221; shape=&#8221;square&#8221; link=&#8221;url:https%3A%2F%2Fbit.ly%2F3k9csRn|target:%20_blank|rel:nofollow|&#8221; el_class=&#8221;btn_descargar_ficha&#8221;][\/vc_column][vc_column width=&#8221;1\/2&#8243;][vc_btn title=&#8221;MANUALE DI ISTRUZIONI&#8221; style=&#8221;custom&#8221; custom_background=&#8221;#009bc2&#8243; custom_text=&#8221;#ffffff&#8221; shape=&#8221;square&#8221; link=&#8221;url:https%3A%2F%2Fbit.ly%2F3XPDevR|target:%20_blank|&#8221; el_class=&#8221;btn_descargar_ficha&#8221;][vc_btn title=&#8221;MANUALE DI ISTRUZIONI&#8221; style=&#8221;custom&#8221; custom_background=&#8221;#009bc2&#8243; custom_text=&#8221;#ffffff&#8221; shape=&#8221;square&#8221; link=&#8221;url:https%3A%2F%2Fbit.ly%2F3ZaUi02|target:%20_blank|&#8221; el_class=&#8221;btn_descargar_ficha&#8221;][\/vc_column][vc_column][\/vc_column][\/vc_row]<\/p>\n<\/section>","protected":false},"excerpt":{"rendered":"<h1 style=\"font-size: 12px;\">Lampada decorativa a batteria SARDINIA 30<\/h1>\n","protected":false},"featured_media":60377,"template":"","meta":[],"product_cat":[1697,974,983,1588],"product_tag":[],"class_list":{"0":"post-46882","1":"product","2":"type-product","3":"status-publish","4":"has-post-thumbnail","6":"product_cat-productos-it","7":"product_cat-lightdeco-it","8":"product_cat-lampade-da-tavolo","9":"product_cat-interni-it-it","11":"first","12":"instock","13":"taxable","14":"shipping-taxable","15":"purchasable","16":"product-type-variable"},"df_price":29,"df_sale_price":"","df_regular_price":29,"df_image_link":"https:\/\/developing.newgarden.es\/wp-content\/uploads\/2023\/02\/SARDINIA_30_BATTERY_1200X1200-1-300x300.jpg","_links":{"self":[{"href":"https:\/\/developing.newgarden.es\/it\/wp-json\/wp\/v2\/product\/46882"}],"collection":[{"href":"https:\/\/developing.newgarden.es\/it\/wp-json\/wp\/v2\/product"}],"about":[{"href":"https:\/\/developing.newgarden.es\/it\/wp-json\/wp\/v2\/types\/product"}],"wp:featuredmedia":[{"embeddable":true,"href":"https:\/\/developing.newgarden.es\/it\/wp-json\/wp\/v2\/media\/60377"}],"wp:attachment":[{"href":"https:\/\/developing.newgarden.es\/it\/wp-json\/wp\/v2\/media?parent=46882"}],"wp:term":[{"taxonomy":"product_cat","embeddable":true,"href":"https:\/\/developing.newgarden.es\/it\/wp-json\/wp\/v2\/product_cat?post=46882"},{"taxonomy":"product_tag","embeddable":true,"href":"https:\/\/developing.newgarden.es\/it\/wp-json\/wp\/v2\/product_tag?post=46882"}],"curies":[{"name":"wp","href":"https:\/\/api.w.org\/{rel}","templated":true}]}}