{"id":46728,"date":"2023-02-21T11:40:43","date_gmt":"2023-02-21T10:40:47","guid":{"rendered":"https:\/\/newgarden.es\/?post_type=product&#038;p=46728"},"modified":"2024-06-03T08:17:22","modified_gmt":"2024-06-03T06:17:22","slug":"lampada-decorativa-a-batteria-lampada-da-tavolo-gretita","status":"publish","type":"product","link":"https:\/\/developing.newgarden.es\/it\/shop\/lightdeco-it\/lampade-da-tavolo\/lampada-decorativa-a-batteria-lampada-da-tavolo-gretita\/","title":{"rendered":"LAMPADA DECORATIVA A BATTERIA LAMPADA DA TAVOLO GRETITA &#8211; BIANCO"},"content":{"rendered":"<section class=\"wpb-content-wrapper\"><p>[vc_row][vc_column][vc_column_text][\/vc_column_text][\/vc_column][\/vc_row][vc_row][vc_column el_class=&#8221;descripcion_producto&#8221;][vc_column_text]La lampada da tavolo Gretita \u00e8 una lampada da tavolo perfetta, che pu\u00f2 essere collocata in qualsiasi spazio della casa o del giardino e sicuramente non lascer\u00e0 nessuno indifferente. \u00c8 ideale per dare un punto luce al tavolo senza bisogno di cavi. \u00c8 realizzato in plastica riciclata e richiede solo 3 batterie AAA per funzionare. Per accenderla e regolarne l&#8217;intensit\u00e0, basta premere il pulsante sulla superficie del paralume. Combinate questa lampada con gli altri prodotti della famiglia Gretita per creare spazi pieni di luce e di tendenza. La lampada da tavolo Gretita \u00e8 disponibile in due diversi colori: bianco o antracite.<br \/>\n[\/vc_column_text][\/vc_column][\/vc_row][vc_row][vc_column width=&#8221;1\/2&#8243;][vc_btn title=&#8221;SCHEDA TECNICA&#8221; style=&#8221;custom&#8221; custom_background=&#8221;#009bc2&#8243; custom_text=&#8221;#ffffff&#8221; shape=&#8221;square&#8221; link=&#8221;url:https%3A%2F%2Fbit.ly%2F3KxKkBQ|target:%20_blank|rel:nofollow|&#8221; el_class=&#8221;btn_descargar_ficha&#8221;][\/vc_column][vc_column width=&#8221;1\/2&#8243;][vc_btn title=&#8221;MANUALE DI ISTRUZIONI&#8221; style=&#8221;custom&#8221; custom_background=&#8221;#009bc2&#8243; custom_text=&#8221;#ffffff&#8221; shape=&#8221;square&#8221; link=&#8221;url:https%3A%2F%2Fbit.ly%2F3kfz1no|target:%20_blank|&#8221; el_class=&#8221;btn_descargar_ficha&#8221;][\/vc_column][vc_column][\/vc_column][\/vc_row]<\/p>\n<\/section>","protected":false},"excerpt":{"rendered":"<h1 style=\"font-size: 12px;\">Lampada decorativa a batteria LAMPADA DA TAVOLO GRETITA<\/h1>\n","protected":false},"featured_media":60847,"template":"","meta":[],"product_cat":[1697,974,983,991,1588],"product_tag":[],"class_list":{"0":"post-46728","1":"product","2":"type-product","3":"status-publish","4":"has-post-thumbnail","6":"product_cat-productos-it","7":"product_cat-lightdeco-it","8":"product_cat-lampade-da-tavolo","9":"product_cat-lampada-portatile","10":"product_cat-interni-it-it","12":"first","13":"instock","14":"taxable","15":"shipping-taxable","16":"purchasable","17":"product-type-variable"},"df_price":59.4,"df_sale_price":"","df_regular_price":59.4,"df_image_link":"https:\/\/developing.newgarden.es\/wp-content\/uploads\/2023\/02\/GRETITA_TABLE_AAA_1200X1200-26-300x300.jpg","_links":{"self":[{"href":"https:\/\/developing.newgarden.es\/it\/wp-json\/wp\/v2\/product\/46728"}],"collection":[{"href":"https:\/\/developing.newgarden.es\/it\/wp-json\/wp\/v2\/product"}],"about":[{"href":"https:\/\/developing.newgarden.es\/it\/wp-json\/wp\/v2\/types\/product"}],"wp:featuredmedia":[{"embeddable":true,"href":"https:\/\/developing.newgarden.es\/it\/wp-json\/wp\/v2\/media\/60847"}],"wp:attachment":[{"href":"https:\/\/developing.newgarden.es\/it\/wp-json\/wp\/v2\/media?parent=46728"}],"wp:term":[{"taxonomy":"product_cat","embeddable":true,"href":"https:\/\/developing.newgarden.es\/it\/wp-json\/wp\/v2\/product_cat?post=46728"},{"taxonomy":"product_tag","embeddable":true,"href":"https:\/\/developing.newgarden.es\/it\/wp-json\/wp\/v2\/product_tag?post=46728"}],"curies":[{"name":"wp","href":"https:\/\/api.w.org\/{rel}","templated":true}]}}