{"id":46232,"date":"2023-02-03T08:25:03","date_gmt":"2023-02-03T07:25:09","guid":{"rendered":"https:\/\/newgarden.es\/?post_type=product&#038;p=46232"},"modified":"2024-05-27T10:18:15","modified_gmt":"2024-05-27T08:18:15","slug":"lampadina-portatile-ricaricabile-cherry-mini","status":"publish","type":"product","link":"https:\/\/developing.newgarden.es\/it\/shop\/lightdeco-it\/lampada-da-parete\/lampadina-portatile-ricaricabile-cherry-mini\/","title":{"rendered":"MINI LAMPADINA PORTATILE RICARICABILE CHERRY (3 PEZZI)"},"content":{"rendered":"<section class=\"wpb-content-wrapper\"><p>[vc_row][vc_column][vc_column_text][\/vc_column_text][\/vc_column][\/vc_row][vc_row][vc_column][vc_column_text]Cherry Mini \u00e8 la lampadina portatile ricaricabile pi\u00f9 versatile che si possa trovare sul mercato; le sue dimensioni ridotte la rendono adatta a qualsiasi luogo, sia a casa che in viaggio.\u00a0<strong>Cherry Mini \u00e8 perfetta per illuminare aree difficili da raggiungere o dove non si dispone di una presa elettrica,<\/strong>\u00a0\u00e8 perfetta per il campeggio, appesa all&#8217;ombrellone, persino nello zaino per una passeggiata in montagna&#8230; impossibile non portarla con s\u00e9 come luce ausiliaria. Poich\u00e9 non necessita di installazione, \u00e8 dotato di un potente magnete integrato per aderire a qualsiasi superficie metallica e di un gancio per appenderlo a qualsiasi lampada o albero del giardino.\u00a0<strong>La sua potenza \u00e8 di 350 lumen di intensit\u00e0 massima.<\/strong><\/p>\n<p><strong>Ogni confezione di Cherry Mini comprende 3 lampadine.<\/strong>\u00a0Ogni lampadina \u00e8 dotata di un gancio di sospensione e di una piastra metallica adesiva per aumentare le possibilit\u00e0 di posizionamento. Include anche un telecomando che consente di accenderli e spegnerli e di regolarne l&#8217;intensit\u00e0.<\/p>\n<p>Pagherete 5 scatole di CHERRI MINI (ogni scatola contiene 3 ciliegie mini)<br \/>\n[\/vc_column_text][\/vc_column][\/vc_row][vc_row][vc_column width=&#8221;1\/2&#8243;][vc_btn title=&#8221;SCHEDA TECNICA&#8221; style=&#8221;custom&#8221; custom_background=&#8221;#009bc2&#8243; custom_text=&#8221;#ffffff&#8221; shape=&#8221;square&#8221; link=&#8221;url:https%3A%2F%2Fbit.ly%2F3RFINeV|target:%20_blank|&#8221; el_class=&#8221;btn_descargar_ficha&#8221;][\/vc_column][vc_column width=&#8221;1\/2&#8243;][vc_btn title=&#8221;MANUALE DI ISTRUZIONI&#8221; style=&#8221;custom&#8221; custom_background=&#8221;#009bc2&#8243; custom_text=&#8221;#ffffff&#8221; shape=&#8221;square&#8221; link=&#8221;url:https%3A%2F%2Fbit.ly%2F3DAVRw5|target:%20_blank|&#8221; el_class=&#8221;btn_descargar_ficha&#8221;][\/vc_column][vc_column][\/vc_column][\/vc_row]<\/p>\n<\/section>","protected":false},"excerpt":{"rendered":"<p>[vc_row][vc_column][vc_column_text][\/vc_column_text][\/vc_column][\/vc_row][vc_row][vc_column][vc_column_text]Cherry Mini \u00e8 la lampadina portatile ricaricabile pi\u00f9 versatile che si possa trovare sul mercato; le sue dimensioni ridotte la rendono adatta a qualsiasi luogo, sia a casa che in<\/p>\n","protected":false},"featured_media":57028,"template":"","meta":[],"product_cat":[974,969,991],"product_tag":[953,962],"class_list":{"0":"post-46232","1":"product","2":"type-product","3":"status-publish","4":"has-post-thumbnail","6":"product_cat-lightdeco-it","7":"product_cat-lampada-da-parete","8":"product_cat-lampada-portatile","9":"product_tag-batteria","10":"product_tag-senza-fili-it","12":"first","13":"instock","14":"taxable","15":"shipping-taxable","16":"purchasable","17":"product-type-variable"},"df_price":30.1,"df_sale_price":"","df_regular_price":30.1,"df_image_link":"https:\/\/developing.newgarden.es\/wp-content\/uploads\/2023\/02\/CHERRY_MINI_BATTERY_1200X1200-5-300x300.jpg","_links":{"self":[{"href":"https:\/\/developing.newgarden.es\/it\/wp-json\/wp\/v2\/product\/46232"}],"collection":[{"href":"https:\/\/developing.newgarden.es\/it\/wp-json\/wp\/v2\/product"}],"about":[{"href":"https:\/\/developing.newgarden.es\/it\/wp-json\/wp\/v2\/types\/product"}],"wp:featuredmedia":[{"embeddable":true,"href":"https:\/\/developing.newgarden.es\/it\/wp-json\/wp\/v2\/media\/57028"}],"wp:attachment":[{"href":"https:\/\/developing.newgarden.es\/it\/wp-json\/wp\/v2\/media?parent=46232"}],"wp:term":[{"taxonomy":"product_cat","embeddable":true,"href":"https:\/\/developing.newgarden.es\/it\/wp-json\/wp\/v2\/product_cat?post=46232"},{"taxonomy":"product_tag","embeddable":true,"href":"https:\/\/developing.newgarden.es\/it\/wp-json\/wp\/v2\/product_tag?post=46232"}],"curies":[{"name":"wp","href":"https:\/\/api.w.org\/{rel}","templated":true}]}}