{"id":43836,"date":"2022-04-18T09:38:44","date_gmt":"2022-04-18T07:38:48","guid":{"rendered":"https:\/\/newgarden.es\/?post_type=product&#038;p=43836"},"modified":"2024-06-14T12:00:41","modified_gmt":"2024-06-14T10:00:41","slug":"lampara-de-pie-sin-cavi-con-carga-solare-okinawa","status":"publish","type":"product","link":"https:\/\/developing.newgarden.es\/it\/shop\/lightdeco-it\/lampade-da-terra\/lampara-de-pie-sin-cavi-con-carga-solare-okinawa\/","title":{"rendered":"LAMPADA DA TERRA SENZA FILO CON RICARICA SOLARE OKINAWA"},"content":{"rendered":"<section class=\"wpb-content-wrapper\"><p>[vc_row][vc_column][vc_column_text][\/vc_column_text][\/vc_column][\/vc_row][vc_row][vc_column][vc_column_text]Okinawa \u00e8 una lampada da terra che non ha bisogno di cavi, da portare ovunque si voglia. Okinawa \u00e8 realizzata in robusto bamb\u00f9 naturale laccato per l&#8217;uso all&#8217;aperto sotto un tetto. Il suo design innovativo la rende un must sia all&#8217;interno che all&#8217;esterno della casa. \u00c8 dotata di un vassoio ausiliario.<\/p>\n<p>Incorpora una lampadina portatile ricaricabile da 900 lumen che non richiede installazione: basta avvicinarla alla lampada e questa aderir\u00e0 grazie alla sua base magnetica. Questa lampadina include anche un telecomando per accenderla, spegnerla e regolarne l&#8217;intensit\u00e0.<\/p>\n<p>Un pannello solare \u00e8 incorporato nella parte superiore per rendere pi\u00f9 facile e veloce la ricarica della lampadina.<\/p>\n<p>&nbsp;<\/p>\n<ul class=\"tablaTech\">\n<li>\n<div class=\"boxContents no-border\">\n<div class=\"name\"><strong>DIMENSIONE<\/strong><\/div>\n<div class=\"data\">\u00f840\u00a0x\u00a0170 cm<\/div>\n<\/div>\n<\/li>\n<\/ul>\n<p>[\/vc_column_text][\/vc_column][\/vc_row][vc_row][vc_column width=&#8221;1\/2&#8243;][vc_btn title=&#8221;SCHEDA TECNICA&#8221; style=&#8221;custom&#8221; custom_background=&#8221;#009bc2&#8243; custom_text=&#8221;#ffffff&#8221; shape=&#8221;square&#8221; el_class=&#8221;btn_descargar_ficha&#8221; link=&#8221;url:https%3A%2F%2Fbit.ly%2F3OAxv8D|target:%20_blank|&#8221;][\/vc_column][vc_column width=&#8221;1\/2&#8243;][vc_btn title=&#8221;MANUALE DI ISTRUZIONI&#8221; style=&#8221;custom&#8221; custom_background=&#8221;#009bc2&#8243; custom_text=&#8221;#ffffff&#8221; shape=&#8221;square&#8221; el_class=&#8221;btn_descargar_ficha&#8221; link=&#8221;url:https%3A%2F%2Fbit.ly%2F3Swxrdd|target:%20_blank|&#8221;][\/vc_column][\/vc_row]<\/p>\n<\/section>","protected":false},"excerpt":{"rendered":"<p><strong>Lampada da terra senza filo con ricarica solare OKINAWA<\/strong><\/p>\n","protected":false},"featured_media":63138,"template":"","meta":[],"product_cat":[1697,974,985],"product_tag":[953,962],"class_list":{"0":"post-43836","1":"product","2":"type-product","3":"status-publish","4":"has-post-thumbnail","6":"product_cat-productos-it","7":"product_cat-lightdeco-it","8":"product_cat-lampade-da-terra","9":"product_tag-batteria","10":"product_tag-senza-fili-it","12":"first","13":"instock","14":"taxable","15":"shipping-taxable","16":"purchasable","17":"product-type-variable"},"df_price":199,"df_sale_price":"","df_regular_price":199,"df_image_link":"https:\/\/developing.newgarden.es\/wp-content\/uploads\/2022\/04\/OKINAWA_FLOORLAMP_BATTERY_1200X1200-15-300x300.jpg","_links":{"self":[{"href":"https:\/\/developing.newgarden.es\/it\/wp-json\/wp\/v2\/product\/43836"}],"collection":[{"href":"https:\/\/developing.newgarden.es\/it\/wp-json\/wp\/v2\/product"}],"about":[{"href":"https:\/\/developing.newgarden.es\/it\/wp-json\/wp\/v2\/types\/product"}],"wp:featuredmedia":[{"embeddable":true,"href":"https:\/\/developing.newgarden.es\/it\/wp-json\/wp\/v2\/media\/63138"}],"wp:attachment":[{"href":"https:\/\/developing.newgarden.es\/it\/wp-json\/wp\/v2\/media?parent=43836"}],"wp:term":[{"taxonomy":"product_cat","embeddable":true,"href":"https:\/\/developing.newgarden.es\/it\/wp-json\/wp\/v2\/product_cat?post=43836"},{"taxonomy":"product_tag","embeddable":true,"href":"https:\/\/developing.newgarden.es\/it\/wp-json\/wp\/v2\/product_tag?post=43836"}],"curies":[{"name":"wp","href":"https:\/\/api.w.org\/{rel}","templated":true}]}}