{"id":43724,"date":"2022-04-13T15:06:44","date_gmt":"2022-04-13T13:06:58","guid":{"rendered":"https:\/\/newgarden.es\/?post_type=product&#038;p=43724"},"modified":"2024-06-03T08:50:07","modified_gmt":"2024-06-03T06:50:07","slug":"lampade-da-tavolo-norai-slim-30","status":"publish","type":"product","link":"https:\/\/developing.newgarden.es\/it\/shop\/lightdeco-it\/lampade-da-tavolo\/lampade-da-tavolo-norai-slim-30\/","title":{"rendered":"LAMPADE DA TAVOLO NORAI SLIM 30"},"content":{"rendered":"<section class=\"wpb-content-wrapper\"><p>[vc_row][vc_column][vc_column_text][\/vc_column_text][\/vc_column][\/vc_row][vc_row][vc_column el_class=&#8221;descripcion_producto&#8221;][vc_column_text]La l\u00e1mpara de mesa Norai Slim 30 (\u00f811&#215;35 cm) puede convertirse en un indispensable dentro de tu hogar. Es ideal para cualquier rinc\u00f3n de tu hogar, zonas infantiles o habitaciones. Debido a su peque\u00f1o tama\u00f1o es perfecta para decorar e iluminar mesas de restaurantes, bares, terrazas, hoteles o negocios. Dispone de un bot\u00f3n con encendido t\u00e1ctil, con el cual tambi\u00e9n podremos regular el nivel de intensidad de la luz.<\/p>\n<p>El cuerpo de la l\u00e1mpara est\u00e1 fabricado en metal y est\u00e1 disponible en cinco colores diferentes.<\/p>\n<ul class=\"tablaTech\">\n<li>\n<div class=\"boxContents no-border\">\n<div class=\"name\"><strong>TAMA\u00d1O<\/strong><\/div>\n<div class=\"data\">\u00f811,5 x 35 cm<\/div>\n<\/div>\n<\/li>\n<\/ul>\n<p>[\/vc_column_text][\/vc_column][\/vc_row][vc_row][vc_column width=&#8221;1\/2&#8243;][vc_btn title=&#8221;SCHEDA TECNICA&#8221; style=&#8221;custom&#8221; custom_background=&#8221;#009bc2&#8243; custom_text=&#8221;#ffffff&#8221; shape=&#8221;square&#8221; link=&#8221;url:https%3A%2F%2Fbit.ly%2F3zPFFFT|target:%20_blank|rel:nofollow|&#8221; el_class=&#8221;btn_descargar_ficha&#8221;][\/vc_column][vc_column width=&#8221;1\/2&#8243;][vc_btn title=&#8221;MANUALE DI ISTRUZIONI&#8221; style=&#8221;custom&#8221; custom_background=&#8221;#009bc2&#8243; custom_text=&#8221;#ffffff&#8221; shape=&#8221;square&#8221; link=&#8221;url:https%3A%2F%2Fbit.ly%2F3Bxbi8r|target:%20_blank|&#8221; el_class=&#8221;btn_descargar_ficha&#8221;][\/vc_column][vc_column][\/vc_column][\/vc_row]<\/p>\n<\/section>","protected":false},"excerpt":{"rendered":"<h1 style=\"font-size: 12px;\">Lampade da tavolo Norai Slim 30<\/h1>\n","protected":false},"featured_media":61073,"template":"","meta":[],"product_cat":[1697,974,983,1588],"product_tag":[],"class_list":{"0":"post-43724","1":"product","2":"type-product","3":"status-publish","4":"has-post-thumbnail","6":"product_cat-productos-it","7":"product_cat-lightdeco-it","8":"product_cat-lampade-da-tavolo","9":"product_cat-interni-it-it","11":"first","12":"instock","13":"taxable","14":"shipping-taxable","15":"purchasable","16":"product-type-variable"},"df_price":33.6,"df_sale_price":"","df_regular_price":33.6,"df_image_link":"https:\/\/developing.newgarden.es\/wp-content\/uploads\/2022\/04\/NORAI_SLIM_35_BATTERY_1200X1200-1-300x300.jpg","_links":{"self":[{"href":"https:\/\/developing.newgarden.es\/it\/wp-json\/wp\/v2\/product\/43724"}],"collection":[{"href":"https:\/\/developing.newgarden.es\/it\/wp-json\/wp\/v2\/product"}],"about":[{"href":"https:\/\/developing.newgarden.es\/it\/wp-json\/wp\/v2\/types\/product"}],"wp:featuredmedia":[{"embeddable":true,"href":"https:\/\/developing.newgarden.es\/it\/wp-json\/wp\/v2\/media\/61073"}],"wp:attachment":[{"href":"https:\/\/developing.newgarden.es\/it\/wp-json\/wp\/v2\/media?parent=43724"}],"wp:term":[{"taxonomy":"product_cat","embeddable":true,"href":"https:\/\/developing.newgarden.es\/it\/wp-json\/wp\/v2\/product_cat?post=43724"},{"taxonomy":"product_tag","embeddable":true,"href":"https:\/\/developing.newgarden.es\/it\/wp-json\/wp\/v2\/product_tag?post=43724"}],"curies":[{"name":"wp","href":"https:\/\/api.w.org\/{rel}","templated":true}]}}