{"id":42735,"date":"2022-03-14T14:59:00","date_gmt":"2022-03-14T13:59:06","guid":{"rendered":"https:\/\/newgarden.es\/?post_type=product&#038;p=42735"},"modified":"2022-04-05T10:24:06","modified_gmt":"2022-04-05T08:24:06","slug":"lampadina-portatile-ricaricabile-edy","status":"publish","type":"product","link":"https:\/\/developing.newgarden.es\/it\/shop\/lightdeco-it\/lampade-a-sospensione\/lampadina-portatile-ricaricabile-edy\/","title":{"rendered":"EDY A100 cordless portatile con lampadina vintage"},"content":{"rendered":"<section class=\"wpb-content-wrapper\"><p>[vc_row][vc_column][vc_column_text][\/vc_column_text][\/vc_column][\/vc_row][vc_row][vc_column][vc_column_text]La lampadina vintage portatile senza fili EDY A100 non richiede installazione, basta appenderla o avvicinarla a una zona metallica e aderir\u00e0 grazie alla sua base magnetizzata.<strong>\u00a0Incorpora un filamento LED di grande luminosit\u00e0 e il suo rivestimento plastico che simula il vetro fum\u00e9 \u00e8 altamente resistente, quasi infrangibile.<\/strong>\u00a0Include un gancio di metallo per appendere e un cavo di due metri.<\/p>\n<p>Questa lampadina include anche un telecomando per accenderla e spegnerla, regolare la sua intensit\u00e0 e utilizzare le funzioni di luce fissa o effetto fiamma.<\/p>\n<p>Ha 400 lumen e un&#8217;autonomia fino a 25 ore a seconda della sua intensit\u00e0.<\/p>\n<p>&nbsp;<\/p>\n<ul class=\"tablaTech\">\n<li>\n<div class=\"boxContents no-border\">\n<div class=\"name\"><strong>DIMENSIONE<\/strong><\/div>\n<div class=\"data\">\u00f810 x 23,3 cm<\/div>\n<\/div>\n<\/li>\n<\/ul>\n<p>[\/vc_column_text][\/vc_column][\/vc_row][vc_row][vc_column width=&#8221;1\/2&#8243;][vc_btn title=&#8221;SCHEDA TECNICA&#8221; style=&#8221;custom&#8221; custom_background=&#8221;#009bc2&#8243; custom_text=&#8221;#ffffff&#8221; shape=&#8221;square&#8221; link=&#8221;url:https%3A%2F%2Fdrive.google.com%2Fdrive%2Ffolders%2F1TdAneJwxlfpLpF1fgByYvde4YfU7hNWK||target:%20_blank|&#8221; el_class=&#8221;btn_descargar_ficha&#8221;][\/vc_column][vc_column width=&#8221;1\/2&#8243;][vc_btn title=&#8221;MANUALE DI ISTRUZIONI&#8221; style=&#8221;custom&#8221; custom_background=&#8221;#009bc2&#8243; custom_text=&#8221;#ffffff&#8221; shape=&#8221;square&#8221; link=&#8221;target:%20_blank|&#8221; el_class=&#8221;btn_descargar_ficha&#8221;][\/vc_column][vc_column][\/vc_column][\/vc_row]<\/p>\n<\/section>","protected":false},"excerpt":{"rendered":"<p>[vc_row][vc_column][vc_column_text][\/vc_column_text][\/vc_column][\/vc_row][vc_row][vc_column][vc_column_text]La lampadina vintage portatile senza fili EDY A100 non richiede installazione, basta appenderla o avvicinarla a una zona metallica e aderir\u00e0 grazie alla sua base magnetizzata.\u00a0Incorpora un filamento LED di<\/p>\n","protected":false},"featured_media":42767,"template":"","meta":[],"product_cat":[974,73,341,991,337,980],"product_tag":[953,475,479,962],"class_list":{"0":"post-42735","1":"product","2":"type-product","3":"status-publish","4":"has-post-thumbnail","6":"product_cat-lightdeco-it","7":"product_cat-lightdeco","8":"product_cat-portatiles","9":"product_cat-lampada-portatile","10":"product_cat-colgantes","11":"product_cat-lampade-a-sospensione","12":"product_tag-batteria","13":"product_tag-bateria","14":"product_tag-inalambrico","15":"product_tag-senza-fili-it","17":"first","18":"instock","19":"taxable","20":"shipping-taxable","21":"purchasable","22":"product-type-variable"},"df_price":210,"df_sale_price":"","df_regular_price":210,"df_image_link":"https:\/\/developing.newgarden.es\/wp-content\/uploads\/2022\/03\/Mesa-de-trabajo-1-4.jpg","_links":{"self":[{"href":"https:\/\/developing.newgarden.es\/it\/wp-json\/wp\/v2\/product\/42735"}],"collection":[{"href":"https:\/\/developing.newgarden.es\/it\/wp-json\/wp\/v2\/product"}],"about":[{"href":"https:\/\/developing.newgarden.es\/it\/wp-json\/wp\/v2\/types\/product"}],"wp:featuredmedia":[{"embeddable":true,"href":"https:\/\/developing.newgarden.es\/it\/wp-json\/wp\/v2\/media\/42767"}],"wp:attachment":[{"href":"https:\/\/developing.newgarden.es\/it\/wp-json\/wp\/v2\/media?parent=42735"}],"wp:term":[{"taxonomy":"product_cat","embeddable":true,"href":"https:\/\/developing.newgarden.es\/it\/wp-json\/wp\/v2\/product_cat?post=42735"},{"taxonomy":"product_tag","embeddable":true,"href":"https:\/\/developing.newgarden.es\/it\/wp-json\/wp\/v2\/product_tag?post=42735"}],"curies":[{"name":"wp","href":"https:\/\/api.w.org\/{rel}","templated":true}]}}