{"id":42397,"date":"2022-03-10T14:29:38","date_gmt":"2022-03-10T13:29:45","guid":{"rendered":"https:\/\/newgarden.es\/?post_type=product&#038;p=42397"},"modified":"2024-06-13T11:20:15","modified_gmt":"2024-06-13T09:20:15","slug":"magnolia-160-light","status":"publish","type":"product","link":"https:\/\/developing.newgarden.es\/it\/shop\/vasi\/vasi-illuminati\/magnolia-160-light\/","title":{"rendered":"GRANDE PENTOLA CON LUCE MAGNOLIA 160CM"},"content":{"rendered":"<section class=\"wpb-content-wrapper\"><p>[vc_row][vc_column el_class=&#8221;descripcion_producto&#8221;][vc_column_text]<br \/>\nMAGNOLIA \u00e8 considerata una delle fioriere di punta della collezione da giardino Newgarden. La sua ampia variet\u00e0 di finiture, dimensioni e colori la rendono indispensabile nella gamma di fioriere rotonde.<\/p>\n<p>Magnolia 160 \u00e8 ideale come arredo urbano grazie al suo design, alle sue dimensioni e alla sua stabilit\u00e0 (pu\u00f2 pesare fino a una tonnellata nelle finiture a colori). Un sostituto pratico ed elegante del dissuasore.<\/p>\n<p>Tutti i prodotti Newgarden sono realizzati in polietilene, che li rende altamente resistenti alle temperature estreme. Sono inoltre protetti dai raggi UV, rendendo la vita del prodotto straordinariamente lunga.<\/p>\n<p><em>\u00a0\u00a0<\/em><\/p>\n<ul class=\"tablaTech\">\n<li>\n<div class=\"boxContents no-border\">\n<div class=\"name\"><strong>DIMENSIONE<\/strong><\/div>\n<div class=\"data\">\u00f8160 x 152 cm<\/div>\n<\/div>\n<\/li>\n<li>\n<div class=\"boxContents no-border\">\n<div class=\"name\"><strong>VOLUME DI IMPIANTO<\/strong><\/div>\n<div class=\"data\">644 litros<\/div>\n<\/div>\n<\/li>\n<\/ul>\n<p>[\/vc_column_text][\/vc_column][\/vc_row][vc_row disable_element=&#8221;yes&#8221;][vc_column][vc_single_image image=&#8221;6566&#8243; img_size=&#8221;full&#8221;][\/vc_column][\/vc_row][vc_row][vc_column width=&#8221;1\/2&#8243;][vc_btn title=&#8221;SCHEDA TECNICA&#8221; style=&#8221;custom&#8221; custom_background=&#8221;#009bc2&#8243; custom_text=&#8221;#ffffff&#8221; shape=&#8221;square&#8221; link=&#8221;url:https%3A%2F%2Fbit.ly%2F3xNX7Iz|target:%20_blank|&#8221; el_class=&#8221;btn_descargar_ficha&#8221;][vc_btn title=&#8221;FICHA T\u00c9CNICA SOLAR BATT&#8221; style=&#8221;custom&#8221; custom_background=&#8221;#009bc2&#8243; custom_text=&#8221;#ffffff&#8221; shape=&#8221;square&#8221; link=&#8221;url:https%3A%2F%2Fbit.ly%2F3HJzpSc|target:%20_blank|&#8221; el_class=&#8221;btn_descargar_ficha&#8221;][\/vc_column][vc_column width=&#8221;1\/2&#8243;][vc_btn title=&#8221;MANUALE DI ISTRUZIONI&#8221; style=&#8221;custom&#8221; custom_background=&#8221;#009bc2&#8243; custom_text=&#8221;#ffffff&#8221; shape=&#8221;square&#8221; link=&#8221;url:https%3A%2F%2Fbit.ly%2F3zpysuO|target:%20_blank|&#8221; el_class=&#8221;btn_descargar_ficha&#8221;][vc_btn title=&#8221;MANUAL DE INSTRUCCIONES SOLAR BATT&#8221; style=&#8221;custom&#8221; custom_background=&#8221;#009bc2&#8243; custom_text=&#8221;#ffffff&#8221; shape=&#8221;square&#8221; link=&#8221;url:https%3A%2F%2Fbit.ly%2F3zlbkxo|target:%20_blank|&#8221; el_class=&#8221;btn_descargar_ficha&#8221;][\/vc_column][\/vc_row]<\/p>\n<\/section>","protected":false},"excerpt":{"rendered":"<h1 style=\"font-size: 12px;\">Vaso illuminato per esterni<\/h1>\n","protected":false},"featured_media":58879,"template":"","meta":[],"product_cat":[976,986,1593],"product_tag":[955,962,961],"class_list":{"0":"post-42397","1":"product","2":"type-product","3":"status-publish","4":"has-post-thumbnail","6":"product_cat-vasi","7":"product_cat-vasi-illuminati","8":"product_cat-vasi-rotondi","9":"product_tag-cavo","10":"product_tag-senza-fili-it","11":"product_tag-solare","13":"first","14":"instock","15":"taxable","16":"shipping-taxable","17":"purchasable","18":"product-type-variable"},"df_price":2004.8,"df_sale_price":"","df_regular_price":2004.8,"df_image_link":"https:\/\/developing.newgarden.es\/wp-content\/uploads\/2022\/03\/MAGNOLIA_160_1200X1200-1-300x300.jpg","_links":{"self":[{"href":"https:\/\/developing.newgarden.es\/it\/wp-json\/wp\/v2\/product\/42397"}],"collection":[{"href":"https:\/\/developing.newgarden.es\/it\/wp-json\/wp\/v2\/product"}],"about":[{"href":"https:\/\/developing.newgarden.es\/it\/wp-json\/wp\/v2\/types\/product"}],"wp:featuredmedia":[{"embeddable":true,"href":"https:\/\/developing.newgarden.es\/it\/wp-json\/wp\/v2\/media\/58879"}],"wp:attachment":[{"href":"https:\/\/developing.newgarden.es\/it\/wp-json\/wp\/v2\/media?parent=42397"}],"wp:term":[{"taxonomy":"product_cat","embeddable":true,"href":"https:\/\/developing.newgarden.es\/it\/wp-json\/wp\/v2\/product_cat?post=42397"},{"taxonomy":"product_tag","embeddable":true,"href":"https:\/\/developing.newgarden.es\/it\/wp-json\/wp\/v2\/product_tag?post=42397"}],"curies":[{"name":"wp","href":"https:\/\/api.w.org\/{rel}","templated":true}]}}