{"id":42263,"date":"2022-03-02T08:17:06","date_gmt":"2022-03-02T07:17:17","guid":{"rendered":"https:\/\/newgarden.es\/?post_type=product&#038;p=42263"},"modified":"2024-06-13T11:46:32","modified_gmt":"2024-06-13T09:46:32","slug":"magnolia-90-color-copia","status":"publish","type":"product","link":"https:\/\/developing.newgarden.es\/it\/shop\/vasi\/vasi-non-illuminati\/magnolia-90-color-copia\/","title":{"rendered":"VASO CILINDRICO COLORE MAGNOLIA 80CM"},"content":{"rendered":"<section class=\"wpb-content-wrapper\"><p>[vc_row][vc_column el_class=&#8221;descripcion_producto&#8221;][vc_column_text]Magnolia 80 (\u00f880&#215;76 cm) \u00e8 considerata una delle fioriere di punta della collezione da giardino Newgarden. L&#8217;ampia variet\u00e0 di finiture, dimensioni e colori la rendono un elemento indispensabile della gamma di fioriere rotonde.<\/p>\n<p>Magnolia 80 \u00e8 ideale per l&#8217;arredo urbano grazie al suo design, alle sue dimensioni e alla sua stabilit\u00e0. Un sostituto pratico ed elegante del dissuasore.<\/p>\n<p>Tutti i prodotti Newgarden sono realizzati in polietilene, che li rende altamente resistenti alle temperature estreme. Sono inoltre protetti dai raggi UV, rendendo la durata del prodotto straordinariamente lunga.<\/p>\n<p>&nbsp;<\/p>\n<ul class=\"tablaTech\">\n<li>\n<div class=\"boxContents no-border\">\n<div class=\"name\"><strong>DIMENSIONE<\/strong><\/div>\n<div class=\"data\">\u00f880 x76 cm<\/div>\n<\/div>\n<\/li>\n<li>\n<div class=\"boxContents no-border\">\n<div class=\"name\"><strong>VOLUME DI IMPIANTO<\/strong><\/div>\n<div class=\"data\">207\u00a0litros<\/div>\n<\/div>\n<\/li>\n<\/ul>\n<p>&nbsp;<\/p>\n<p>[\/vc_column_text][\/vc_column][\/vc_row][vc_row disable_element=&#8221;yes&#8221;][vc_column][vc_single_image image=&#8221;6566&#8243; img_size=&#8221;full&#8221;][\/vc_column][\/vc_row][vc_row][vc_column width=&#8221;1\/2&#8243;][vc_btn title=&#8221;SCHEDA TECNICA&#8221; style=&#8221;custom&#8221; custom_background=&#8221;#009bc2&#8243; custom_text=&#8221;#ffffff&#8221; shape=&#8221;square&#8221; link=&#8221;url:https%3A%2F%2Fbit.ly%2F39JJRwy|target:%20_blank|&#8221; el_class=&#8221;btn_descargar_ficha&#8221;][\/vc_column][vc_column width=&#8221;1\/2&#8243;][vc_btn title=&#8221;MANUALE DI ISTRUZIONI&#8221; style=&#8221;custom&#8221; custom_background=&#8221;#009bc2&#8243; custom_text=&#8221;#ffffff&#8221; shape=&#8221;square&#8221; link=&#8221;url:https%3A%2F%2Fdeveloping.newgarden.es%2Fit%2F%3Fpage_id%3D25151|target:%20_blank|&#8221; el_class=&#8221;btn_descargar_ficha&#8221;][\/vc_column][\/vc_row]<\/p>\n<\/section>","protected":false},"excerpt":{"rendered":"<h1 style=\"font-size: 12px;\">Vaso dalla forma conica per esterni<\/h1>\n","protected":false},"featured_media":60827,"template":"","meta":[],"product_cat":[976,987,1593],"product_tag":[],"class_list":{"0":"post-42263","1":"product","2":"type-product","3":"status-publish","4":"has-post-thumbnail","6":"product_cat-vasi","7":"product_cat-vasi-non-illuminati","8":"product_cat-vasi-rotondi","10":"first","11":"instock","12":"taxable","13":"shipping-taxable","14":"purchasable","15":"product-type-variable"},"df_price":336,"df_sale_price":"","df_regular_price":336,"df_image_link":"https:\/\/developing.newgarden.es\/wp-content\/uploads\/2022\/03\/magnolia_80_1200x1200-18-300x300.jpg","_links":{"self":[{"href":"https:\/\/developing.newgarden.es\/it\/wp-json\/wp\/v2\/product\/42263"}],"collection":[{"href":"https:\/\/developing.newgarden.es\/it\/wp-json\/wp\/v2\/product"}],"about":[{"href":"https:\/\/developing.newgarden.es\/it\/wp-json\/wp\/v2\/types\/product"}],"wp:featuredmedia":[{"embeddable":true,"href":"https:\/\/developing.newgarden.es\/it\/wp-json\/wp\/v2\/media\/60827"}],"wp:attachment":[{"href":"https:\/\/developing.newgarden.es\/it\/wp-json\/wp\/v2\/media?parent=42263"}],"wp:term":[{"taxonomy":"product_cat","embeddable":true,"href":"https:\/\/developing.newgarden.es\/it\/wp-json\/wp\/v2\/product_cat?post=42263"},{"taxonomy":"product_tag","embeddable":true,"href":"https:\/\/developing.newgarden.es\/it\/wp-json\/wp\/v2\/product_tag?post=42263"}],"curies":[{"name":"wp","href":"https:\/\/api.w.org\/{rel}","templated":true}]}}