{"id":42163,"date":"2022-03-01T16:17:49","date_gmt":"2022-03-01T15:17:53","guid":{"rendered":"https:\/\/newgarden.es\/?post_type=product&#038;p=42163"},"modified":"2024-05-27T11:10:53","modified_gmt":"2024-05-27T09:10:53","slug":"puntale-solare-gretita","status":"publish","type":"product","link":"https:\/\/developing.newgarden.es\/it\/shop\/lightdeco-it\/lampada-portatile\/puntale-solare-gretita\/","title":{"rendered":"GRETITA PUNTALE SOLARE DA GIARDINO (4 PEZZI) &#8211; COLORE NERO"},"content":{"rendered":"<section class=\"wpb-content-wrapper\"><p>[vc_row][vc_column][vc_column_text][\/vc_column_text][\/vc_column][\/vc_row][vc_row][vc_column][vc_column_text]La lampada solare Gretita \u00e8 una luce da giardino a carica solare. Realizzata in plastica riciclata e dotata di un pannello solare sulla parte superiore per la ricarica, pu\u00f2 essere collocata nei camminamenti, a bordo piscina o anche in una fioriera: la versatilit\u00e0 di questa lampada solare da giardino \u00e8 illimitata. Con il suo sensore crepuscolare potete dimenticarvi di accenderla o spegnerla, perch\u00e9 si accender\u00e0 automaticamente quando rilever\u00e0 che la luce del sole sta diminuendo.<\/p>\n<p>La lampada solare Gretita \u00e8 realizzata con materiale riciclato proveniente dagli oceani, un prodotto sostenibile che d\u00e0 nuova vita ai rifiuti di plastica sotto forma di lampada. Disponibile in bianco o nero.<\/p>\n<p>Ogni confezione contiene 4 Gretita[\/vc_column_text][\/vc_column][\/vc_row][vc_row][vc_column width=&#8221;1\/2&#8243;][vc_btn title=&#8221;SCHEDA TECNICA&#8221; style=&#8221;custom&#8221; custom_background=&#8221;#009bc2&#8243; custom_text=&#8221;#ffffff&#8221; shape=&#8221;square&#8221; el_class=&#8221;btn_descargar_ficha&#8221; link=&#8221;url:https%3A%2F%2Fbit.ly%2F39MEQmQ|target:%20_blank|&#8221;][\/vc_column][vc_column width=&#8221;1\/2&#8243;][vc_btn title=&#8221;MANUALE DI ISTRUZIONI&#8221; style=&#8221;custom&#8221; custom_background=&#8221;#009bc2&#8243; custom_text=&#8221;#ffffff&#8221; shape=&#8221;square&#8221; el_class=&#8221;btn_descargar_ficha&#8221; link=&#8221;url:https%3A%2F%2Fbit.ly%2F3OSavlv|target:%20_blank|&#8221;][\/vc_column][\/vc_row]<\/p>\n<\/section>","protected":false},"excerpt":{"rendered":"<p>[vc_row][vc_column][vc_column_text][\/vc_column_text][\/vc_column][\/vc_row][vc_row][vc_column][vc_column_text]La lampada solare Gretita \u00e8 una luce da giardino a carica solare. Realizzata in plastica riciclata e dotata di un pannello solare sulla parte superiore per la ricarica, pu\u00f2 essere<\/p>\n","protected":false},"featured_media":57135,"template":"","meta":[],"product_cat":[974,1582,991],"product_tag":[962,961],"class_list":{"0":"post-42163","1":"product","2":"type-product","3":"status-publish","4":"has-post-thumbnail","6":"product_cat-lightdeco-it","7":"product_cat-fari-e-picchetti","8":"product_cat-lampada-portatile","9":"product_tag-senza-fili-it","10":"product_tag-solare","12":"first","13":"instock","14":"taxable","15":"shipping-taxable","16":"purchasable","17":"product-type-variable"},"df_price":143.1,"df_sale_price":"","df_regular_price":143.1,"df_image_link":"https:\/\/developing.newgarden.es\/wp-content\/uploads\/2022\/03\/GRETITA_PICA_BW_1200X1200-5-300x300.jpg","_links":{"self":[{"href":"https:\/\/developing.newgarden.es\/it\/wp-json\/wp\/v2\/product\/42163"}],"collection":[{"href":"https:\/\/developing.newgarden.es\/it\/wp-json\/wp\/v2\/product"}],"about":[{"href":"https:\/\/developing.newgarden.es\/it\/wp-json\/wp\/v2\/types\/product"}],"wp:featuredmedia":[{"embeddable":true,"href":"https:\/\/developing.newgarden.es\/it\/wp-json\/wp\/v2\/media\/57135"}],"wp:attachment":[{"href":"https:\/\/developing.newgarden.es\/it\/wp-json\/wp\/v2\/media?parent=42163"}],"wp:term":[{"taxonomy":"product_cat","embeddable":true,"href":"https:\/\/developing.newgarden.es\/it\/wp-json\/wp\/v2\/product_cat?post=42163"},{"taxonomy":"product_tag","embeddable":true,"href":"https:\/\/developing.newgarden.es\/it\/wp-json\/wp\/v2\/product_tag?post=42163"}],"curies":[{"name":"wp","href":"https:\/\/api.w.org\/{rel}","templated":true}]}}