{"id":38356,"date":"2021-10-01T14:24:09","date_gmt":"2021-10-01T12:24:12","guid":{"rendered":"https:\/\/newgarden.es\/?post_type=product&#038;p=38356"},"modified":"2023-03-07T12:59:14","modified_gmt":"2023-03-07T11:59:14","slug":"lola-lampada-da-tavolo-20","status":"publish","type":"product","link":"https:\/\/developing.newgarden.es\/it\/shop\/lightdeco-it\/lampade-da-tavolo\/lola-lampada-da-tavolo-20\/","title":{"rendered":"LOLA LAMPADA DA TAVOLO 20"},"content":{"rendered":"<section class=\"wpb-content-wrapper\"><p>[vc_row][vc_column el_class=&#8221;descripcion_producto&#8221;][vc_column_text]<br \/>\n*LOLA \u00e8 considerata l&#8217;icona della famiglia di prodotti Newgarden, con la sua forma particolare \u00e8 stato il nostro prodotto pi\u00f9 venduto sul mercato, ed \u00e8 stato amato da mezza Europa. Si pu\u00f2 trovare in varie dimensioni e finiture. Tutti loro fanno parte dei best seller del marchio.<\/p>\n<p>Tutti i prodotti Newgarden sono fatti di polietilene, quindi sono leggeri e molto resistenti alle temperature estreme. Sono anche protetti contro i raggi UV, rendendo la durata di vita del prodotto straordinariamente lunga.<br \/>\n[\/vc_column_text][\/vc_column][\/vc_row][vc_row disable_element=&#8221;yes&#8221;][vc_column][vc_single_image image=&#8221;6566&#8243; img_size=&#8221;full&#8221;][\/vc_column][\/vc_row][vc_row][vc_column width=&#8221;1\/2&#8243;][vc_btn title=&#8221;SCHEDA TECNICA&#8221; style=&#8221;custom&#8221; custom_background=&#8221;#009bc2&#8243; custom_text=&#8221;#ffffff&#8221; shape=&#8221;square&#8221; link=&#8221;url:https%3A%2F%2Fdrive.google.com%2Fdrive%2Ffolders%2F1qJj2kpUVzaZXSFGwHEPu-Vt_qVfFjKAL%3Fusp%3Dsharing|target:%20_blank|&#8221; el_class=&#8221;btn_descargar_ficha&#8221;][\/vc_column][vc_column width=&#8221;1\/2&#8243;][vc_btn title=&#8221;MANUALE DI ISTRUZIONI&#8221; style=&#8221;custom&#8221; custom_background=&#8221;#009bc2&#8243; custom_text=&#8221;#ffffff&#8221; shape=&#8221;square&#8221; link=&#8221;url:https%3A%2F%2Fdeveloping.newgarden.es%2Fit%2F%3Fpage_id%3D25151|target:%20_blank|&#8221; el_class=&#8221;btn_descargar_ficha&#8221;][\/vc_column][\/vc_row]<\/p>\n<\/section>","protected":false},"excerpt":{"rendered":"<h1 style=\"font-size: 12px;\">Lampada da tavolo LOLA 20<\/h1>\n","protected":false},"featured_media":58621,"template":"","meta":[],"product_cat":[1697,974,983,1227,1588],"product_tag":[953,1228],"class_list":{"0":"post-38356","1":"product","2":"type-product","3":"status-publish","4":"has-post-thumbnail","6":"product_cat-productos-it","7":"product_cat-lightdeco-it","8":"product_cat-lampade-da-tavolo","9":"product_cat-interni-it","10":"product_cat-interni-it-it","11":"product_tag-batteria","12":"product_tag-interni-it","14":"first","15":"instock","16":"taxable","17":"shipping-taxable","18":"purchasable","19":"product-type-variable"},"df_price":15.4,"df_sale_price":"","df_regular_price":15.4,"df_image_link":"https:\/\/developing.newgarden.es\/wp-content\/uploads\/2021\/10\/LOLA_20_BATERY_AAA_1200X1200-7-300x300.jpg","_links":{"self":[{"href":"https:\/\/developing.newgarden.es\/it\/wp-json\/wp\/v2\/product\/38356"}],"collection":[{"href":"https:\/\/developing.newgarden.es\/it\/wp-json\/wp\/v2\/product"}],"about":[{"href":"https:\/\/developing.newgarden.es\/it\/wp-json\/wp\/v2\/types\/product"}],"wp:featuredmedia":[{"embeddable":true,"href":"https:\/\/developing.newgarden.es\/it\/wp-json\/wp\/v2\/media\/58621"}],"wp:attachment":[{"href":"https:\/\/developing.newgarden.es\/it\/wp-json\/wp\/v2\/media?parent=38356"}],"wp:term":[{"taxonomy":"product_cat","embeddable":true,"href":"https:\/\/developing.newgarden.es\/it\/wp-json\/wp\/v2\/product_cat?post=38356"},{"taxonomy":"product_tag","embeddable":true,"href":"https:\/\/developing.newgarden.es\/it\/wp-json\/wp\/v2\/product_tag?post=38356"}],"curies":[{"name":"wp","href":"https:\/\/api.w.org\/{rel}","templated":true}]}}