{"id":38088,"date":"2021-09-28T13:57:02","date_gmt":"2021-09-28T11:57:14","guid":{"rendered":"https:\/\/newgarden.es\/?post_type=product&#038;p=38088"},"modified":"2023-04-12T10:34:59","modified_gmt":"2023-04-12T08:34:59","slug":"lampada-da-tavolo-lola-slim-30-uso-interno","status":"publish","type":"product","link":"https:\/\/developing.newgarden.es\/it\/shop\/lightdeco-it\/lampade-da-tavolo\/lampada-da-tavolo-lola-slim-30-uso-interno\/","title":{"rendered":"LAMPADA DA TAVOLO LOLA SLIM 30 | USO INTERNO"},"content":{"rendered":"<section class=\"wpb-content-wrapper\"><p>[vc_row][vc_column][vc_column_text][\/vc_column_text][\/vc_column][\/vc_row][vc_row][vc_column el_class=&#8221;descripcion_producto&#8221;][vc_column_text]<br \/>\nLola Slim 30 \u00e8 una delle novit\u00e0 pi\u00f9 importanti di Newgarden, fa parte della famiglia LOLA grazie al suo elegante design.<\/p>\n<p>La lampada da tavolo Lola Slim 30 \u00e8 ideale per qualsiasi angolo della tua casa, aree per bambini o camere da letto. Grazie alle sue piccole dimensioni \u00e8 perfetto per decorare e illuminare i tavoli di ristoranti, bar, terrazze, hotel o aziende.<\/p>\n<p>I prodotti Newgarden sono leggeri e molto resistenti alle temperature estreme. Sono anche protetti contro i raggi UV, rendendo la durata del prodotto straordinariamente lunga.<\/p>\n<p>&nbsp;<br \/>\n[\/vc_column_text][vc_video link=&#8221;https:\/\/youtu.be\/-2GDj-T-1AA&#8221;][\/vc_column][\/vc_row][vc_row][vc_column width=&#8221;1\/2&#8243;][vc_btn title=&#8221;SCHEDA TECNICA&#8221; style=&#8221;custom&#8221; custom_background=&#8221;#009bc2&#8243; custom_text=&#8221;#ffffff&#8221; shape=&#8221;square&#8221; link=&#8221;url:https%3A%2F%2Fdrive.google.com%2Fdrive%2Ffolders%2F1wYX2Lp5O24oFzu8qMdUCg8AOtJFkXBWe%3Fusp%3Dsharing|target:%20_blank|&#8221; el_class=&#8221;btn_descargar_ficha&#8221;][\/vc_column][vc_column width=&#8221;1\/2&#8243;][vc_btn title=&#8221;MANUALE DI ISTRUZIONI&#8221; style=&#8221;custom&#8221; custom_background=&#8221;#009bc2&#8243; custom_text=&#8221;#ffffff&#8221; shape=&#8221;square&#8221; link=&#8221;url:https%3A%2F%2Fdeveloping.newgarden.es%2Fit%2F%3Fpage_id%3D25151|target:%20_blank|&#8221; el_class=&#8221;btn_descargar_ficha&#8221;][\/vc_column][vc_column][\/vc_column][\/vc_row]<\/p>\n<\/section>","protected":false},"excerpt":{"rendered":"<h1 style=\"font-size: 12px;\">La lampada da tavolo Lola Slim 30 \u00e8 disponibile in vari colori, Corpo in metallo<\/h1>\n","protected":false},"featured_media":38232,"template":"","meta":[],"product_cat":[974,983,1227],"product_tag":[1228],"class_list":{"0":"post-38088","1":"product","2":"type-product","3":"status-publish","4":"has-post-thumbnail","6":"product_cat-lightdeco-it","7":"product_cat-lampade-da-tavolo","8":"product_cat-interni-it","9":"product_tag-interni-it","11":"first","12":"instock","13":"taxable","14":"shipping-taxable","15":"purchasable","16":"product-type-variable"},"df_price":33.6,"df_sale_price":"","df_regular_price":33.6,"df_image_link":"https:\/\/developing.newgarden.es\/wp-content\/uploads\/2021\/09\/LOLASLIM2021WEB_8f39ba03-bb67-4adc-8f66-24019969ce96.jpg","_links":{"self":[{"href":"https:\/\/developing.newgarden.es\/it\/wp-json\/wp\/v2\/product\/38088"}],"collection":[{"href":"https:\/\/developing.newgarden.es\/it\/wp-json\/wp\/v2\/product"}],"about":[{"href":"https:\/\/developing.newgarden.es\/it\/wp-json\/wp\/v2\/types\/product"}],"wp:featuredmedia":[{"embeddable":true,"href":"https:\/\/developing.newgarden.es\/it\/wp-json\/wp\/v2\/media\/38232"}],"wp:attachment":[{"href":"https:\/\/developing.newgarden.es\/it\/wp-json\/wp\/v2\/media?parent=38088"}],"wp:term":[{"taxonomy":"product_cat","embeddable":true,"href":"https:\/\/developing.newgarden.es\/it\/wp-json\/wp\/v2\/product_cat?post=38088"},{"taxonomy":"product_tag","embeddable":true,"href":"https:\/\/developing.newgarden.es\/it\/wp-json\/wp\/v2\/product_tag?post=38088"}],"curies":[{"name":"wp","href":"https:\/\/api.w.org\/{rel}","templated":true}]}}