{"id":37572,"date":"2021-09-21T15:17:04","date_gmt":"2021-09-21T13:17:09","guid":{"rendered":"https:\/\/newgarden.es\/?post_type=product&#038;p=37572"},"modified":"2023-02-21T10:58:27","modified_gmt":"2023-02-21T09:58:27","slug":"x3-lichtkranz-allegra-weis-weis-gebraucht-innen-gebraucht","status":"publish","type":"product","link":"https:\/\/developing.newgarden.es\/it\/shop\/lightdeco-it\/lampade-a-sospensione\/x3-lichtkranz-allegra-weis-weis-gebraucht-innen-gebraucht\/","title":{"rendered":"x3 ALLEGRA WHITE LIGHTING GUIDELINE | INDOOR USE"},"content":{"rendered":"<section class=\"wpb-content-wrapper\"><p>[vc_row][vc_column][vc_column_text]PACK mit 3 BADEZIMMERN<\/p>\n<p>Die ALLEGRA-Girlande ist eine der NEWGARDEN-Neuheiten. Er eignet sich perfekt f\u00fcr Veranstaltungen und Partys, aber auch als Dekoration f\u00fcr Ihr Zuhause sowie f\u00fcr jeden Au\u00dfenbereich, Garten, Terrasse, Gesch\u00e4ft oder als Weihnachtsdekoration.<\/p>\n<p>Im Gegensatz zu den meisten Girlanden auf dem Markt hat die Newgarden-Girlande 10 integrierte, nicht austauschbare LED-Birnen, die ihr ein Vintage-Design verleihen.<\/p>\n<p>Das Modell in Rosa ist speziell f\u00fcr die Dekoration und die Stimmung geschaffen, auch wenn die Girlande nicht beleuchtet ist, ist ihre Farbe einzigartig!<\/p>\n<p>Die dekorative Girlande Allegra ist in 4 Farben erh\u00e4ltlich: Wei\u00df, Schwarz, Rosa und Jute.<\/p>\n<p>Die Gr\u00f6\u00dfe der Allegra Design Girlande betr\u00e4gt 8 Meter und es k\u00f6nnen bis zu 4 St\u00fcck aneinandergereiht werden.[\/vc_column_text][\/vc_column][\/vc_row][vc_row][vc_column width=&#8221;1\/2&#8243;][vc_btn title=&#8221;SCHEDA TECNICA&#8221; style=&#8221;custom&#8221; custom_background=&#8221;#009bc2&#8243; custom_text=&#8221;#ffffff&#8221; link=&#8221;url:https%3A%2F%2Fdrive.google.com%2Fdrive%2Ffolders%2F1KBtFhbxdTIRqURIQG_wYrHINoSSOcvC-|target:%20_blank|&#8221;][\/vc_column][vc_column width=&#8221;1\/2&#8243;][vc_btn title=&#8221;MANUALE DI ISTRUZIONI&#8221; style=&#8221;custom&#8221; custom_background=&#8221;#009bc2&#8243; custom_text=&#8221;#ffffff&#8221; link=&#8221;url:https%3A%2F%2Fdrive.google.com%2Fdrive%2Ffolders%2F1K_hqIcAFCg4q6wgfkTzSIp-WRj0YqnZo|target:%20_blank|&#8221; el_class=&#8221;btn_descargar_ficha&#8221;][\/vc_column][\/vc_row]<\/p>\n<\/section>","protected":false},"excerpt":{"rendered":"<p>Dekorativer Kranz Allegra Wei\u00df. Packung mit 3 Girlanden von Allegra f\u00fcr Profis.<\/p>\n","protected":false},"featured_media":37593,"template":"","meta":[],"product_cat":[974,980,1227,993],"product_tag":[955,1274,1228,1275],"class_list":{"0":"post-37572","1":"product","2":"type-product","3":"status-publish","4":"has-post-thumbnail","6":"product_cat-lightdeco-it","7":"product_cat-lampade-a-sospensione","8":"product_cat-interni-it","9":"product_cat-natale","10":"product_tag-cavo","11":"product_tag-ghirlanda-di-luci-it","12":"product_tag-interni-it","13":"product_tag-lampade-da-soffito-it","15":"first","16":"instock","17":"taxable","18":"shipping-taxable","19":"purchasable","20":"product-type-variable"},"df_price":116.1,"df_sale_price":"","df_regular_price":116.1,"df_image_link":"https:\/\/developing.newgarden.es\/wp-content\/uploads\/2021\/09\/Mesadetrabajo1copia5-web_3856fae2-9aa6-46ba-a727-5c8ffc8b72e0.jpg","_links":{"self":[{"href":"https:\/\/developing.newgarden.es\/it\/wp-json\/wp\/v2\/product\/37572"}],"collection":[{"href":"https:\/\/developing.newgarden.es\/it\/wp-json\/wp\/v2\/product"}],"about":[{"href":"https:\/\/developing.newgarden.es\/it\/wp-json\/wp\/v2\/types\/product"}],"wp:featuredmedia":[{"embeddable":true,"href":"https:\/\/developing.newgarden.es\/it\/wp-json\/wp\/v2\/media\/37593"}],"wp:attachment":[{"href":"https:\/\/developing.newgarden.es\/it\/wp-json\/wp\/v2\/media?parent=37572"}],"wp:term":[{"taxonomy":"product_cat","embeddable":true,"href":"https:\/\/developing.newgarden.es\/it\/wp-json\/wp\/v2\/product_cat?post=37572"},{"taxonomy":"product_tag","embeddable":true,"href":"https:\/\/developing.newgarden.es\/it\/wp-json\/wp\/v2\/product_tag?post=37572"}],"curies":[{"name":"wp","href":"https:\/\/api.w.org\/{rel}","templated":true}]}}