{"id":36828,"date":"2020-10-07T17:17:21","date_gmt":"2020-10-07T15:17:21","guid":{"rendered":"https:\/\/newgarden.es\/shop\/senza%20categoria\/ghirlanda-lia\/"},"modified":"2024-05-29T11:52:41","modified_gmt":"2024-05-29T09:52:41","slug":"ghirlanda-lia","status":"publish","type":"product","link":"https:\/\/developing.newgarden.es\/it\/shop\/lightdeco-it\/natale\/ghirlanda-lia\/","title":{"rendered":"GHIRLANDA LIA"},"content":{"rendered":"<section class=\"wpb-content-wrapper\"><p>[vc_row][vc_column][vc_column_text]<b>GHIRLANDA LIA<\/b><\/p>\n<p>Cos\u00ec semplice e facile da installare che troverete incredibile pensare che LIA sia una ghirlanda. Con 30 LED integrati e rivestito in tessuto effetto juta, diventer\u00e0 il complemento ideale per la vostra casa. Posizionatelo all&#8217;interno o all&#8217;esterno della vostra casa perch\u00e9 \u00e8 progettato per essere usato sia all&#8217;interno che all&#8217;esterno. IP44.<br \/>\n[\/vc_column_text][\/vc_column][\/vc_row][vc_row][vc_column width=&#8221;1\/2&#8243;][vc_btn title=&#8221;SCHEDA TECNICA&#8221; style=&#8221;custom&#8221; custom_background=&#8221;#009bc2&#8243; custom_text=&#8221;#ffffff&#8221; link=&#8221;url:https%3A%2F%2Fbit.ly%2F3nnPh3L|&#8221;][\/vc_column][vc_column width=&#8221;1\/2&#8243;][vc_btn title=&#8221;MANUALE DI ISTRUZIONI&#8221; style=&#8221;custom&#8221; custom_background=&#8221;#009bc2&#8243; custom_text=&#8221;#ffffff&#8221; link=&#8221;url:https%3A%2F%2Fbit.ly%2F3bjTbYB|&#8221;][\/vc_column][\/vc_row]<\/p>\n<\/section>","protected":false},"excerpt":{"rendered":"<p>Ghirlanda decorativa Lia.<\/p>\n","protected":false},"featured_media":58401,"template":"","meta":[],"product_cat":[974,1577,1227,993],"product_tag":[],"class_list":{"0":"post-36828","1":"product","2":"type-product","3":"status-publish","4":"has-post-thumbnail","6":"product_cat-lightdeco-it","7":"product_cat-ghirlande","8":"product_cat-interni-it","9":"product_cat-natale","11":"first","12":"instock","13":"taxable","14":"shipping-taxable","15":"purchasable","16":"product-type-variable"},"df_price":46.8,"df_sale_price":"","df_regular_price":46.8,"df_image_link":"https:\/\/developing.newgarden.es\/wp-content\/uploads\/2020\/10\/LIA_200X1200-4-300x300.jpg","_links":{"self":[{"href":"https:\/\/developing.newgarden.es\/it\/wp-json\/wp\/v2\/product\/36828"}],"collection":[{"href":"https:\/\/developing.newgarden.es\/it\/wp-json\/wp\/v2\/product"}],"about":[{"href":"https:\/\/developing.newgarden.es\/it\/wp-json\/wp\/v2\/types\/product"}],"wp:featuredmedia":[{"embeddable":true,"href":"https:\/\/developing.newgarden.es\/it\/wp-json\/wp\/v2\/media\/58401"}],"wp:attachment":[{"href":"https:\/\/developing.newgarden.es\/it\/wp-json\/wp\/v2\/media?parent=36828"}],"wp:term":[{"taxonomy":"product_cat","embeddable":true,"href":"https:\/\/developing.newgarden.es\/it\/wp-json\/wp\/v2\/product_cat?post=36828"},{"taxonomy":"product_tag","embeddable":true,"href":"https:\/\/developing.newgarden.es\/it\/wp-json\/wp\/v2\/product_tag?post=36828"}],"curies":[{"name":"wp","href":"https:\/\/api.w.org\/{rel}","templated":true}]}}