{"id":36637,"date":"2021-09-14T10:37:49","date_gmt":"2021-09-14T08:38:00","guid":{"rendered":"https:\/\/newgarden.es\/?post_type=product&#038;p=36637"},"modified":"2021-09-14T11:01:54","modified_gmt":"2021-09-14T09:01:54","slug":"lampada-da-terra-cilindrica-fity-100-interni-2","status":"publish","type":"product","link":"https:\/\/developing.newgarden.es\/it\/shop\/lightdeco-it\/lampade-da-terra\/lampada-da-terra-cilindrica-fity-100-interni-2\/","title":{"rendered":"LAMPADA DA TERRA CILINDRICA FITY 100 | INTERNI"},"content":{"rendered":"<section class=\"wpb-content-wrapper\"><p>[vc_row][vc_column el_class=&#8221;descripcion_producto&#8221;][vc_column_text]<\/p>\n<p style=\"text-align: justify;\">* Fity \u00e8 presentata come una delle novit\u00e0 di design pi\u00f9 interessanti della famiglia Newgarden. Puoi trovare questa lampada da terra in due altezze.<\/p>\n<p>Questo prodotto \u00e8 dotato del nuovo sistema di illuminazione con cavo LED TUBE brevettato da Newgarden.<\/p>\n<p><em>Tutti i prodotti Newgarden sono realizzati in polietilene, quindi sono leggeri e molto resistenti alle temperature estreme. Sono inoltre protetti dai raggi UV, rendendo la vita del prodotto straordinariamente lunga. <\/em>[\/vc_column_text][\/vc_column][\/vc_row][vc_row disable_element=&#8221;yes&#8221;][vc_column][vc_single_image image=&#8221;6566&#8243; img_size=&#8221;full&#8221;][\/vc_column][\/vc_row][vc_row][vc_column width=&#8221;1\/2&#8243;][vc_btn title=&#8221;SCHEDA TECNICA&#8221; style=&#8221;custom&#8221; custom_background=&#8221;#009bc2&#8243; custom_text=&#8221;#ffffff&#8221; shape=&#8221;square&#8221; link=&#8221;url:https%3A%2F%2Fwww.newgarden.es%2Fwp-content%2Fuploads%2F2018%2F02%2FFity-2.pdf|target:%20_blank|&#8221; el_class=&#8221;btn_descargar_ficha&#8221;][\/vc_column][vc_column width=&#8221;1\/2&#8243;][vc_btn title=&#8221;MANUALE DI ISTRUZIONI&#8221; style=&#8221;custom&#8221; custom_background=&#8221;#009bc2&#8243; custom_text=&#8221;#ffffff&#8221; shape=&#8221;square&#8221; link=&#8221;url:https%3A%2F%2Fdeveloping.newgarden.es%2Finstrucciones%2F||target:%20_blank|&#8221; el_class=&#8221;btn_descargar_ficha&#8221;][\/vc_column][\/vc_row]<\/p>\n<\/section>","protected":false},"excerpt":{"rendered":"<h1 style=\"font-size: 12px;\">FITY lampada da terra per esterni<\/h1>\n","protected":false},"featured_media":36617,"template":"","meta":[],"product_cat":[974,73,985,339,1227,1201,1250,1202],"product_tag":[468,955,1228,1203],"class_list":{"0":"post-36637","1":"product","2":"type-product","3":"status-publish","4":"has-post-thumbnail","6":"product_cat-lightdeco-it","7":"product_cat-lightdeco","8":"product_cat-lampade-da-terra","9":"product_cat-lamparas-de-pie","10":"product_cat-interni-it","11":"product_cat-interior","12":"product_cat-lampade-da-terra-interne","13":"product_cat-lamparas-de-pie-para-interior","14":"product_tag-cable","15":"product_tag-cavo","16":"product_tag-interni-it","17":"product_tag-interior","19":"first","20":"instock","21":"taxable","22":"shipping-taxable","23":"purchasable","24":"product-type-variable"},"df_price":107.1,"df_sale_price":"","df_regular_price":107.1,"df_image_link":"https:\/\/developing.newgarden.es\/wp-content\/uploads\/2021\/09\/f1_bd56fff8-18e3-41af-aa77-a61b47e95351.jpg","_links":{"self":[{"href":"https:\/\/developing.newgarden.es\/it\/wp-json\/wp\/v2\/product\/36637"}],"collection":[{"href":"https:\/\/developing.newgarden.es\/it\/wp-json\/wp\/v2\/product"}],"about":[{"href":"https:\/\/developing.newgarden.es\/it\/wp-json\/wp\/v2\/types\/product"}],"wp:featuredmedia":[{"embeddable":true,"href":"https:\/\/developing.newgarden.es\/it\/wp-json\/wp\/v2\/media\/36617"}],"wp:attachment":[{"href":"https:\/\/developing.newgarden.es\/it\/wp-json\/wp\/v2\/media?parent=36637"}],"wp:term":[{"taxonomy":"product_cat","embeddable":true,"href":"https:\/\/developing.newgarden.es\/it\/wp-json\/wp\/v2\/product_cat?post=36637"},{"taxonomy":"product_tag","embeddable":true,"href":"https:\/\/developing.newgarden.es\/it\/wp-json\/wp\/v2\/product_tag?post=36637"}],"curies":[{"name":"wp","href":"https:\/\/api.w.org\/{rel}","templated":true}]}}