{"id":36145,"date":"2021-07-27T10:30:11","date_gmt":"2021-07-27T08:30:16","guid":{"rendered":"https:\/\/newgarden.es\/?post_type=product&#038;p=36145"},"modified":"2024-05-28T13:25:11","modified_gmt":"2024-05-28T11:25:11","slug":"x3-ghirlanda-allegra-juta","status":"publish","type":"product","link":"https:\/\/developing.newgarden.es\/it\/shop\/lightdeco-it\/natale\/x3-ghirlanda-allegra-juta\/","title":{"rendered":"GHIRLANDA ALLEGRA JUTA"},"content":{"rendered":"<section class=\"wpb-content-wrapper\"><p>[vc_row][vc_column][vc_column_text]<strong>GHIRLANDA ALLEGRA YUTE<\/strong><\/p>\n<p>La ghirlanda ALLEGRA \u00e8 una delle novit\u00e0 di NEWGARDEN.<\/p>\n<p>\u00c8 perfetto per eventi e feste, \u00e8 ideale anche per allestire la tua casa e per qualsiasi angolo esterno, giardino, terrazze, attivit\u00e0 commerciali o come decorazioni natalizie.<\/p>\n<p>A differenza della maggior parte delle ghirlande sul mercato, la ghirlanda decorativa ALLEGRA di Newgarden ha 10 lampadine a LED integrate non sostituibili che forniscono un design vintage.<\/p>\n<p>La ghirlanda decorativa Aurora \u00e8 disponibile in 4 versioni: Nero, Bianco, Juta e Rosa.<\/p>\n<p>La dimensione della ghirlanda Allegra \u00e8 di 8 metri e pu\u00f2 essere unita fino a 4.[\/vc_column_text][\/vc_column][\/vc_row][vc_row][vc_column width=&#8221;1\/2&#8243;][vc_video link=&#8221;https:\/\/www.youtube.com\/watch?v=UIOM3rWcvh0&#8243;][\/vc_column][vc_column width=&#8221;1\/2&#8243;][vc_video link=&#8221;https:\/\/www.youtube.com\/watch?v=9Vvsi2lt2DE&#8221;][\/vc_column][\/vc_row][vc_row][vc_column width=&#8221;1\/2&#8243;][vc_btn title=&#8221;SCHEDA TECNICA&#8221; style=&#8221;custom&#8221; custom_background=&#8221;#009bc2&#8243; custom_text=&#8221;#ffffff&#8221; link=&#8221;url:https%3A%2F%2Fbit.ly%2F3tPSs7G|target:%20_blank|&#8221;][vc_btn title=&#8221;SCHEDA TECNICA&#8221; style=&#8221;custom&#8221; custom_background=&#8221;#009bc2&#8243; custom_text=&#8221;#ffffff&#8221; link=&#8221;url:https%3A%2F%2Fbit.ly%2F3tPSs7G|target:%20_blank|&#8221;][\/vc_column][vc_column width=&#8221;1\/2&#8243;][vc_btn title=&#8221;MANUALE DI ISTRUZIONI&#8221; style=&#8221;custom&#8221; custom_background=&#8221;#009bc2&#8243; custom_text=&#8221;#ffffff&#8221; link=&#8221;url:https%3A%2F%2Fbit.ly%2F3OTjbYF|target:%20_blank|&#8221; el_class=&#8221;btn_descargar_ficha&#8221;][vc_btn title=&#8221;MANUALE DI ISTRUZIONI&#8221; style=&#8221;custom&#8221; custom_background=&#8221;#009bc2&#8243; custom_text=&#8221;#ffffff&#8221; link=&#8221;url:https%3A%2F%2Fbit.ly%2F3Smex8C|target:%20_blank|&#8221; el_class=&#8221;btn_descargar_ficha&#8221;][\/vc_column][\/vc_row]<\/p>\n<\/section>","protected":false},"excerpt":{"rendered":"<p>[vc_row][vc_column][vc_column_text]GHIRLANDA ALLEGRA YUTE La ghirlanda ALLEGRA \u00e8 una delle novit\u00e0 di NEWGARDEN. \u00c8 perfetto per eventi e feste, \u00e8 ideale anche per allestire la tua casa e per qualsiasi angolo<\/p>\n","protected":false},"featured_media":58163,"template":"","meta":[],"product_cat":[974,1577,993],"product_tag":[955,961],"class_list":{"0":"post-36145","1":"product","2":"type-product","3":"status-publish","4":"has-post-thumbnail","6":"product_cat-lightdeco-it","7":"product_cat-ghirlande","8":"product_cat-natale","9":"product_tag-cavo","10":"product_tag-solare","12":"first","13":"instock","14":"taxable","15":"shipping-taxable","16":"purchasable","17":"product-type-variable"},"df_price":117.6,"df_sale_price":"","df_regular_price":117.6,"df_image_link":"https:\/\/developing.newgarden.es\/wp-content\/uploads\/2021\/07\/ALLEGRA_1200X1200-17-2-300x300.jpg","_links":{"self":[{"href":"https:\/\/developing.newgarden.es\/it\/wp-json\/wp\/v2\/product\/36145"}],"collection":[{"href":"https:\/\/developing.newgarden.es\/it\/wp-json\/wp\/v2\/product"}],"about":[{"href":"https:\/\/developing.newgarden.es\/it\/wp-json\/wp\/v2\/types\/product"}],"wp:featuredmedia":[{"embeddable":true,"href":"https:\/\/developing.newgarden.es\/it\/wp-json\/wp\/v2\/media\/58163"}],"wp:attachment":[{"href":"https:\/\/developing.newgarden.es\/it\/wp-json\/wp\/v2\/media?parent=36145"}],"wp:term":[{"taxonomy":"product_cat","embeddable":true,"href":"https:\/\/developing.newgarden.es\/it\/wp-json\/wp\/v2\/product_cat?post=36145"},{"taxonomy":"product_tag","embeddable":true,"href":"https:\/\/developing.newgarden.es\/it\/wp-json\/wp\/v2\/product_tag?post=36145"}],"curies":[{"name":"wp","href":"https:\/\/api.w.org\/{rel}","templated":true}]}}