{"id":36034,"date":"2020-02-19T11:22:52","date_gmt":"2020-02-19T10:22:52","guid":{"rendered":"https:\/\/newgarden.es\/shop\/senza%20categoria\/lampada-lola-slim-180\/"},"modified":"2022-11-03T10:48:30","modified_gmt":"2022-11-03T09:48:30","slug":"lampada-lola-slim-180","status":"publish","type":"product","link":"https:\/\/developing.newgarden.es\/it\/shop\/lightdeco-it\/lampade-da-terra\/lampada-lola-slim-180\/","title":{"rendered":"LAMPADA DA TERRA DA ESTERNO LOLA SLIM 180"},"content":{"rendered":"<section class=\"wpb-content-wrapper\"><p>[vc_row][vc_column el_class=&#8221;descripcion_producto&#8221;][vc_column_text]<br \/>\nLa lampada da terra Lola Slim 180 \u00e8 una delle novit\u00e0 pi\u00f9 straordinarie di Newgarden, appartiene alla famiglia\u00a0<strong>LOLA<\/strong>\u00a0per il suo design elegante. La sua altezza rende questo prodotto una lampada che si combina in qualsiasi spazio senza comprometterne l&#8217;estetica, ideale per qualsiasi spazio esterno, giardino o azienda moderno.<\/p>\n<p>La serie Lola Slim pu\u00f2 essere combinata tra loro per creare ambienti infiniti. Disponibile in diverse altezze: 30 cm, 120 cm. e 180 cm. e in una finitura metallica in oro rosa, ottone, antracite e grigio spazio.<\/p>\n<p>La lampada da terra Lola Slim \u00e8 disponibile con carica solare e batteria ricaricabile, ha un&#8217;emissione luminosa eccezionale.<\/p>\n<p><em>I prodotti Newgarden sono leggeri e altamente resistenti alle temperature estreme. Sono inoltre protetti dai raggi UV, rendendo la vita del prodotto estremamente lunga.<\/em><br \/>\n[\/vc_column_text][\/vc_column][\/vc_row][vc_row disable_element=&#8221;yes&#8221;][vc_column][vc_single_image image=&#8221;6566&#8243; img_size=&#8221;full&#8221;][\/vc_column][\/vc_row][vc_row][vc_column width=&#8221;1\/2&#8243;][vc_btn title=&#8221;SCHEDA TECNICA&#8221; style=&#8221;custom&#8221; custom_background=&#8221;#009bc2&#8243; custom_text=&#8221;#ffffff&#8221; shape=&#8221;square&#8221; link=&#8221;url:https%3A%2F%2Fdrive.google.com%2Fdrive%2Ffolders%2F1JjkJ7fqoXAt51gef7qU_DtHMLVmOQNZq%3Fusp%3Dsharing|target:%20_blank|&#8221; el_class=&#8221;btn_descargar_ficha&#8221;][\/vc_column][vc_column width=&#8221;1\/2&#8243;][vc_btn title=&#8221;MANUALE DI ISTRUZIONI&#8221; style=&#8221;custom&#8221; custom_background=&#8221;#009bc2&#8243; custom_text=&#8221;#ffffff&#8221; shape=&#8221;square&#8221; link=&#8221;url:https%3A%2F%2Fdeveloping.newgarden.es%2Fit%2F%3Fpage_id%3D25151|target:%20_blank|&#8221; el_class=&#8221;btn_descargar_ficha&#8221;][\/vc_column][\/vc_row]<\/p>\n<\/section>","protected":false},"excerpt":{"rendered":"<p>LAMPADA DA TERRA DA ESTERNO LOLA SLIM 180<\/p>\n","protected":false},"featured_media":53568,"template":"","meta":[],"product_cat":[1697,974,985],"product_tag":[],"class_list":{"0":"post-36034","1":"product","2":"type-product","3":"status-publish","4":"has-post-thumbnail","6":"product_cat-productos-it","7":"product_cat-lightdeco-it","8":"product_cat-lampade-da-terra","10":"first","11":"instock","12":"taxable","13":"shipping-taxable","14":"purchasable","15":"product-type-variable"},"df_price":208.4,"df_sale_price":"","df_regular_price":208.4,"df_image_link":"https:\/\/developing.newgarden.es\/wp-content\/uploads\/2020\/02\/LOLA_SLIM_180_BATTERY_1200X1200-4-300x300.jpg","_links":{"self":[{"href":"https:\/\/developing.newgarden.es\/it\/wp-json\/wp\/v2\/product\/36034"}],"collection":[{"href":"https:\/\/developing.newgarden.es\/it\/wp-json\/wp\/v2\/product"}],"about":[{"href":"https:\/\/developing.newgarden.es\/it\/wp-json\/wp\/v2\/types\/product"}],"wp:featuredmedia":[{"embeddable":true,"href":"https:\/\/developing.newgarden.es\/it\/wp-json\/wp\/v2\/media\/53568"}],"wp:attachment":[{"href":"https:\/\/developing.newgarden.es\/it\/wp-json\/wp\/v2\/media?parent=36034"}],"wp:term":[{"taxonomy":"product_cat","embeddable":true,"href":"https:\/\/developing.newgarden.es\/it\/wp-json\/wp\/v2\/product_cat?post=36034"},{"taxonomy":"product_tag","embeddable":true,"href":"https:\/\/developing.newgarden.es\/it\/wp-json\/wp\/v2\/product_tag?post=36034"}],"curies":[{"name":"wp","href":"https:\/\/api.w.org\/{rel}","templated":true}]}}