{"id":34535,"date":"2021-02-02T10:29:19","date_gmt":"2021-04-08T09:16:38","guid":{"rendered":"https:\/\/newgarden.es\/shop\/senza%20categoria\/x3-ghirlanda-decorativa-di-luci-aurora\/"},"modified":"2024-05-28T14:57:09","modified_gmt":"2024-05-28T12:57:09","slug":"x3-ghirlanda-decorativa-di-luci-aurora","status":"publish","type":"product","link":"https:\/\/developing.newgarden.es\/it\/shop\/lightdeco-it\/natale\/x3-ghirlanda-decorativa-di-luci-aurora\/","title":{"rendered":"GHIRLANDA DECORATIVA AURORA"},"content":{"rendered":"<section class=\"wpb-content-wrapper\"><p>[vc_row][vc_column][vc_column_text][\/vc_column_text][\/vc_column][\/vc_row][vc_row][vc_column][vc_column_text]<strong>GHIRLANDA DECORATIVA AURORA<\/strong><\/p>\n<p>La ghirlanda decorativa AURORA \u00e8 perfetta per eventi e feste, \u00e8 anche ideale per decorare la vostra casa o qualsiasi luogo all&#8217;aperto, giardino, terrazza, azienda o come decorazione natalizia. Il suo paralume \u00e8 fatto a mano in fibre naturali.<\/p>\n<p>A differenza della maggior parte delle ghirlande sul mercato, la ghirlanda decorativa Newgarden ha 10 lampadine sostituibili incluse che forniscono un design vintage e un&#8217;illuminazione calda molto notevole.<\/p>\n<p>La corda \u00e8 fatta di juta, che d\u00e0 un tocco naturale alla ghirlanda senza perdere le sue propriet\u00e0 elettriche.<\/p>\n<p>La ghirlanda decorativa Aurora \u00e8 disponibile in 2 versioni: CAVO o SOLARE + BATTERIA RICARICABILE.<\/p>\n<p>La lunghezza della ghirlanda Aurora \u00e8 di 8 metri, solo nella versione CABLE si possono unire 4 ghirlande.[\/vc_column_text][vc_video link=&#8221;https:\/\/youtu.be\/wRib50HxTbI&#8221;][vc_video link=&#8221;https:\/\/youtu.be\/r7IA5TyahN8&#8243;][\/vc_column][\/vc_row][vc_row][vc_column width=&#8221;1\/2&#8243;][vc_btn title=&#8221;SCHEDA TECNICA&#8221; style=&#8221;custom&#8221; custom_background=&#8221;#009bc2&#8243; custom_text=&#8221;#ffffff&#8221; shape=&#8221;square&#8221; el_class=&#8221;btn_descargar_ficha&#8221; link=&#8221;url:https%3A%2F%2Fbit.ly%2F3NaTIsZ|target:%20_blank|&#8221;][vc_btn title=&#8221;SCHEDA TECNICA&#8221; style=&#8221;custom&#8221; custom_background=&#8221;#009bc2&#8243; custom_text=&#8221;#ffffff&#8221; shape=&#8221;square&#8221; el_class=&#8221;btn_descargar_ficha&#8221; link=&#8221;url:https%3A%2F%2Fbit.ly%2F3baaknj|target:%20_blank|&#8221;][\/vc_column][vc_column width=&#8221;1\/2&#8243;][vc_btn title=&#8221;MANUALE DI ISTRUZIONI&#8221; style=&#8221;custom&#8221; custom_background=&#8221;#009bc2&#8243; custom_text=&#8221;#ffffff&#8221; shape=&#8221;square&#8221; el_class=&#8221;btn_descargar_ficha&#8221; link=&#8221;url:https%3A%2F%2Fbit.ly%2F3cZ0t4F|target:%20_blank|&#8221;][vc_btn title=&#8221;MANUALE DI ISTRUZIONI&#8221; style=&#8221;custom&#8221; custom_background=&#8221;#009bc2&#8243; custom_text=&#8221;#ffffff&#8221; shape=&#8221;square&#8221; el_class=&#8221;btn_descargar_ficha&#8221; link=&#8221;url:https%3A%2F%2Fbit.ly%2F3bwbj1O|target:%20_blank|&#8221;][\/vc_column][\/vc_row]<\/p>\n<\/section>","protected":false},"excerpt":{"rendered":"<p>[vc_row][vc_column][vc_column_text][\/vc_column_text][\/vc_column][\/vc_row][vc_row][vc_column][vc_column_text]GHIRLANDA DECORATIVA AURORA La ghirlanda decorativa AURORA \u00e8 perfetta per eventi e feste, \u00e8 anche ideale per decorare la vostra casa o qualsiasi luogo all&#8217;aperto, giardino, terrazza, azienda o come<\/p>\n","protected":false},"featured_media":58210,"template":"","meta":[],"product_cat":[974,1577,993],"product_tag":[955,962,961],"class_list":{"0":"post-34535","1":"product","2":"type-product","3":"status-publish","4":"has-post-thumbnail","6":"product_cat-lightdeco-it","7":"product_cat-ghirlande","8":"product_cat-natale","9":"product_tag-cavo","10":"product_tag-senza-fili-it","11":"product_tag-solare","13":"first","14":"instock","15":"taxable","16":"shipping-taxable","17":"purchasable","18":"product-type-variable"},"df_price":140.7,"df_sale_price":"","df_regular_price":140.7,"df_image_link":"https:\/\/developing.newgarden.es\/wp-content\/uploads\/2021\/02\/AURORA_1200X1200-5-1-300x300.jpg","_links":{"self":[{"href":"https:\/\/developing.newgarden.es\/it\/wp-json\/wp\/v2\/product\/34535"}],"collection":[{"href":"https:\/\/developing.newgarden.es\/it\/wp-json\/wp\/v2\/product"}],"about":[{"href":"https:\/\/developing.newgarden.es\/it\/wp-json\/wp\/v2\/types\/product"}],"wp:featuredmedia":[{"embeddable":true,"href":"https:\/\/developing.newgarden.es\/it\/wp-json\/wp\/v2\/media\/58210"}],"wp:attachment":[{"href":"https:\/\/developing.newgarden.es\/it\/wp-json\/wp\/v2\/media?parent=34535"}],"wp:term":[{"taxonomy":"product_cat","embeddable":true,"href":"https:\/\/developing.newgarden.es\/it\/wp-json\/wp\/v2\/product_cat?post=34535"},{"taxonomy":"product_tag","embeddable":true,"href":"https:\/\/developing.newgarden.es\/it\/wp-json\/wp\/v2\/product_tag?post=34535"}],"curies":[{"name":"wp","href":"https:\/\/api.w.org\/{rel}","templated":true}]}}