{"id":34533,"date":"2021-02-02T09:11:56","date_gmt":"2021-04-08T09:11:25","guid":{"rendered":"https:\/\/newgarden.es\/shop\/senza%20categoria\/lampada-da-terra-senza-fili-amalfi\/"},"modified":"2021-08-03T10:20:46","modified_gmt":"2021-08-03T08:20:46","slug":"lampada-da-terra-senza-fili-amalfi","status":"publish","type":"product","link":"https:\/\/developing.newgarden.es\/it\/shop\/lightdeco-it\/lampade-da-terra\/lampada-da-terra-senza-fili-amalfi\/","title":{"rendered":"LAMPADA DA TERRA SENZA FILI AMALFI"},"content":{"rendered":"<section class=\"wpb-content-wrapper\"><p>[vc_row][vc_column][vc_column_text][\/vc_column_text][\/vc_column][\/vc_row][vc_row][vc_column][vc_column_text]La lampada da terra Amalfi si distingue per la sua versatilit\u00e0 in quanto non ha bisogno di cavi e pu\u00f2 essere utilizzata sia all&#8217;esterno che all&#8217;interno. Il paralume \u00e8 intrecciato a mano con fibre naturali e ha tre gambe nere che stabilizzano perfettamente la lampada su qualsiasi terreno.<\/p>\n<p>Incorpora una lampadina ricaricabile portatile da 900 lumen che non richiede installazione, basta avvicinarla alla lampada e questa aderir\u00e0 grazie alla sua base magnetica. Questa lampadina include anche il telecomando per accendere, spegnere e regolare la sua intensit\u00e0.[\/vc_column_text][vc_video link=&#8221;https:\/\/youtu.be\/J9ZLQegWyyQ&#8221;][\/vc_column][\/vc_row][vc_row][vc_column width=&#8221;1\/2&#8243;][vc_btn title=&#8221;SCHEDA TECNICA&#8221; style=&#8221;custom&#8221; custom_background=&#8221;#009bc2&#8243; custom_text=&#8221;#ffffff&#8221; shape=&#8221;square&#8221; el_class=&#8221;btn_descargar_ficha&#8221; link=&#8221;url:https%3A%2F%2Fdrive.google.com%2Fdrive%2Ffolders%2F1ttmkqaNPuygGZrIjbs0sfCupyD0tpB8d|target:%20_blank|&#8221;][\/vc_column][vc_column width=&#8221;1\/2&#8243;][vc_btn title=&#8221;MANUALE DI ISTRUZIONI&#8221; style=&#8221;custom&#8221; custom_background=&#8221;#009bc2&#8243; custom_text=&#8221;#ffffff&#8221; shape=&#8221;square&#8221; el_class=&#8221;btn_descargar_ficha&#8221; link=&#8221;target:%20_blank|&#8221;][\/vc_column][\/vc_row]<\/p>\n<\/section>","protected":false},"excerpt":{"rendered":"<p>[vc_row][vc_column][vc_column_text][\/vc_column_text][\/vc_column][\/vc_row][vc_row][vc_column][vc_column_text]La lampada da terra Amalfi si distingue per la sua versatilit\u00e0 in quanto non ha bisogno di cavi e pu\u00f2 essere utilizzata sia all&#8217;esterno che all&#8217;interno. Il paralume \u00e8 intrecciato<\/p>\n","protected":false},"featured_media":52968,"template":"","meta":[],"product_cat":[1697,974,985],"product_tag":[953,962],"class_list":{"0":"post-34533","1":"product","2":"type-product","3":"status-publish","4":"has-post-thumbnail","6":"product_cat-productos-it","7":"product_cat-lightdeco-it","8":"product_cat-lampade-da-terra","9":"product_tag-batteria","10":"product_tag-senza-fili-it","12":"first","13":"instock","14":"taxable","15":"shipping-taxable","16":"purchasable","17":"product-type-variable","18":"has-default-attributes"},"df_price":178.1,"df_sale_price":"","df_regular_price":178.1,"df_image_link":"https:\/\/developing.newgarden.es\/wp-content\/uploads\/2021\/02\/AMALFI_145_BATTERY_1200px-4.jpg","_links":{"self":[{"href":"https:\/\/developing.newgarden.es\/it\/wp-json\/wp\/v2\/product\/34533"}],"collection":[{"href":"https:\/\/developing.newgarden.es\/it\/wp-json\/wp\/v2\/product"}],"about":[{"href":"https:\/\/developing.newgarden.es\/it\/wp-json\/wp\/v2\/types\/product"}],"wp:featuredmedia":[{"embeddable":true,"href":"https:\/\/developing.newgarden.es\/it\/wp-json\/wp\/v2\/media\/52968"}],"wp:attachment":[{"href":"https:\/\/developing.newgarden.es\/it\/wp-json\/wp\/v2\/media?parent=34533"}],"wp:term":[{"taxonomy":"product_cat","embeddable":true,"href":"https:\/\/developing.newgarden.es\/it\/wp-json\/wp\/v2\/product_cat?post=34533"},{"taxonomy":"product_tag","embeddable":true,"href":"https:\/\/developing.newgarden.es\/it\/wp-json\/wp\/v2\/product_tag?post=34533"}],"curies":[{"name":"wp","href":"https:\/\/api.w.org\/{rel}","templated":true}]}}