{"id":34512,"date":"2021-02-10T09:08:17","date_gmt":"2021-04-08T08:06:12","guid":{"rendered":"https:\/\/newgarden.es\/shop\/senza%20categoria\/lampada-solare-greta-5-lampade-in-1-colore-nero\/"},"modified":"2021-04-08T10:06:16","modified_gmt":"2021-04-08T08:06:16","slug":"lampada-solare-greta-5-lampade-in-1-colore-nero","status":"publish","type":"product","link":"https:\/\/developing.newgarden.es\/it\/shop\/lightdeco-it\/lampada-da-parete\/lampada-solare-greta-5-lampade-in-1-colore-nero\/","title":{"rendered":"LAMPADA SOLARE GRETA (5 LAMPADE IN 1) &#8211; COLORE NERO"},"content":{"rendered":"<section class=\"wpb-content-wrapper\"><p>[vc_row][vc_column][vc_column_text][\/vc_column_text][\/vc_column][\/vc_row][vc_row][vc_column][vc_column_text]La lampada solare Greta \u00e8 una rivoluzione nel campo dell&#8217;illuminazione del giardino, in quanto \u00e8 5 lampade in 1. Si pu\u00f2 godere di una lampada da terra, una lampada da tavolo, due picchi ad altezze diverse o una lampada da parete in un unico prodotto, basta assemblare la versione desiderata. Pu\u00f2 essere caricato dalla luce del sole o dalla micro USB e ha due modalit\u00e0 di accensione: MANUALE o AUTOMATICA.<\/p>\n<p>La lampada solare Greta \u00e8 fatta di materiale riciclato dagli oceani, \u00e8 un prodotto sostenibile, dando una nuova vita ai rifiuti di plastica sotto forma di lampada. Disponibile in bianco o nero.[\/vc_column_text][vc_video link=&#8221;https:\/\/youtu.be\/fY2xIXi5hOI&#8221;][\/vc_column][\/vc_row][vc_row][vc_column width=&#8221;1\/2&#8243;][vc_btn title=&#8221;SCHEDA TECNICA&#8221; style=&#8221;custom&#8221; custom_background=&#8221;#009bc2&#8243; custom_text=&#8221;#ffffff&#8221; shape=&#8221;square&#8221; el_class=&#8221;btn_descargar_ficha&#8221; link=&#8221;url:https%3A%2F%2Fdrive.google.com%2Fdrive%2Ffolders%2F1sDi0RQageFE5E8dB3EKmUs4MuAXLT7y_|target:%20_blank|&#8221;][\/vc_column][vc_column width=&#8221;1\/2&#8243;][vc_btn title=&#8221;MANUALE DI ISTRUZIONI&#8221; style=&#8221;custom&#8221; custom_background=&#8221;#009bc2&#8243; custom_text=&#8221;#ffffff&#8221; shape=&#8221;square&#8221; el_class=&#8221;btn_descargar_ficha&#8221; link=&#8221;target:%20_blank|&#8221;][\/vc_column][\/vc_row]<\/p>\n<\/section>","protected":false},"excerpt":{"rendered":"<p>[vc_row][vc_column][vc_column_text][\/vc_column_text][\/vc_column][\/vc_row][vc_row][vc_column][vc_column_text]La lampada solare Greta \u00e8 una rivoluzione nel campo dell&#8217;illuminazione del giardino, in quanto \u00e8 5 lampade in 1. Si pu\u00f2 godere di una lampada da terra, una lampada da<\/p>\n","protected":false},"featured_media":56893,"template":"","meta":[],"product_cat":[1697,974,985,983,1582,969,1588],"product_tag":[962,961],"class_list":{"0":"post-34512","1":"product","2":"type-product","3":"status-publish","4":"has-post-thumbnail","6":"product_cat-productos-it","7":"product_cat-lightdeco-it","8":"product_cat-lampade-da-terra","9":"product_cat-lampade-da-tavolo","10":"product_cat-fari-e-picchetti","11":"product_cat-lampada-da-parete","12":"product_cat-interni-it-it","13":"product_tag-senza-fili-it","14":"product_tag-solare","16":"first","17":"instock","18":"taxable","19":"shipping-taxable","20":"purchasable","21":"product-type-variable","22":"has-default-attributes"},"df_price":30.2,"df_sale_price":"","df_regular_price":30.2,"df_image_link":"https:\/\/developing.newgarden.es\/wp-content\/uploads\/2021\/02\/GRETA_5X1_BATTERY_BW_1200X1200-5-300x300.jpg","_links":{"self":[{"href":"https:\/\/developing.newgarden.es\/it\/wp-json\/wp\/v2\/product\/34512"}],"collection":[{"href":"https:\/\/developing.newgarden.es\/it\/wp-json\/wp\/v2\/product"}],"about":[{"href":"https:\/\/developing.newgarden.es\/it\/wp-json\/wp\/v2\/types\/product"}],"wp:featuredmedia":[{"embeddable":true,"href":"https:\/\/developing.newgarden.es\/it\/wp-json\/wp\/v2\/media\/56893"}],"wp:attachment":[{"href":"https:\/\/developing.newgarden.es\/it\/wp-json\/wp\/v2\/media?parent=34512"}],"wp:term":[{"taxonomy":"product_cat","embeddable":true,"href":"https:\/\/developing.newgarden.es\/it\/wp-json\/wp\/v2\/product_cat?post=34512"},{"taxonomy":"product_tag","embeddable":true,"href":"https:\/\/developing.newgarden.es\/it\/wp-json\/wp\/v2\/product_tag?post=34512"}],"curies":[{"name":"wp","href":"https:\/\/api.w.org\/{rel}","templated":true}]}}