{"id":34490,"date":"2021-02-10T13:28:34","date_gmt":"2021-04-07T14:33:34","guid":{"rendered":"https:\/\/newgarden.es\/shop\/senza%20categoria\/lampada-a-sospensione-senza-cavi-benirras\/"},"modified":"2021-04-07T16:33:38","modified_gmt":"2021-04-07T14:33:38","slug":"lampada-a-sospensione-senza-cavi-benirras","status":"publish","type":"product","link":"https:\/\/developing.newgarden.es\/it\/shop\/lightdeco-it\/lampade-a-sospensione\/lampada-a-sospensione-senza-cavi-benirras\/","title":{"rendered":"LAMPADA A SOSPENSIONE SENZA CAVI BENIRRAS"},"content":{"rendered":"<section class=\"wpb-content-wrapper\"><p>[vc_row][vc_column][vc_column_text][\/vc_column_text][\/vc_column][\/vc_row][vc_row][vc_column][vc_column_text]La lampada a sospensione senza fili BENIRRAS \u00e8 fatta a mano con fibre naturali.<\/p>\n<p>Non c&#8217;\u00e8 bisogno di installazione, basta appenderlo dove vuoi, perch\u00e9 ha una lampadina ricaricabile portatile da 900 lumen incorporata che si aggancia e sei pronto a partire.<\/p>\n<p>Questa lampadina include anche il telecomando per accendere e spegnere e regolare la sua intensit\u00e0.<\/p>\n<p>Include anche 3m di cavo.[\/vc_column_text][vc_video link=&#8221;https:\/\/youtu.be\/PGtA4jgVHlw&#8221;][\/vc_column][\/vc_row][vc_row][vc_column width=&#8221;1\/2&#8243;][vc_btn title=&#8221;SCHEDA TECNICA&#8221; style=&#8221;custom&#8221; custom_background=&#8221;#009bc2&#8243; custom_text=&#8221;#ffffff&#8221; shape=&#8221;square&#8221; el_class=&#8221;btn_descargar_ficha&#8221; link=&#8221;url:https%3A%2F%2Fdrive.google.com%2Fdrive%2Ffolders%2F1B7rPk2T-oT5ryzVROevCv-r-2eJUZREA|target:%20_blank|&#8221;][\/vc_column][vc_column width=&#8221;1\/2&#8243;][vc_btn title=&#8221;MANUALE DI ISTRUZIONI&#8221; style=&#8221;custom&#8221; custom_background=&#8221;#009bc2&#8243; custom_text=&#8221;#ffffff&#8221; shape=&#8221;square&#8221; el_class=&#8221;btn_descargar_ficha&#8221; link=&#8221;target:%20_blank|&#8221;][\/vc_column][\/vc_row]<\/p>\n<\/section>","protected":false},"excerpt":{"rendered":"<p>[vc_row][vc_column][vc_column_text][\/vc_column_text][\/vc_column][\/vc_row][vc_row][vc_column][vc_column_text]La lampada a sospensione senza fili BENIRRAS \u00e8 fatta a mano con fibre naturali. Non c&#8217;\u00e8 bisogno di installazione, basta appenderlo dove vuoi, perch\u00e9 ha una lampadina ricaricabile portatile da<\/p>\n","protected":false},"featured_media":63168,"template":"","meta":[],"product_cat":[974,1566,980],"product_tag":[953,962],"class_list":{"0":"post-34490","1":"product","2":"type-product","3":"status-publish","4":"has-post-thumbnail","6":"product_cat-lightdeco-it","7":"product_cat-plafoniere-senza-fili","8":"product_cat-lampade-a-sospensione","9":"product_tag-batteria","10":"product_tag-senza-fili-it","12":"first","13":"instock","14":"taxable","15":"shipping-taxable","16":"purchasable","17":"product-type-variable","18":"has-default-attributes"},"df_price":51.1,"df_sale_price":"","df_regular_price":51.1,"df_image_link":"https:\/\/developing.newgarden.es\/wp-content\/uploads\/2021\/02\/BENIRRAS_35_1200X1200-1-2-300x300.jpg","_links":{"self":[{"href":"https:\/\/developing.newgarden.es\/it\/wp-json\/wp\/v2\/product\/34490"}],"collection":[{"href":"https:\/\/developing.newgarden.es\/it\/wp-json\/wp\/v2\/product"}],"about":[{"href":"https:\/\/developing.newgarden.es\/it\/wp-json\/wp\/v2\/types\/product"}],"wp:featuredmedia":[{"embeddable":true,"href":"https:\/\/developing.newgarden.es\/it\/wp-json\/wp\/v2\/media\/63168"}],"wp:attachment":[{"href":"https:\/\/developing.newgarden.es\/it\/wp-json\/wp\/v2\/media?parent=34490"}],"wp:term":[{"taxonomy":"product_cat","embeddable":true,"href":"https:\/\/developing.newgarden.es\/it\/wp-json\/wp\/v2\/product_cat?post=34490"},{"taxonomy":"product_tag","embeddable":true,"href":"https:\/\/developing.newgarden.es\/it\/wp-json\/wp\/v2\/product_tag?post=34490"}],"curies":[{"name":"wp","href":"https:\/\/api.w.org\/{rel}","templated":true}]}}