{"id":34488,"date":"2021-02-10T14:32:41","date_gmt":"2021-04-07T14:29:45","guid":{"rendered":"https:\/\/newgarden.es\/shop\/senza%20categoria\/lampada-a-sospensione-senza-filo-positano\/"},"modified":"2023-01-10T11:45:24","modified_gmt":"2023-01-10T10:45:24","slug":"lampada-a-sospensione-senza-filo-positano","status":"publish","type":"product","link":"https:\/\/developing.newgarden.es\/it\/shop\/lightdeco-it\/lampade-a-sospensione\/lampada-a-sospensione-senza-filo-positano\/","title":{"rendered":"LAMPADA A SOSPENSIONE SENZA FILO POSITANO"},"content":{"rendered":"<section class=\"wpb-content-wrapper\"><p>[vc_row][vc_column][vc_column_text][\/vc_column_text][\/vc_column][\/vc_row][vc_row][vc_column][vc_column_text]La lampada a sospensione senza fili POSITANO \u00e8 fatta a mano con fibre naturali.<\/p>\n<p>Non c&#8217;\u00e8 bisogno di installazione, basta appenderlo dove vuoi, perch\u00e9 ha una lampadina ricaricabile portatile da 900 lumen incorporata che si aggancia e sei pronto a partire.<\/p>\n<p>Questa lampadina include anche il telecomando per accendere e spegnere e regolare la sua intensit\u00e0.<\/p>\n<p>Include anche 3m di cavo.[\/vc_column_text][vc_video link=&#8221;https:\/\/youtu.be\/vdhcxDVpATo&#8221;][\/vc_column][\/vc_row][vc_row][vc_column width=&#8221;1\/2&#8243;][vc_btn title=&#8221;SCHEDA TECNICA&#8221; style=&#8221;custom&#8221; custom_background=&#8221;#009bc2&#8243; custom_text=&#8221;#ffffff&#8221; shape=&#8221;square&#8221; el_class=&#8221;btn_descargar_ficha&#8221; link=&#8221;url:https%3A%2F%2Fdrive.google.com%2Fdrive%2Ffolders%2F10D5SSuP8yONExGIjK_GWR_lKer4iIyPU|target:%20_blank|&#8221;][\/vc_column][vc_column width=&#8221;1\/2&#8243;][vc_btn title=&#8221;MANUALE DI ISTRUZIONI&#8221; style=&#8221;custom&#8221; custom_background=&#8221;#009bc2&#8243; custom_text=&#8221;#ffffff&#8221; shape=&#8221;square&#8221; el_class=&#8221;btn_descargar_ficha&#8221; link=&#8221;target:%20_blank|&#8221;][\/vc_column][\/vc_row]<\/p>\n<\/section>","protected":false},"excerpt":{"rendered":"<p>[vc_row][vc_column][vc_column_text][\/vc_column_text][\/vc_column][\/vc_row][vc_row][vc_column][vc_column_text]La lampada a sospensione senza fili POSITANO \u00e8 fatta a mano con fibre naturali. Non c&#8217;\u00e8 bisogno di installazione, basta appenderlo dove vuoi, perch\u00e9 ha una lampadina ricaricabile portatile da<\/p>\n","protected":false},"featured_media":57472,"template":"","meta":[],"product_cat":[974,1566,980],"product_tag":[953,962],"class_list":{"0":"post-34488","1":"product","2":"type-product","3":"status-publish","4":"has-post-thumbnail","6":"product_cat-lightdeco-it","7":"product_cat-plafoniere-senza-fili","8":"product_cat-lampade-a-sospensione","9":"product_tag-batteria","10":"product_tag-senza-fili-it","12":"first","13":"instock","14":"taxable","15":"shipping-taxable","16":"purchasable","17":"product-type-variable"},"df_price":51.1,"df_sale_price":"","df_regular_price":51.1,"df_image_link":"https:\/\/developing.newgarden.es\/wp-content\/uploads\/2021\/02\/POSITANO_1200X1200-7-300x300.jpg","_links":{"self":[{"href":"https:\/\/developing.newgarden.es\/it\/wp-json\/wp\/v2\/product\/34488"}],"collection":[{"href":"https:\/\/developing.newgarden.es\/it\/wp-json\/wp\/v2\/product"}],"about":[{"href":"https:\/\/developing.newgarden.es\/it\/wp-json\/wp\/v2\/types\/product"}],"wp:featuredmedia":[{"embeddable":true,"href":"https:\/\/developing.newgarden.es\/it\/wp-json\/wp\/v2\/media\/57472"}],"wp:attachment":[{"href":"https:\/\/developing.newgarden.es\/it\/wp-json\/wp\/v2\/media?parent=34488"}],"wp:term":[{"taxonomy":"product_cat","embeddable":true,"href":"https:\/\/developing.newgarden.es\/it\/wp-json\/wp\/v2\/product_cat?post=34488"},{"taxonomy":"product_tag","embeddable":true,"href":"https:\/\/developing.newgarden.es\/it\/wp-json\/wp\/v2\/product_tag?post=34488"}],"curies":[{"name":"wp","href":"https:\/\/api.w.org\/{rel}","templated":true}]}}