{"id":32760,"date":"2021-02-10T11:39:10","date_gmt":"2021-02-10T10:39:15","guid":{"rendered":"https:\/\/newgarden.es\/?post_type=product&#038;p=32760"},"modified":"2021-06-16T16:48:30","modified_gmt":"2021-06-16T14:48:30","slug":"lampione-solare-ibrido-pepita","status":"publish","type":"product","link":"https:\/\/developing.newgarden.es\/it\/shop\/lightdeco-it\/lanterne-e-lampade-da-parete\/lampione-solare-ibrido-pepita\/","title":{"rendered":"LAMPIONE SOLARE IBRIDO PEPITA"},"content":{"rendered":"<section class=\"wpb-content-wrapper\"><p>[vc_row][vc_column el_class=&#8221;descripcion_producto&#8221;][vc_column_text]<\/p>\n<p>La lampione solare ibrida PEPITA \u00e8 un must per il giardino, il suo sistema avanzato di tecnologia ibrida combina la ricarica solare ed elettrica, cos\u00ec la lanterna \u00e8 completamente funzionale per tutto il tempo necessario.<\/p>\n<p>Quando la carica solare si esaurisce, si collega automaticamente alla rete elettrica per continuare a lavorare a piena capacit\u00e0.<\/p>\n<p style=\"text-align: justify;\">Ha due modalit\u00e0 di commutazione: MANUALE e AUTOMATICO e la modalit\u00e0 SENSOR (sensore di movimento). In modalit\u00e0 sensore di movimento, la lampada \u00e8 accesa a bassa intensit\u00e0, solo quando rileva la presenza si accende al 100% per circa 60 secondi, e torna a bassa intensit\u00e0 per ottimizzare l&#8217;illuminazione.<\/p>\n<p style=\"text-align: justify;\">Questo apparecchio richiede l&#8217;installazione. 1500 lumen.<\/p>\n<p><em>Tutti i prodotti Newgarden sono realizzati in polietilene, quindi sono leggeri e molto resistenti. Resistono a sbalzi di temperatura estremi e sono protetti dai raggi UV rendendo la durata del prodotto quasi illimitata.<\/em><\/p>\n<p>[\/vc_column_text][\/vc_column][\/vc_row][vc_row disable_element=&#8221;yes&#8221;][vc_column][vc_single_image image=&#8221;6566&#8243; img_size=&#8221;full&#8221;][\/vc_column][\/vc_row][vc_row][vc_column width=&#8221;1\/2&#8243;][vc_btn title=&#8221;SCHEDA TECNICA&#8221; style=&#8221;custom&#8221; custom_background=&#8221;#009bc2&#8243; custom_text=&#8221;#ffffff&#8221; shape=&#8221;square&#8221; link=&#8221;url:https%3A%2F%2Fdrive.google.com%2Fdrive%2Ffolders%2F1j3A2vwvkTN_UwW_9ZOMlXQitAPCd0wDB|target:%20_blank|&#8221; el_class=&#8221;btn_descargar_ficha&#8221;][\/vc_column][vc_column width=&#8221;1\/2&#8243;][vc_btn title=&#8221;MANUALE DI ISTRUZIONI&#8221; style=&#8221;custom&#8221; custom_background=&#8221;#009bc2&#8243; custom_text=&#8221;#ffffff&#8221; shape=&#8221;square&#8221; link=&#8221;url:https%3A%2F%2Fdeveloping.newgarden.es%2Fit%2F%3Fpage_id%3D25151|target:%20_blank|&#8221; el_class=&#8221;btn_descargar_ficha&#8221;][\/vc_column][\/vc_row]<\/p>\n<\/section>","protected":false},"excerpt":{"rendered":"<h1 style=\"font-size: 12px;\">Lampione solare ibrido PEPITA<\/h1>\n","protected":false},"featured_media":57772,"template":"","meta":[],"product_cat":[1697,974,1562],"product_tag":[],"class_list":{"0":"post-32760","1":"product","2":"type-product","3":"status-publish","4":"has-post-thumbnail","6":"product_cat-productos-it","7":"product_cat-lightdeco-it","8":"product_cat-lanterne-e-lampade-da-parete","10":"first","11":"instock","12":"taxable","13":"shipping-taxable","14":"purchasable","15":"product-type-variable","16":"has-default-attributes"},"df_price":318.7,"df_sale_price":"","df_regular_price":318.7,"df_image_link":"https:\/\/developing.newgarden.es\/wp-content\/uploads\/2021\/02\/PEPITA_FAROLA_1200X1200-7-300x300.jpg","_links":{"self":[{"href":"https:\/\/developing.newgarden.es\/it\/wp-json\/wp\/v2\/product\/32760"}],"collection":[{"href":"https:\/\/developing.newgarden.es\/it\/wp-json\/wp\/v2\/product"}],"about":[{"href":"https:\/\/developing.newgarden.es\/it\/wp-json\/wp\/v2\/types\/product"}],"wp:featuredmedia":[{"embeddable":true,"href":"https:\/\/developing.newgarden.es\/it\/wp-json\/wp\/v2\/media\/57772"}],"wp:attachment":[{"href":"https:\/\/developing.newgarden.es\/it\/wp-json\/wp\/v2\/media?parent=32760"}],"wp:term":[{"taxonomy":"product_cat","embeddable":true,"href":"https:\/\/developing.newgarden.es\/it\/wp-json\/wp\/v2\/product_cat?post=32760"},{"taxonomy":"product_tag","embeddable":true,"href":"https:\/\/developing.newgarden.es\/it\/wp-json\/wp\/v2\/product_tag?post=32760"}],"curies":[{"name":"wp","href":"https:\/\/api.w.org\/{rel}","templated":true}]}}