{"id":30312,"date":"2019-10-11T14:40:27","date_gmt":"2020-08-05T13:13:55","guid":{"rendered":"https:\/\/newgarden.es\/?post_type=product&#038;p=30312"},"modified":"2023-03-14T12:03:44","modified_gmt":"2023-03-14T11:03:44","slug":"enoki","status":"publish","type":"product","link":"https:\/\/developing.newgarden.es\/it\/shop\/lightdeco-it\/lampade-da-tavolo\/enoki\/","title":{"rendered":"LAMPADE DA TAVOLO ORIENTABILE ENOKI"},"content":{"rendered":"<section class=\"wpb-content-wrapper\"><p>[vc_row][vc_column el_class=&#8221;descripcion_producto&#8221;][vc_column_text]<\/p>\n<p>Lampade da tavolo orientabile Enoki<\/p>\n<p>La lampada da tavolo Enoki \u00e8 una delle novit\u00e0 di NEWGARDEN. \u00c8 perfetto in ogni angolo della tua casa e spazi esterni, terrazze o attivit\u00e0 commerciali.<\/p>\n<p>Sapevi che Enoki \u00e8 un tipo di fungo? Conosciuto anche come &#8220;fungo d&#8217;acqua dorato&#8221;, \u00e8 uno degli ingredienti pi\u00f9 utilizzati nelle gastronomie asiatiche.<\/p>\n<p>La lampada di design Enoki \u00e8 disponibile in 3 finiture Newgarden: nero, bianco e rosa.<\/p>\n<p>La lampada Enoki, oltre ad essere regolabile, consente di regolare l&#8217;intensit\u00e0 della luce fino a 3 volte utilizzando il pulsante a sfioramento.<br \/>\nInclude un caricabatterie e la sua batteria da 4,4 Ah dura dalle 5 alle 24 ore. p &gt;<\/p>\n<p>Tutti i prodotti Newgarden sono realizzati in polietilene, che li rende leggeri e altamente resistenti alle temperature estreme. Sono inoltre protetti dai raggi UV, rendendo la vita del prodotto estremamente lunga.<\/p>\n<p>Dimensioni: altezza: 25,5 cm. Larghezza: 16,5 cm.<\/p>\n<p>[\/vc_column_text][\/vc_column][\/vc_row][vc_row disable_element=&#8221;yes&#8221;][vc_column][vc_single_image image=&#8221;6566&#8243; img_size=&#8221;full&#8221;][\/vc_column][\/vc_row][vc_row][vc_column width=&#8221;1\/2&#8243;][vc_btn title=&#8221;DATA SHEET&#8221; style=&#8221;custom&#8221; custom_background=&#8221;#009bc2&#8243; custom_text=&#8221;#ffffff&#8221; shape=&#8221;square&#8221; link=&#8221;url:https%3A%2F%2Fwww.newgarden.es%2Fwp-content%2Fuploads%2F2018%2F05%2FVioleta.pdf|target:%20_blank|&#8221; el_class=&#8221;btn_descargar_ficha&#8221;][\/vc_column][vc_column width=&#8221;1\/2&#8243;][vc_btn title=&#8221;MANUAL&#8221; style=&#8221;custom&#8221; custom_background=&#8221;#009bc2&#8243; custom_text=&#8221;#ffffff&#8221; shape=&#8221;square&#8221; link=&#8221;url:https%3A%2F%2Fdeveloping.newgarden.es%2Finstrucciones%2F||target:%20_blank|&#8221; el_class=&#8221;btn_descargar_ficha&#8221;][\/vc_column][\/vc_row]<\/p>\n<\/section>","protected":false},"excerpt":{"rendered":"<h5><strong>LAMPADE DA TAVOLO ORIENTABILE ENOKI<\/strong><\/h5>\n","protected":false},"featured_media":32382,"template":"","meta":[],"product_cat":[1697,974,983,1588],"product_tag":[],"class_list":{"0":"post-30312","1":"product","2":"type-product","3":"status-publish","4":"has-post-thumbnail","6":"product_cat-productos-it","7":"product_cat-lightdeco-it","8":"product_cat-lampade-da-tavolo","9":"product_cat-interni-it-it","11":"first","12":"instock","13":"taxable","14":"shipping-taxable","15":"purchasable","16":"product-type-variable"},"df_price":47.3,"df_sale_price":"","df_regular_price":47.3,"df_image_link":"https:\/\/developing.newgarden.es\/wp-content\/uploads\/2019\/10\/Enoki_web-300x300.jpg","_links":{"self":[{"href":"https:\/\/developing.newgarden.es\/it\/wp-json\/wp\/v2\/product\/30312"}],"collection":[{"href":"https:\/\/developing.newgarden.es\/it\/wp-json\/wp\/v2\/product"}],"about":[{"href":"https:\/\/developing.newgarden.es\/it\/wp-json\/wp\/v2\/types\/product"}],"wp:featuredmedia":[{"embeddable":true,"href":"https:\/\/developing.newgarden.es\/it\/wp-json\/wp\/v2\/media\/32382"}],"wp:attachment":[{"href":"https:\/\/developing.newgarden.es\/it\/wp-json\/wp\/v2\/media?parent=30312"}],"wp:term":[{"taxonomy":"product_cat","embeddable":true,"href":"https:\/\/developing.newgarden.es\/it\/wp-json\/wp\/v2\/product_cat?post=30312"},{"taxonomy":"product_tag","embeddable":true,"href":"https:\/\/developing.newgarden.es\/it\/wp-json\/wp\/v2\/product_tag?post=30312"}],"curies":[{"name":"wp","href":"https:\/\/api.w.org\/{rel}","templated":true}]}}