{"id":30275,"date":"2019-10-14T10:38:02","date_gmt":"2020-08-05T11:18:39","guid":{"rendered":"https:\/\/newgarden.es\/?post_type=product&#038;p=30275"},"modified":"2024-05-29T13:03:14","modified_gmt":"2024-05-29T11:03:14","slug":"stella","status":"publish","type":"product","link":"https:\/\/developing.newgarden.es\/it\/shop\/lightdeco-it\/natale\/stella\/","title":{"rendered":"GHIRLANDA DECORATIVA STELLA"},"content":{"rendered":"<section class=\"wpb-content-wrapper\"><p>[vc_row][vc_column][vc_column_text]La ghirlanda di luci STELLA, \u00e8 una delle novit\u00e0 di NEWGARDEN. \u00c8 perfetto per eventi e feste, ed \u00e8 ideale per l&#8217;uso interno della casa, cos\u00ec come per qualsiasi angolo all&#8217;aperto, giardino, terrazza, lavoro o come decorazione natalizia.<\/p>\n<p>A differenza della maggior parte delle ghirlande sul mercato, la ghirlanda Newgarden STELLA ha 10 lampadine a LED integrate non sostituibili, incluse quelle che forniscono un design vintage.<\/p>\n<p>La dimensione della ghirlanda \u00e8 di 4,5 metri con uso esterno e interno IP44.<\/p>\n<p><strong>PACK DI 3 GHIRLANDE<\/strong><\/p>\n<h1 style=\"font-size: 12px;\">Disponibile in x3 GUIRNALDA DE LUCES STELLA per i professionisti.<\/h1>\n<p><a href=\"https:\/\/drive.google.com\/drive\/folders\/1i4YfJski27WchHTbTXF6DtqHnEh5Xu8U?usp=sharing\"><strong>SCHEDA TECNICA<\/strong><\/a>[\/vc_column_text][\/vc_column][\/vc_row][vc_row][vc_column width=&#8221;1\/2&#8243;][vc_btn title=&#8221;SCHEDA TECNICA&#8221; style=&#8221;custom&#8221; custom_background=&#8221;#009bc2&#8243; custom_text=&#8221;#ffffff&#8221; link=&#8221;url:https%3A%2F%2Fbit.ly%2F3oXVVhE|&#8221;][vc_btn title=&#8221;SCHEDA TECNICA&#8221; style=&#8221;custom&#8221; custom_background=&#8221;#009bc2&#8243; custom_text=&#8221;#ffffff&#8221; link=&#8221;url:https%3A%2F%2Fbit.ly%2F3zDgNj4|&#8221;][\/vc_column][vc_column width=&#8221;1\/2&#8243;][vc_btn title=&#8221;MANUALE DI ISTRUZIONI&#8221; style=&#8221;custom&#8221; custom_background=&#8221;#009bc2&#8243; custom_text=&#8221;#ffffff&#8221; link=&#8221;url:https%3A%2F%2Fbit.ly%2F3A1mB7O|&#8221;][vc_btn title=&#8221;MANUALE DI ISTRUZIONI&#8221; style=&#8221;custom&#8221; custom_background=&#8221;#009bc2&#8243; custom_text=&#8221;#ffffff&#8221; link=&#8221;url:https%3A%2F%2Fbit.ly%2F3pfw5pP|&#8221;][\/vc_column][\/vc_row]<\/p>\n<\/section>","protected":false},"excerpt":{"rendered":"<h1 style=\"font-size: 12px;\">Ghirlanda di luci Stella.<\/h1>\n","protected":false},"featured_media":58507,"template":"","meta":[],"product_cat":[974,1577,993],"product_tag":[],"class_list":{"0":"post-30275","1":"product","2":"type-product","3":"status-publish","4":"has-post-thumbnail","6":"product_cat-lightdeco-it","7":"product_cat-ghirlande","8":"product_cat-natale","10":"first","11":"instock","12":"taxable","13":"shipping-taxable","14":"purchasable","15":"product-type-variable","16":"has-default-attributes"},"df_price":63,"df_sale_price":"","df_regular_price":63,"df_image_link":"https:\/\/developing.newgarden.es\/wp-content\/uploads\/2019\/10\/STELLA_1200X1200-2-1-300x300.jpg","_links":{"self":[{"href":"https:\/\/developing.newgarden.es\/it\/wp-json\/wp\/v2\/product\/30275"}],"collection":[{"href":"https:\/\/developing.newgarden.es\/it\/wp-json\/wp\/v2\/product"}],"about":[{"href":"https:\/\/developing.newgarden.es\/it\/wp-json\/wp\/v2\/types\/product"}],"wp:featuredmedia":[{"embeddable":true,"href":"https:\/\/developing.newgarden.es\/it\/wp-json\/wp\/v2\/media\/58507"}],"wp:attachment":[{"href":"https:\/\/developing.newgarden.es\/it\/wp-json\/wp\/v2\/media?parent=30275"}],"wp:term":[{"taxonomy":"product_cat","embeddable":true,"href":"https:\/\/developing.newgarden.es\/it\/wp-json\/wp\/v2\/product_cat?post=30275"},{"taxonomy":"product_tag","embeddable":true,"href":"https:\/\/developing.newgarden.es\/it\/wp-json\/wp\/v2\/product_tag?post=30275"}],"curies":[{"name":"wp","href":"https:\/\/api.w.org\/{rel}","templated":true}]}}