{"id":30268,"date":"2019-10-11T14:02:06","date_gmt":"2020-08-05T10:57:13","guid":{"rendered":"https:\/\/newgarden.es\/?post_type=product&#038;p=30268"},"modified":"2021-05-07T12:14:10","modified_gmt":"2021-05-07T10:14:10","slug":"sisine","status":"publish","type":"product","link":"https:\/\/developing.newgarden.es\/it\/shop\/lightdeco-it\/lampade-a-sospensione\/sisine\/","title":{"rendered":"LAMPADA A SOSPENSIONE SISINE HANG"},"content":{"rendered":"<section class=\"wpb-content-wrapper\"><p>[vc_row][vc_column][vc_column_text]<\/p>\n<p>[\/vc_column_text][\/vc_column][\/vc_row][vc_row][vc_column el_class=&#8221;descripcion_producto&#8221;][vc_column_text]<\/p>\n<p>La Lampada a suspicione Sisine Hang \u00e8 una delle novit\u00e0 di NEWGARDEN. \u00c8 perfetto per eventi e feste, poich\u00e9 non necessita di installazione, \u00e8 ideale sia per uso interno in casa che per qualsiasi angolo esterno, giardino, terrazza o attivit\u00e0 commerciale.<\/p>\n<p>Combinalo con i modelli di ciondoli Reona, Reona e Calobra per creare composizioni davvero sorprendenti. Tutti questi modelli a sospensione sono IP54<\/p>\n<p>La lampada sospetta di design Sisine include una corda di 3 metri, un paralume e una lampadina con 3 intensit\u00e0 fino a 500 lumen di luce. <strong>Autonomia da 6 a 20 ore<\/strong>.<\/p>\n<p><em>Tutti i prodotti Newgarden sono realizzati in polietilene, che li rende leggeri e altamente resistenti alle temperature estreme. Sono inoltre protetti dai raggi UV, rendendo la vita del prodotto estremamente lunga.<\/em><\/p>\n<p>[\/vc_column_text][\/vc_column][\/vc_row][vc_row disable_element=&#8221;yes&#8221;][vc_column][vc_single_image image=&#8221;6566&#8243; img_size=&#8221;full&#8221;][\/vc_column][\/vc_row]<\/p>\n<\/section>","protected":false},"excerpt":{"rendered":"<h5><strong>LAMPADA A SOSPENSIONE SISINE NATURE<\/strong><\/h5>\n","protected":false},"featured_media":57641,"template":"","meta":[],"product_cat":[974,73,337,980],"product_tag":[],"class_list":{"0":"post-30268","1":"product","2":"type-product","3":"status-publish","4":"has-post-thumbnail","6":"product_cat-lightdeco-it","7":"product_cat-lightdeco","8":"product_cat-colgantes","9":"product_cat-lampade-a-sospensione","11":"first","12":"instock","13":"taxable","14":"shipping-taxable","15":"purchasable","16":"product-type-variable","17":"has-default-attributes"},"df_price":76.9,"df_sale_price":"","df_regular_price":76.9,"df_image_link":"https:\/\/developing.newgarden.es\/wp-content\/uploads\/2019\/10\/SISINE_HANG_BATTERY_1200X1200-4-300x300.jpg","_links":{"self":[{"href":"https:\/\/developing.newgarden.es\/it\/wp-json\/wp\/v2\/product\/30268"}],"collection":[{"href":"https:\/\/developing.newgarden.es\/it\/wp-json\/wp\/v2\/product"}],"about":[{"href":"https:\/\/developing.newgarden.es\/it\/wp-json\/wp\/v2\/types\/product"}],"wp:featuredmedia":[{"embeddable":true,"href":"https:\/\/developing.newgarden.es\/it\/wp-json\/wp\/v2\/media\/57641"}],"wp:attachment":[{"href":"https:\/\/developing.newgarden.es\/it\/wp-json\/wp\/v2\/media?parent=30268"}],"wp:term":[{"taxonomy":"product_cat","embeddable":true,"href":"https:\/\/developing.newgarden.es\/it\/wp-json\/wp\/v2\/product_cat?post=30268"},{"taxonomy":"product_tag","embeddable":true,"href":"https:\/\/developing.newgarden.es\/it\/wp-json\/wp\/v2\/product_tag?post=30268"}],"curies":[{"name":"wp","href":"https:\/\/api.w.org\/{rel}","templated":true}]}}