{"id":30241,"date":"2019-10-11T08:50:15","date_gmt":"2020-08-05T09:47:53","guid":{"rendered":"https:\/\/newgarden.es\/?post_type=product&#038;p=30241"},"modified":"2023-03-22T12:58:01","modified_gmt":"2023-03-22T11:58:01","slug":"bossa","status":"publish","type":"product","link":"https:\/\/developing.newgarden.es\/it\/shop\/lightdeco-it\/lampade-a-sospensione\/bossa\/","title":{"rendered":"LAMPADA A SOSPENSIONE BOSSA HANG"},"content":{"rendered":"<section class=\"wpb-content-wrapper\"><p>[vc_row][vc_column][vc_column_text]La lampada a sospensione Bossa \u00e8 una delle novit\u00e0 NEWGARDEN. \u00c8 perfetto per l&#8217;uso in casa, ma anche per qualsiasi angolo esterno, giardino, terrazza o attivit\u00e0 commerciale, ed \u00e8 ideale anche per eventi e feste, poich\u00e9 non richiede installazione.<\/p>\n<p>Pu\u00f2 essere abbinato ai modelli sospesi Nature Sisine, Reona e Calobra per creare composizioni davvero sorprendenti.<\/p>\n<p>La lampada Nature Bossa comprende un cavo di 3 metri, un paralume e una lampadina con 3 intensit\u00e0 di luce fino a 500 lumen e un&#8217;autonomia da 6 a 20 ore.[\/vc_column_text][\/vc_column][\/vc_row][vc_row][vc_column width=&#8221;1\/2&#8243;][vc_btn title=&#8221;SCHEDA TECNICA&#8221; style=&#8221;custom&#8221; custom_background=&#8221;#009bc2&#8243; custom_text=&#8221;#ffffff&#8221; link=&#8221;url:https%3A%2F%2Fbit.ly%2F3b9BlHr|target:%20_blank|&#8221; el_class=&#8221;btn_descargar_ficha&#8221;][\/vc_column][vc_column width=&#8221;1\/2&#8243;][vc_btn title=&#8221;MANUALE DI ISTRUZIONI&#8221; style=&#8221;custom&#8221; custom_background=&#8221;#009bc2&#8243; custom_text=&#8221;#ffffff&#8221; link=&#8221;url:https%3A%2F%2Fbit.ly%2F3Jvxodk|target:%20_blank|&#8221; el_class=&#8221;btn_descargar_ficha&#8221;][\/vc_column][\/vc_row]<\/p>\n<\/section>","protected":false},"excerpt":{"rendered":"<h5><strong>LAMPADA A SOSPENSIONE BOSSA NATURE <\/strong><\/h5>\n","protected":false},"featured_media":57721,"template":"","meta":[],"product_cat":[974,1566,980],"product_tag":[],"class_list":{"0":"post-30241","1":"product","2":"type-product","3":"status-publish","4":"has-post-thumbnail","6":"product_cat-lightdeco-it","7":"product_cat-plafoniere-senza-fili","8":"product_cat-lampade-a-sospensione","10":"first","11":"instock","12":"taxable","13":"shipping-taxable","14":"purchasable","15":"product-type-variable"},"df_price":56.1,"df_sale_price":"","df_regular_price":56.1,"df_image_link":"https:\/\/developing.newgarden.es\/wp-content\/uploads\/2019\/10\/BOSSA_HANG_BATTERY_1200X1200-6-1-300x300.jpg","_links":{"self":[{"href":"https:\/\/developing.newgarden.es\/it\/wp-json\/wp\/v2\/product\/30241"}],"collection":[{"href":"https:\/\/developing.newgarden.es\/it\/wp-json\/wp\/v2\/product"}],"about":[{"href":"https:\/\/developing.newgarden.es\/it\/wp-json\/wp\/v2\/types\/product"}],"wp:featuredmedia":[{"embeddable":true,"href":"https:\/\/developing.newgarden.es\/it\/wp-json\/wp\/v2\/media\/57721"}],"wp:attachment":[{"href":"https:\/\/developing.newgarden.es\/it\/wp-json\/wp\/v2\/media?parent=30241"}],"wp:term":[{"taxonomy":"product_cat","embeddable":true,"href":"https:\/\/developing.newgarden.es\/it\/wp-json\/wp\/v2\/product_cat?post=30241"},{"taxonomy":"product_tag","embeddable":true,"href":"https:\/\/developing.newgarden.es\/it\/wp-json\/wp\/v2\/product_tag?post=30241"}],"curies":[{"name":"wp","href":"https:\/\/api.w.org\/{rel}","templated":true}]}}