{"id":27295,"date":"2020-04-29T12:03:38","date_gmt":"2020-04-29T10:03:48","guid":{"rendered":"https:\/\/newgarden.es\/?post_type=product&#038;p=27295"},"modified":"2024-06-13T12:32:37","modified_gmt":"2024-06-13T10:32:37","slug":"violeta-40-color-copia-copia-2","status":"publish","type":"product","link":"https:\/\/developing.newgarden.es\/it\/shop\/vasi\/vasi-non-illuminati\/violeta-40-color-copia-copia-2\/","title":{"rendered":"VASO TONDO DE COLORE HORTENSIA 30"},"content":{"rendered":"<section class=\"wpb-content-wrapper\"><p>[vc_row][vc_column el_class=&#8221;descripcion_producto&#8221;][vc_column_text]HORTENSIA 30 (\u00f830x 30 cm) Hortensia \u00e8 una delle ultime novit\u00e0 della gamma di fioriere Newgarden. Si tratta di una fioriera rotonda con un&#8217;ampia base per le piante. Ha linee arrotondate e una finitura liscia.<\/p>\n<p>\u00c8 un modello perfetto per qualsiasi angolo del vostro giardino, per gli esterni, per le terrazze o per le attivit\u00e0 commerciali. Il modello Hortensia \u00e8 la fioriera ideale per dare un tocco di design al vostro giardino, poich\u00e9 si adatta a qualsiasi ambiente.<\/p>\n<p>\u00c8 disponibile in varie dimensioni (30, 40, 50 e 80) e finiture (bianco, bronzo, nero, grigio, tortora, rosa tenue e verde tenue).<\/p>\n<p>La fioriera Hortensia \u00e8 realizzata in polietilene, che la rende leggera e altamente resistente alle temperature estreme. Sono inoltre protette dai raggi UV, rendendo la durata del prodotto straordinariamente lunga.<\/p>\n<p>VOLUME DI PIANTAGGIO: 17 litri[\/vc_column_text][\/vc_column][\/vc_row][vc_row disable_element=&#8221;yes&#8221;][vc_column][vc_single_image image=&#8221;6566&#8243; img_size=&#8221;full&#8221;][\/vc_column][\/vc_row][vc_row][vc_column][vc_btn title=&#8221;MANUALE DI ISTRUZIONI&#8221; style=&#8221;custom&#8221; custom_background=&#8221;#009bc2&#8243; custom_text=&#8221;#ffffff&#8221; shape=&#8221;square&#8221; link=&#8221;url:https%3A%2F%2Fbit.ly%2F3xGpKXW|target:%20_blank|&#8221; el_class=&#8221;btn_descargar_ficha&#8221;][\/vc_column][\/vc_row]<\/p>\n<\/section>","protected":false},"excerpt":{"rendered":"<h1 style=\"font-size: 12px;\">Vaso tondo de colore HORTENSIA 30<\/h1>\n","protected":false},"featured_media":61428,"template":"","meta":[],"product_cat":[976,987,1593],"product_tag":[],"class_list":{"0":"post-27295","1":"product","2":"type-product","3":"status-publish","4":"has-post-thumbnail","6":"product_cat-vasi","7":"product_cat-vasi-non-illuminati","8":"product_cat-vasi-rotondi","10":"first","11":"instock","12":"taxable","13":"shipping-taxable","14":"purchasable","15":"product-type-variable"},"df_price":19.2,"df_sale_price":"","df_regular_price":19.2,"df_image_link":"https:\/\/developing.newgarden.es\/wp-content\/uploads\/2020\/04\/HORTENSIA_1200X1200-11-300x300.jpg","_links":{"self":[{"href":"https:\/\/developing.newgarden.es\/it\/wp-json\/wp\/v2\/product\/27295"}],"collection":[{"href":"https:\/\/developing.newgarden.es\/it\/wp-json\/wp\/v2\/product"}],"about":[{"href":"https:\/\/developing.newgarden.es\/it\/wp-json\/wp\/v2\/types\/product"}],"wp:featuredmedia":[{"embeddable":true,"href":"https:\/\/developing.newgarden.es\/it\/wp-json\/wp\/v2\/media\/61428"}],"wp:attachment":[{"href":"https:\/\/developing.newgarden.es\/it\/wp-json\/wp\/v2\/media?parent=27295"}],"wp:term":[{"taxonomy":"product_cat","embeddable":true,"href":"https:\/\/developing.newgarden.es\/it\/wp-json\/wp\/v2\/product_cat?post=27295"},{"taxonomy":"product_tag","embeddable":true,"href":"https:\/\/developing.newgarden.es\/it\/wp-json\/wp\/v2\/product_tag?post=27295"}],"curies":[{"name":"wp","href":"https:\/\/api.w.org\/{rel}","templated":true}]}}