{"id":26741,"date":"2020-03-06T16:48:50","date_gmt":"2020-03-06T15:48:56","guid":{"rendered":"https:\/\/newgarden.es\/?post_type=product&#038;p=26741"},"modified":"2023-04-12T10:31:32","modified_gmt":"2023-04-12T08:31:32","slug":"lola-slim-copia-copia-2","status":"publish","type":"product","link":"https:\/\/developing.newgarden.es\/it\/shop\/lightdeco-it\/lampade-da-tavolo\/lola-slim-copia-copia-2\/","title":{"rendered":"LAMPADE DA TAVOLO LOLA SLIM 30"},"content":{"rendered":"<section class=\"wpb-content-wrapper\"><p>[vc_row][vc_column el_class=&#8221;descripcion_producto&#8221;][vc_column_text]<\/p>\n<p>LAMPADE DA TAVOLO LOLA SLIM 30<\/p>\n<p>La lampada da tavolo\u00a0<strong>Lola Slim 30<\/strong>\u00a0\u00e8 il prodotto pi\u00f9 venduto della collezione\u00a0<span style=\"text-decoration: underline;\">Newgarden<\/span>. Il suo design moderno e la sua facilit\u00e0 d&#8217;uso hanno conquistato l&#8217;Europa. Lola slim 30 \u00e8 elegante ma anche alla moda. \u00c8 perfetto per illuminare gli angoli della tua casa, come lampada da tavolo, lampada da comodino o anche su un tavolo da bar o terrazza.<br \/>\n\u00c8 il modello preferito di ristoranti\/bar\/alberghi, perch\u00e9 \u00e8 disponibile in 7 colori, quindi pu\u00f2 essere adattato a diversi stili di decorazione.<\/p>\n<p><strong>Colori:\u00a0Rose gold\u00a0&#8211; Ottone &#8211; Grigio spazio &#8211; Antracite &#8211; Verde lime &#8211; Menta &#8211; Bianco<\/strong><\/p>\n<p>Accendilo con un tocco grazie al suo pulsante tattile, e lascia che il tuo dito si appoggi su di esso per regolare la sua intensit\u00e0 luminosa. Questa lampada \u00e8 integrata con una luce led bianca.<\/p>\n<p><strong>Lola slim 30<\/strong>\u00a0\u00e8 disponibile solo nella versione con batteria ricaricabile, compreso il caricatore USB.<\/p>\n<p><em>Tutti i prodotti Newgarden sono fatti di polietilene, quindi sono leggeri e altamente resistenti alle temperature estreme. Sono anche resistenti ai raggi UV, il che rende il prodotto straordinariamente duraturo.<\/em><\/p>\n<ul class=\"tablaTech\">\n<li>\n<div class=\"boxContents no-border\">\n<div class=\"name\"><strong>DIMENSIONE<\/strong><\/div>\n<div class=\"data\">\u00f811 x 32 cm<\/div>\n<\/div>\n<\/li>\n<\/ul>\n<p><iframe title=\"YouTube video player\" src=\"https:\/\/www.youtube.com\/embed\/qt19-KgdiLA\" width=\"560\" height=\"315\" frameborder=\"0\" allowfullscreen=\"allowfullscreen\"><\/iframe><\/p>\n<p>[\/vc_column_text][\/vc_column][\/vc_row][vc_row disable_element=&#8221;yes&#8221;][vc_column][vc_single_image image=&#8221;6566&#8243; img_size=&#8221;full&#8221;][\/vc_column][\/vc_row][vc_row][vc_column width=&#8221;1\/2&#8243;][vc_btn title=&#8221;SCHEDA TECNICA&#8221; style=&#8221;custom&#8221; custom_background=&#8221;#009bc2&#8243; custom_text=&#8221;#ffffff&#8221; shape=&#8221;square&#8221; link=&#8221;url:https%3A%2F%2Fdeveloping.newgarden.es%2Fwp-content%2Fuploads%2F2017%2F08%2FLolaSlim.pdf|target:%20_blank|&#8221; el_class=&#8221;btn_descargar_ficha&#8221;][\/vc_column][vc_column width=&#8221;1\/2&#8243;][vc_btn title=&#8221;MANUALE DI ISTRUZIONI&#8221; style=&#8221;custom&#8221; custom_background=&#8221;#009bc2&#8243; custom_text=&#8221;#ffffff&#8221; shape=&#8221;square&#8221; link=&#8221;url:https%3A%2F%2Fdeveloping.newgarden.es%2Finstrucciones%2F||target:%20_blank|&#8221; el_class=&#8221;btn_descargar_ficha&#8221;][\/vc_column][\/vc_row]<\/p>\n<\/section>","protected":false},"excerpt":{"rendered":"<h1 style=\"font-size: 12px;\">Lampade da tavolo Lola Slim 30<\/h1>\n","protected":false},"featured_media":61268,"template":"","meta":[],"product_cat":[1697,974,983,1588],"product_tag":[468],"class_list":{"0":"post-26741","1":"product","2":"type-product","3":"status-publish","4":"has-post-thumbnail","6":"product_cat-productos-it","7":"product_cat-lightdeco-it","8":"product_cat-lampade-da-tavolo","9":"product_cat-interni-it-it","10":"product_tag-cable","12":"first","13":"instock","14":"taxable","15":"shipping-taxable","16":"purchasable","17":"product-type-variable"},"df_price":33.6,"df_sale_price":"","df_regular_price":33.6,"df_image_link":"https:\/\/developing.newgarden.es\/wp-content\/uploads\/2020\/03\/LOLA_SLIM_30_BATTERY_1200X1200-38-300x300.jpg","_links":{"self":[{"href":"https:\/\/developing.newgarden.es\/it\/wp-json\/wp\/v2\/product\/26741"}],"collection":[{"href":"https:\/\/developing.newgarden.es\/it\/wp-json\/wp\/v2\/product"}],"about":[{"href":"https:\/\/developing.newgarden.es\/it\/wp-json\/wp\/v2\/types\/product"}],"wp:featuredmedia":[{"embeddable":true,"href":"https:\/\/developing.newgarden.es\/it\/wp-json\/wp\/v2\/media\/61268"}],"wp:attachment":[{"href":"https:\/\/developing.newgarden.es\/it\/wp-json\/wp\/v2\/media?parent=26741"}],"wp:term":[{"taxonomy":"product_cat","embeddable":true,"href":"https:\/\/developing.newgarden.es\/it\/wp-json\/wp\/v2\/product_cat?post=26741"},{"taxonomy":"product_tag","embeddable":true,"href":"https:\/\/developing.newgarden.es\/it\/wp-json\/wp\/v2\/product_tag?post=26741"}],"curies":[{"name":"wp","href":"https:\/\/api.w.org\/{rel}","templated":true}]}}