{"id":26576,"date":"2020-02-26T10:15:32","date_gmt":"2020-02-26T09:15:35","guid":{"rendered":"https:\/\/newgarden.es\/?post_type=product&#038;p=26576"},"modified":"2021-04-23T08:58:12","modified_gmt":"2021-04-23T06:58:12","slug":"lamapada-da-parete-solare-paquita-40","status":"publish","type":"product","link":"https:\/\/developing.newgarden.es\/it\/shop\/lightdeco-it\/lampade-da-terra\/lamapada-da-parete-solare-paquita-40\/","title":{"rendered":"LAMAPADA DA PARETE SOLARE PAQUITA 40"},"content":{"rendered":"<section class=\"wpb-content-wrapper\"><p>[vc_row][vc_column el_class=&#8221;descripcion_producto&#8221;][vc_column_text]<\/p>\n<p>La serie Paquita Family es una de las Novedades m\u00e1s destacadas de Newgarden, por su dise\u00f1o elegante y funcionalidad.<\/p>\n<p>La l\u00e1mpara Sobre MuroPaquita 40 (\u00f829&#215;40,3 cm) combina dentro de cualquier espacio sin romper la est\u00e9tica del mismo, es perfecta para iluminar cualquier rinc\u00f3n de exterior, jard\u00edn, terrazas o negocios ya que funciona con carga solar. Comb\u00ednala con su familia\u00a0<a href=\"https:\/\/developing.newgarden.es\/shop\/coleccion\/lightdeco\/paquita-farola\/\">Paquita Farola<\/a>\u00a0y Paquita Wall para crear ambientes \u00fanicos.<\/p>\n<p>La instalaci\u00f3n de Paquita 40 es realmente sencilla ya que no necesita de instalaci\u00f3n el\u00e9ctrica, adem\u00e1s dispone de iluminaci\u00f3n por sensor de movimiento, modo crepuscular y control remoto lo que hacen de este modelo un imprescindible dentro de cualquier espacio de exterior.<\/p>\n<p><em>Los productos Newgarden son ligeros y muy resistentes a temperaturas extremas. Tambi\u00e9n est\u00e1n protegidos contra los rayos UV, haciendo que la vida \u00fatil del producto sea extraordinariamente larga.\u00a0<\/em><\/p>\n<p>[\/vc_column_text][\/vc_column][\/vc_row][vc_row disable_element=&#8221;yes&#8221;][vc_column][vc_single_image image=&#8221;6566&#8243; img_size=&#8221;full&#8221;][\/vc_column][\/vc_row][vc_row][vc_column width=&#8221;1\/2&#8243;][vc_btn title=&#8221;SCHEDA TECNICA&#8221; style=&#8221;custom&#8221; custom_background=&#8221;#009bc2&#8243; custom_text=&#8221;#ffffff&#8221; shape=&#8221;square&#8221; link=&#8221;url:https%3A%2F%2Fdeveloping.newgarden.es%2Fwp-content%2Fuploads%2F2017%2F08%2FLolaSlim.pdf|target:%20_blank|&#8221; el_class=&#8221;btn_descargar_ficha&#8221;][\/vc_column][vc_column width=&#8221;1\/2&#8243;][vc_btn title=&#8221;MANUALE DI ISTRUZIONI&#8221; style=&#8221;custom&#8221; custom_background=&#8221;#009bc2&#8243; custom_text=&#8221;#ffffff&#8221; shape=&#8221;square&#8221; link=&#8221;url:https%3A%2F%2Fdeveloping.newgarden.es%2Finstrucciones%2F||target:%20_blank|&#8221; el_class=&#8221;btn_descargar_ficha&#8221;][\/vc_column][\/vc_row]<\/p>\n<\/section>","protected":false},"excerpt":{"rendered":"<h1 style=\"font-size: 12px;\">LAMAPADA DA PARETE SOLARE PAQUITA 40<\/h1>\n","protected":false},"featured_media":57837,"template":"","meta":[],"product_cat":[1697,974,985,1562],"product_tag":[468],"class_list":{"0":"post-26576","1":"product","2":"type-product","3":"status-publish","4":"has-post-thumbnail","6":"product_cat-productos-it","7":"product_cat-lightdeco-it","8":"product_cat-lampade-da-terra","9":"product_cat-lanterne-e-lampade-da-parete","10":"product_tag-cable","12":"first","13":"instock","14":"taxable","15":"shipping-taxable","16":"purchasable","17":"product-type-variable"},"df_price":85.5,"df_sale_price":"","df_regular_price":85.5,"df_image_link":"https:\/\/developing.newgarden.es\/wp-content\/uploads\/2020\/02\/PAQUITA_40_SOBREMURO_1200X1200-3-300x300.jpg","_links":{"self":[{"href":"https:\/\/developing.newgarden.es\/it\/wp-json\/wp\/v2\/product\/26576"}],"collection":[{"href":"https:\/\/developing.newgarden.es\/it\/wp-json\/wp\/v2\/product"}],"about":[{"href":"https:\/\/developing.newgarden.es\/it\/wp-json\/wp\/v2\/types\/product"}],"wp:featuredmedia":[{"embeddable":true,"href":"https:\/\/developing.newgarden.es\/it\/wp-json\/wp\/v2\/media\/57837"}],"wp:attachment":[{"href":"https:\/\/developing.newgarden.es\/it\/wp-json\/wp\/v2\/media?parent=26576"}],"wp:term":[{"taxonomy":"product_cat","embeddable":true,"href":"https:\/\/developing.newgarden.es\/it\/wp-json\/wp\/v2\/product_cat?post=26576"},{"taxonomy":"product_tag","embeddable":true,"href":"https:\/\/developing.newgarden.es\/it\/wp-json\/wp\/v2\/product_tag?post=26576"}],"curies":[{"name":"wp","href":"https:\/\/api.w.org\/{rel}","templated":true}]}}