{"id":26520,"date":"2020-02-26T09:25:38","date_gmt":"2020-02-26T08:25:44","guid":{"rendered":"https:\/\/newgarden.es\/?post_type=product&#038;p=26520"},"modified":"2023-09-26T14:50:02","modified_gmt":"2023-09-26T12:50:02","slug":"lola-slim-copia-copia-copia","status":"publish","type":"product","link":"https:\/\/developing.newgarden.es\/it\/shop\/lightdeco-it\/lampade-da-terra\/lola-slim-copia-copia-copia\/","title":{"rendered":"LAMPIONE SOLARE PAQUITA"},"content":{"rendered":"<section class=\"wpb-content-wrapper\"><p>[vc_row][vc_column el_class=&#8221;descripcion_producto&#8221;][vc_column_text]<\/p>\n<p>Lampione solare Paquita: La serie Paquita Family \u00e8 uno dei nuovi prodotti pi\u00f9 straordinari di Newgarden, grazie al suo design elegante e alla sua funzionalit\u00e0.<\/p>\n<p>La famiglia Paquita combina l&#8217;interno di qualsiasi spazio senza romperne l&#8217;estetica, \u00e8 perfetta per illuminare qualsiasi angolo dell&#8217;esterno, giardino, terrazze o attivit\u00e0 commerciali perch\u00e9 funziona con una carica solare. Combinalo con la tua famiglia Paquita 40 e Paquita Wall per creare ambienti unici..<\/p>\n<p>L&#8217;installazione della lampada da terra Paquita \u00e8 davvero semplice perch\u00e9 non richiede un&#8217;installazione elettrica, ha anche l&#8217;illuminazione tramite sensore di movimento, modalit\u00e0 crepuscolare e telecomando che rendono questo modello un elemento essenziale in qualsiasi spazio esterno.<\/p>\n<p><em>I prodotti Newgarden sono leggeri e molto resistenti alle temperature estreme. Sono inoltre protetti dai raggi UV, che prolungano la vita del prodotto.<\/em><\/p>\n<p>[\/vc_column_text][\/vc_column][\/vc_row][vc_row disable_element=&#8221;yes&#8221;][vc_column][vc_single_image image=&#8221;6566&#8243; img_size=&#8221;full&#8221;][\/vc_column][\/vc_row][vc_row][vc_column width=&#8221;1\/2&#8243;][vc_btn title=&#8221;SCHEDA TECNICA&#8221; style=&#8221;custom&#8221; custom_background=&#8221;#009bc2&#8243; custom_text=&#8221;#ffffff&#8221; shape=&#8221;square&#8221; link=&#8221;url:https%3A%2F%2Fdeveloping.newgarden.es%2Fwp-content%2Fuploads%2F2017%2F08%2FLolaSlim.pdf|target:%20_blank|&#8221; el_class=&#8221;btn_descargar_ficha&#8221;][\/vc_column][vc_column width=&#8221;1\/2&#8243;][vc_btn title=&#8221;MANUALE DI ISTRUZIONI&#8221; style=&#8221;custom&#8221; custom_background=&#8221;#009bc2&#8243; custom_text=&#8221;#ffffff&#8221; shape=&#8221;square&#8221; link=&#8221;url:https%3A%2F%2Fdeveloping.newgarden.es%2Finstrucciones%2F||target:%20_blank|&#8221; el_class=&#8221;btn_descargar_ficha&#8221;][\/vc_column][\/vc_row]<\/p>\n<\/section>","protected":false},"excerpt":{"rendered":"<h1 style=\"font-size: 12px;\">LAMPIONE SOLARE PAQUITA<\/h1>\n","protected":false},"featured_media":57867,"template":"","meta":[],"product_cat":[1697,974,985,1562],"product_tag":[468],"class_list":{"0":"post-26520","1":"product","2":"type-product","3":"status-publish","4":"has-post-thumbnail","6":"product_cat-productos-it","7":"product_cat-lightdeco-it","8":"product_cat-lampade-da-terra","9":"product_cat-lanterne-e-lampade-da-parete","10":"product_tag-cable","12":"first","13":"instock","14":"taxable","15":"shipping-taxable","16":"purchasable","17":"product-type-variable"},"df_price":287.6,"df_sale_price":"","df_regular_price":287.6,"df_image_link":"https:\/\/developing.newgarden.es\/wp-content\/uploads\/2020\/02\/PAQUITA_FAROLA_1200X1200-1-300x300.jpg","_links":{"self":[{"href":"https:\/\/developing.newgarden.es\/it\/wp-json\/wp\/v2\/product\/26520"}],"collection":[{"href":"https:\/\/developing.newgarden.es\/it\/wp-json\/wp\/v2\/product"}],"about":[{"href":"https:\/\/developing.newgarden.es\/it\/wp-json\/wp\/v2\/types\/product"}],"wp:featuredmedia":[{"embeddable":true,"href":"https:\/\/developing.newgarden.es\/it\/wp-json\/wp\/v2\/media\/57867"}],"wp:attachment":[{"href":"https:\/\/developing.newgarden.es\/it\/wp-json\/wp\/v2\/media?parent=26520"}],"wp:term":[{"taxonomy":"product_cat","embeddable":true,"href":"https:\/\/developing.newgarden.es\/it\/wp-json\/wp\/v2\/product_cat?post=26520"},{"taxonomy":"product_tag","embeddable":true,"href":"https:\/\/developing.newgarden.es\/it\/wp-json\/wp\/v2\/product_tag?post=26520"}],"curies":[{"name":"wp","href":"https:\/\/api.w.org\/{rel}","templated":true}]}}