{"id":26421,"date":"2020-02-20T15:05:02","date_gmt":"2020-02-20T14:05:11","guid":{"rendered":"https:\/\/newgarden.es\/?post_type=product&#038;p=26421"},"modified":"2024-06-19T14:09:37","modified_gmt":"2024-06-19T12:09:37","slug":"formentera-color-copia","status":"publish","type":"product","link":"https:\/\/developing.newgarden.es\/it\/shop\/mobili\/seggiole\/formentera-color-copia\/","title":{"rendered":"LETTINO DA GIARDINO RASA"},"content":{"rendered":"<section class=\"wpb-content-wrapper\"><p>[vc_row][vc_column el_class=&#8221;descripcion_producto&#8221;][vc_column_text]Il lettino Rasa \u00e8 una delle novit\u00e0 pi\u00f9 importanti di Newgarden.<\/p>\n<p>Per questo prodotto abbiamo voluto fare un cenno alla nostra seconda sede in Messico. Il lettino Rasa deve il suo nome all&#8217;isola messicana Rasa, situata nel Golfo di California. Oltre alla sua piattezza, il punto pi\u00f9 alto di quest&#8217;isola \u00e8 di 35 metri e il nostro lettino ha il punto pi\u00f9 alto a 35 centimetri di altezza.<\/p>\n<p>Il lettino Rasa \u00e8 perfetto per essere posizionato a bordo piscina e dare quel tocco di design a qualsiasi spazio esterno, piscine, hotel, beach club, beach bar e ogni tipo di attivit\u00e0 commerciale, ed \u00e8 facilmente impilabile fino a 12 unit\u00e0.<\/p>\n<p>\u00c8 completamente realizzato in polietilene, quindi \u00e8 molto leggero e super resistente alle temperature estreme. \u00c8 inoltre protetto dai raggi UV, il che rende la vita del prodotto straordinariamente lunga.<\/p>\n<p>*Il lettino Rasa non \u00e8 destinato ad essere utilizzato come elemento galleggiante e si raccomanda di non utilizzarlo in questo modo. \u00c8 essenziale che, nel caso in cui si desideri utilizzarlo a contatto con l&#8217;acqua, la parte superiore del lettino abbia sempre una parte appoggiata su una superficie priva di acqua.<\/p>\n<p>Il modello Rasa \u00e8 disponibile in finitura bianca.<\/p>\n<p>Dimensioni: altezza 37 cm. larghezza 20,3 cm.[\/vc_column_text][\/vc_column][\/vc_row][vc_row disable_element=&#8221;yes&#8221;][vc_column][vc_single_image image=&#8221;6566&#8243; img_size=&#8221;full&#8221;][\/vc_column][\/vc_row][vc_row][vc_column][vc_btn title=&#8221;SCHEDA TECNICA&#8221; style=&#8221;custom&#8221; custom_background=&#8221;#009bc2&#8243; custom_text=&#8221;#ffffff&#8221; link=&#8221;url:https%3A%2F%2Fbit.ly%2F3QGIsaN|target:%20_blank|&#8221; el_class=&#8221;btn_descargar_ficha&#8221;][\/vc_column][\/vc_row]<\/p>\n<\/section>","protected":false},"excerpt":{"rendered":"<h1 style=\"font-size: 12px;\">Lettino da giardino Rasa<\/h1>\n","protected":false},"featured_media":63318,"template":"","meta":[],"product_cat":[977,1607,971],"product_tag":[],"class_list":{"0":"post-26421","1":"product","2":"type-product","3":"status-publish","4":"has-post-thumbnail","6":"product_cat-mobili","7":"product_cat-lettini-e-letti-balinesi","8":"product_cat-seggiole","10":"first","11":"instock","12":"taxable","13":"shipping-taxable","14":"purchasable","15":"product-type-variable"},"df_price":300.3,"df_sale_price":"","df_regular_price":300.3,"df_image_link":"https:\/\/developing.newgarden.es\/wp-content\/uploads\/2020\/02\/RASA_1200X1200-10-300x300.jpg","_links":{"self":[{"href":"https:\/\/developing.newgarden.es\/it\/wp-json\/wp\/v2\/product\/26421"}],"collection":[{"href":"https:\/\/developing.newgarden.es\/it\/wp-json\/wp\/v2\/product"}],"about":[{"href":"https:\/\/developing.newgarden.es\/it\/wp-json\/wp\/v2\/types\/product"}],"wp:featuredmedia":[{"embeddable":true,"href":"https:\/\/developing.newgarden.es\/it\/wp-json\/wp\/v2\/media\/63318"}],"wp:attachment":[{"href":"https:\/\/developing.newgarden.es\/it\/wp-json\/wp\/v2\/media?parent=26421"}],"wp:term":[{"taxonomy":"product_cat","embeddable":true,"href":"https:\/\/developing.newgarden.es\/it\/wp-json\/wp\/v2\/product_cat?post=26421"},{"taxonomy":"product_tag","embeddable":true,"href":"https:\/\/developing.newgarden.es\/it\/wp-json\/wp\/v2\/product_tag?post=26421"}],"curies":[{"name":"wp","href":"https:\/\/api.w.org\/{rel}","templated":true}]}}