{"id":25903,"date":"2020-02-19T10:51:14","date_gmt":"2020-02-19T09:51:17","guid":{"rendered":"https:\/\/newgarden.es\/?post_type=product&#038;p=25903"},"modified":"2021-10-19T09:26:27","modified_gmt":"2021-10-19T07:26:27","slug":"lola-slim-120","status":"publish","type":"product","link":"https:\/\/developing.newgarden.es\/it\/shop\/lightdeco-it\/lampade-da-terra\/lola-slim-120\/","title":{"rendered":"LAMPADA DA TERRA PER L ESTERNO LOLA SLIM 120"},"content":{"rendered":"<section class=\"wpb-content-wrapper\"><p>[vc_row][vc_column el_class=&#8221;descripcion_producto&#8221;][vc_column_text]<\/p>\n<p>Lampada da terra per l esterno Lola Slim 120:\u00a0\u00e8 una delle novit\u00e0 pi\u00f9 straordinarie di Newgarden, appartiene alla famiglia\u00a0<strong>LOLA\u00a0<\/strong>per il suo design elegante. La sua altezza rende questo prodotto una lampada che si combina in qualsiasi spazio senza comprometterne l&#8217;estetica, ideale per qualsiasi spazio esterno, giardino o azienda moderno.<\/p>\n<p>La serie Lola Slim pu\u00f2 essere combinata tra loro per creare ambienti infiniti. Disponibile in diverse altezze: 30 cm, 120 cm. e 180 cm. e in una finitura metallica in oro rosa, ottone, antracite e grigio spazio.<\/p>\n<p>La lampada da terra Lola Slim \u00e8 disponibile con carica solare e batteria ricaricabile, ha un&#8217;emissione luminosa eccezionale.<\/p>\n<p><em>I prodotti Newgarden sono leggeri e altamente resistenti alle temperature estreme. Sono inoltre protetti dai raggi UV, rendendo la vita del prodotto estremamente lunga.<\/em><\/p>\n<p><em>Misure: (\u00a0\u00f826&#215;119 cm\u00a0).<\/em><\/p>\n<p style=\"text-align: justify;\"><em>Tutti i prodotti Newgarden sono realizzati in polietilene, quindi sono leggeri e molto resistenti alle temperature estreme. Sono inoltre protetti dai raggi UV, rendendo la vita del prodotto straordinariamente lunga. <\/em><\/p>\n<p>[\/vc_column_text][\/vc_column][\/vc_row][vc_row disable_element=&#8221;yes&#8221;][vc_column][vc_single_image image=&#8221;6566&#8243; img_size=&#8221;full&#8221;][\/vc_column][\/vc_row][vc_row][vc_column width=&#8221;1\/2&#8243;][vc_btn title=&#8221;SCHEDA TECNICA&#8221; style=&#8221;custom&#8221; custom_background=&#8221;#009bc2&#8243; custom_text=&#8221;#ffffff&#8221; shape=&#8221;square&#8221; link=&#8221;url:https%3A%2F%2Fdeveloping.newgarden.es%2Fwp-content%2Fuploads%2F2017%2F08%2FLolaSlim.pdf|target:%20_blank|&#8221; el_class=&#8221;btn_descargar_ficha&#8221;][\/vc_column][vc_column width=&#8221;1\/2&#8243;][vc_btn title=&#8221;MANUALE DI ISTRUZIONI&#8221; style=&#8221;custom&#8221; custom_background=&#8221;#009bc2&#8243; custom_text=&#8221;#ffffff&#8221; shape=&#8221;square&#8221; link=&#8221;url:https%3A%2F%2Fdeveloping.newgarden.es%2Finstrucciones%2F||target:%20_blank|&#8221; el_class=&#8221;btn_descargar_ficha&#8221;][\/vc_column][\/vc_row]<\/p>\n<\/section>","protected":false},"excerpt":{"rendered":"<h1 style=\"font-size: 12px;\">LAMPADA DA TERRA PER L ESTERNO LOLA SLIM 120<\/h1>\n","protected":false},"featured_media":53513,"template":"","meta":[],"product_cat":[1697,974,985],"product_tag":[468],"class_list":{"0":"post-25903","1":"product","2":"type-product","3":"status-publish","4":"has-post-thumbnail","6":"product_cat-productos-it","7":"product_cat-lightdeco-it","8":"product_cat-lampade-da-terra","9":"product_tag-cable","11":"first","12":"instock","13":"taxable","14":"shipping-taxable","15":"purchasable","16":"product-type-variable"},"df_price":131.1,"df_sale_price":"","df_regular_price":131.1,"df_image_link":"https:\/\/developing.newgarden.es\/wp-content\/uploads\/2020\/02\/LOLA_SLIM_120_BATTERY_1200X1200-7-300x300.jpg","_links":{"self":[{"href":"https:\/\/developing.newgarden.es\/it\/wp-json\/wp\/v2\/product\/25903"}],"collection":[{"href":"https:\/\/developing.newgarden.es\/it\/wp-json\/wp\/v2\/product"}],"about":[{"href":"https:\/\/developing.newgarden.es\/it\/wp-json\/wp\/v2\/types\/product"}],"wp:featuredmedia":[{"embeddable":true,"href":"https:\/\/developing.newgarden.es\/it\/wp-json\/wp\/v2\/media\/53513"}],"wp:attachment":[{"href":"https:\/\/developing.newgarden.es\/it\/wp-json\/wp\/v2\/media?parent=25903"}],"wp:term":[{"taxonomy":"product_cat","embeddable":true,"href":"https:\/\/developing.newgarden.es\/it\/wp-json\/wp\/v2\/product_cat?post=25903"},{"taxonomy":"product_tag","embeddable":true,"href":"https:\/\/developing.newgarden.es\/it\/wp-json\/wp\/v2\/product_tag?post=25903"}],"curies":[{"name":"wp","href":"https:\/\/api.w.org\/{rel}","templated":true}]}}