{"id":24194,"date":"2019-04-25T16:43:20","date_gmt":"2019-11-15T10:31:28","guid":{"rendered":"https:\/\/newgarden.es\/shop\/sin%20categor\u00eda\/formentera-color\/"},"modified":"2024-06-13T10:11:30","modified_gmt":"2024-06-13T08:11:30","slug":"formentera-color","status":"publish","type":"product","link":"https:\/\/developing.newgarden.es\/it\/shop\/mobili\/seggiole\/formentera-color\/","title":{"rendered":"LETTO DA GIARDINO FORMENTERA SENZA LUCE"},"content":{"rendered":"<section class=\"wpb-content-wrapper\"><p>[vc_row][vc_column el_class=&#8221;descripcion_producto&#8221;][vc_column_text]<\/p>\n<p style=\"text-align: justify;\">*FORMENTERA: Ampio e confortevole letto balinese ideale per ampie terrazze o giardini. Ha il vantaggio di essere realizzato in polietilene, \u00e8 resistente e leggero, il che facilita la mobilit\u00e0. I suoi esclusivi cuscini in ecopelle e sono opzionali, aumentando cos\u00ec il livello di comfort.<\/p>\n<p style=\"text-align: justify;\"><em>Tutti i prodotti Newgarden sono realizzati in polietilene, quindi sono leggeri e molto resistenti alle temperature estreme. Sono inoltre protetti dai raggi UV, rendendo la vita del prodotto straordinariamente lunga. <\/em><\/p>\n<p>[\/vc_column_text][\/vc_column][\/vc_row][vc_row disable_element=&#8221;yes&#8221;][vc_column][vc_single_image image=&#8221;6566&#8243; img_size=&#8221;full&#8221;][\/vc_column][\/vc_row][vc_row][vc_column width=&#8221;1\/2&#8243;][vc_btn title=&#8221;SCHEDA TECNICA&#8221; style=&#8221;custom&#8221; custom_background=&#8221;#009bc2&#8243; custom_text=&#8221;#ffffff&#8221; shape=&#8221;square&#8221; link=&#8221;url:https%3A%2F%2Fbit.ly%2F3paL2JH|target:%20_blank|&#8221; el_class=&#8221;btn_descargar_ficha&#8221;][\/vc_column][vc_column width=&#8221;1\/2&#8243;][\/vc_column][\/vc_row]<\/p>\n<\/section>","protected":false},"excerpt":{"rendered":"<h1 style=\"font-size: 12px;\">Sof\u00e0 illuminato per esterni<\/h1>\n","protected":false},"featured_media":63773,"template":"","meta":[],"product_cat":[977,1607,971],"product_tag":[],"class_list":{"0":"post-24194","1":"product","2":"type-product","3":"status-publish","4":"has-post-thumbnail","6":"product_cat-mobili","7":"product_cat-lettini-e-letti-balinesi","8":"product_cat-seggiole","10":"first","11":"instock","12":"taxable","13":"shipping-taxable","14":"purchasable","15":"product-type-variable"},"df_price":31,"df_sale_price":"","df_regular_price":31,"df_image_link":"https:\/\/developing.newgarden.es\/wp-content\/uploads\/2019\/04\/FORMENTERA_1200X1200-1-300x300.jpg","_links":{"self":[{"href":"https:\/\/developing.newgarden.es\/it\/wp-json\/wp\/v2\/product\/24194"}],"collection":[{"href":"https:\/\/developing.newgarden.es\/it\/wp-json\/wp\/v2\/product"}],"about":[{"href":"https:\/\/developing.newgarden.es\/it\/wp-json\/wp\/v2\/types\/product"}],"wp:featuredmedia":[{"embeddable":true,"href":"https:\/\/developing.newgarden.es\/it\/wp-json\/wp\/v2\/media\/63773"}],"wp:attachment":[{"href":"https:\/\/developing.newgarden.es\/it\/wp-json\/wp\/v2\/media?parent=24194"}],"wp:term":[{"taxonomy":"product_cat","embeddable":true,"href":"https:\/\/developing.newgarden.es\/it\/wp-json\/wp\/v2\/product_cat?post=24194"},{"taxonomy":"product_tag","embeddable":true,"href":"https:\/\/developing.newgarden.es\/it\/wp-json\/wp\/v2\/product_tag?post=24194"}],"curies":[{"name":"wp","href":"https:\/\/api.w.org\/{rel}","templated":true}]}}