{"id":22798,"date":"2019-05-31T11:16:03","date_gmt":"2019-11-13T09:38:28","guid":{"rendered":"https:\/\/newgarden.es\/shop\/sin%20categor\u00eda\/magnolia-30-light\/"},"modified":"2019-12-20T10:15:09","modified_gmt":"2019-12-20T09:15:09","slug":"magnolia-30-light","status":"publish","type":"product","link":"https:\/\/developing.newgarden.es\/it\/shop\/vasi\/vasi-illuminati\/magnolia-30-light\/","title":{"rendered":"MAGNOLIA 30 LIGHT"},"content":{"rendered":"<section class=\"wpb-content-wrapper\"><p>[vc_row][vc_column el_class=&#8221;descripcion_producto&#8221;][vc_column_text]<\/p>\n<p style=\"text-align: justify\">* MAGNOLIA \u00e8 considerata una delle piantatrici di stelle della collezione da giardino Newgarden. La sua grande variet\u00e0 di dimensioni e colori finiti lo rende indispensabile nella gamma di fioriere rotonde.<\/p>\n<p style=\"text-align: justify\">Magnolia 130 \u00e8 indicato per l&#8217;arredo urbano grazie alle sue dimensioni e al suo design di stabilit\u00e0 (pu\u00f2 pesare una tonnellata di colori). Un sostituto pratico ed elegante per il dissuasore.<\/p>\n<p style=\"text-align: justify\"><em>Tutti i prodotti Newgarden sono realizzati in polietilene e quindi molto resistenti alle temperature estreme Sono inoltre protetti dai raggi UV, rendendo la vita del prodotto straordinariamente lunga. <\/em><\/p>\n<p>[\/vc_column_text][\/vc_column][\/vc_row][vc_row disable_element=&#8221;yes&#8221;][vc_column][vc_single_image image=&#8221;6566&#8243; img_size=&#8221;full&#8221;][\/vc_column][\/vc_row][vc_row][vc_column width=&#8221;1\/2&#8243;][vc_btn title=&#8221;SCHEDA TECNICA&#8221; style=&#8221;custom&#8221; custom_background=&#8221;#009bc2&#8243; custom_text=&#8221;#ffffff&#8221; shape=&#8221;square&#8221; link=&#8221;url:https%3A%2F%2Fwww.newgarden.es%2Fwp-content%2Fuploads%2F2018%2F05%2FMagnolia-1.pdf|target:%20_blank|&#8221; el_class=&#8221;btn_descargar_ficha&#8221;][\/vc_column][vc_column width=&#8221;1\/2&#8243;][vc_btn title=&#8221;MANUALE DI ISTRUZIONI&#8221; style=&#8221;custom&#8221; custom_background=&#8221;#009bc2&#8243; custom_text=&#8221;#ffffff&#8221; shape=&#8221;square&#8221; link=&#8221;url:https%3A%2F%2Fdeveloping.newgarden.es%2Finstrucciones%2F||target:%20_blank|&#8221; el_class=&#8221;btn_descargar_ficha&#8221;][\/vc_column][\/vc_row]<\/p>\n<\/section>","protected":false},"excerpt":{"rendered":"<h1 style=\"font-size: 12px\">Vaso illuminato per esterni<\/h1>\n","protected":false},"featured_media":59455,"template":"","meta":[],"product_cat":[976,986,1593],"product_tag":[955,962,961],"class_list":{"0":"post-22798","1":"product","2":"type-product","3":"status-publish","4":"has-post-thumbnail","6":"product_cat-vasi","7":"product_cat-vasi-illuminati","8":"product_cat-vasi-rotondi","9":"product_tag-cavo","10":"product_tag-senza-fili-it","11":"product_tag-solare","13":"first","14":"instock","15":"taxable","16":"shipping-taxable","17":"purchasable","18":"product-type-variable"},"df_price":45.9,"df_sale_price":"","df_regular_price":45.9,"df_image_link":"https:\/\/developing.newgarden.es\/wp-content\/uploads\/2019\/05\/MAGNOLIA_30_1200X1200-18-300x300.jpg","_links":{"self":[{"href":"https:\/\/developing.newgarden.es\/it\/wp-json\/wp\/v2\/product\/22798"}],"collection":[{"href":"https:\/\/developing.newgarden.es\/it\/wp-json\/wp\/v2\/product"}],"about":[{"href":"https:\/\/developing.newgarden.es\/it\/wp-json\/wp\/v2\/types\/product"}],"wp:featuredmedia":[{"embeddable":true,"href":"https:\/\/developing.newgarden.es\/it\/wp-json\/wp\/v2\/media\/59455"}],"wp:attachment":[{"href":"https:\/\/developing.newgarden.es\/it\/wp-json\/wp\/v2\/media?parent=22798"}],"wp:term":[{"taxonomy":"product_cat","embeddable":true,"href":"https:\/\/developing.newgarden.es\/it\/wp-json\/wp\/v2\/product_cat?post=22798"},{"taxonomy":"product_tag","embeddable":true,"href":"https:\/\/developing.newgarden.es\/it\/wp-json\/wp\/v2\/product_tag?post=22798"}],"curies":[{"name":"wp","href":"https:\/\/api.w.org\/{rel}","templated":true}]}}