{"id":22675,"date":"2019-06-03T11:48:49","date_gmt":"2019-11-13T09:04:48","guid":{"rendered":"https:\/\/newgarden.es\/shop\/sin%20categor\u00eda\/menorca-bench-light\/"},"modified":"2022-03-24T13:37:47","modified_gmt":"2022-03-24T12:37:47","slug":"menorca-bench-light","status":"publish","type":"product","link":"https:\/\/developing.newgarden.es\/it\/shop\/mobili\/seggiole\/menorca-bench-light\/","title":{"rendered":"MENORCA BENCH CON LUCE"},"content":{"rendered":"<section class=\"wpb-content-wrapper\"><p>[vc_row][vc_column el_class=&#8221;descripcion_producto&#8221;][vc_column_text]<\/p>\n<p><strong>MENORCA BENCH<\/strong> CON LUCE<\/p>\n<p>Comodo divano a due posti progettato per far parte dei set <strong>MALLORCA<\/strong> e <strong>CAPRI<\/strong>. Robusto e leggero, offre un perfetto equilibrio tra qualit\u00e0 e design. \u00c8 disponibile in due diverse altezze di schienale: Bench e Divano. \u00c8 disponibile in diversi colori e finiture di illuminazione. Con la finitura <strong>solare<\/strong> si pu\u00f2 dimenticare di usare i cavi.<\/p>\n<p><em>Tutti i prodotti <span style=\"text-decoration: underline;\">Newgarden<\/span> sono fatti di polietilene, quindi sono leggeri e altamente resistenti alle temperature estreme. Sono anche resistenti ai raggi UV, il che rende la vita del prodotto straordinariamente lunga.<\/em><\/p>\n<ul>\n<li>\n<div class=\"name\"><strong>DIMENSIONE<\/strong><\/div>\n<div class=\"data\">157 x 55 x 59 cm<\/div>\n<\/li>\n<\/ul>\n<p>[\/vc_column_text][\/vc_column][\/vc_row][vc_row disable_element=&#8221;yes&#8221;][vc_column][vc_single_image image=&#8221;6566&#8243; img_size=&#8221;full&#8221;][\/vc_column][\/vc_row][vc_row][vc_column width=&#8221;1\/2&#8243;][vc_btn title=&#8221;SCHEDA TECNICA&#8221; style=&#8221;custom&#8221; custom_background=&#8221;#009bc2&#8243; custom_text=&#8221;#ffffff&#8221; shape=&#8221;square&#8221; link=&#8221;url:https%3A%2F%2Fwww.newgarden.es%2Fwp-content%2Fuploads%2F2018%2F05%2FMenorca-Bench.pdf.pdf|target:%20_blank|&#8221; el_class=&#8221;btn_descargar_ficha&#8221;][\/vc_column][vc_column width=&#8221;1\/2&#8243;][vc_btn title=&#8221;MANUALE DI ISTRUZIONI&#8221; style=&#8221;custom&#8221; custom_background=&#8221;#009bc2&#8243; custom_text=&#8221;#ffffff&#8221; shape=&#8221;square&#8221; link=&#8221;url:https%3A%2F%2Fdeveloping.newgarden.es%2Finstrucciones%2F||target:%20_blank|&#8221; el_class=&#8221;btn_descargar_ficha&#8221;][\/vc_column][\/vc_row]<\/p>\n<\/section>","protected":false},"excerpt":{"rendered":"<h5>Divano Menorca Bench con luce<\/h5>\n","protected":false},"featured_media":22680,"template":"","meta":[],"product_cat":[977,971],"product_tag":[955,962,961],"class_list":{"0":"post-22675","1":"product","2":"type-product","3":"status-publish","4":"has-post-thumbnail","6":"product_cat-mobili","7":"product_cat-seggiole","8":"product_tag-cavo","9":"product_tag-senza-fili-it","10":"product_tag-solare","12":"first","13":"instock","14":"taxable","15":"shipping-taxable","16":"purchasable","17":"product-type-variable"},"df_price":350,"df_sale_price":"","df_regular_price":350,"df_image_link":"https:\/\/developing.newgarden.es\/wp-content\/uploads\/2019\/06\/becnh.png","_links":{"self":[{"href":"https:\/\/developing.newgarden.es\/it\/wp-json\/wp\/v2\/product\/22675"}],"collection":[{"href":"https:\/\/developing.newgarden.es\/it\/wp-json\/wp\/v2\/product"}],"about":[{"href":"https:\/\/developing.newgarden.es\/it\/wp-json\/wp\/v2\/types\/product"}],"wp:featuredmedia":[{"embeddable":true,"href":"https:\/\/developing.newgarden.es\/it\/wp-json\/wp\/v2\/media\/22680"}],"wp:attachment":[{"href":"https:\/\/developing.newgarden.es\/it\/wp-json\/wp\/v2\/media?parent=22675"}],"wp:term":[{"taxonomy":"product_cat","embeddable":true,"href":"https:\/\/developing.newgarden.es\/it\/wp-json\/wp\/v2\/product_cat?post=22675"},{"taxonomy":"product_tag","embeddable":true,"href":"https:\/\/developing.newgarden.es\/it\/wp-json\/wp\/v2\/product_tag?post=22675"}],"curies":[{"name":"wp","href":"https:\/\/api.w.org\/{rel}","templated":true}]}}