{"id":55648,"date":"2024-05-17T11:35:53","date_gmt":"2024-05-17T09:35:53","guid":{"rendered":"https:\/\/newgarden.es\/lo-spirito-felice-come-filosofia-di-vita\/"},"modified":"2024-06-21T13:21:23","modified_gmt":"2024-06-21T11:21:23","slug":"lo-spirito-felice-come-filosofia-di-vita","status":"publish","type":"page","link":"https:\/\/developing.newgarden.es\/it\/lo-spirito-felice-come-filosofia-di-vita\/","title":{"rendered":"Lo spirito felice come filosofia di vita."},"content":{"rendered":"<section class=\"wpb-content-wrapper\"><p>[vc_row][vc_column][vc_empty_space height=&#8221;100px&#8221;][vc_column_text]<\/p>\n<p style=\"text-align: center; font-size: 30px;\"><span style=\"color: #ada699;\">Il nostro obiettivo: ispirare il mondo condividendo la nostra passione per l&#8217;illuminazione, lo stile e la cultura mediterranea.<\/span><\/p>\n<p>[\/vc_column_text][vc_empty_space height=&#8221;100px&#8221;][\/vc_column][\/vc_row][vc_row full_width=&#8221;stretch_row&#8221; css=&#8221;.vc_custom_1701074270861{background-image: url(https:\/\/developing.newgarden.es\/wp-content\/uploads\/2023\/11\/Sin-titulo-3-2.jpg?id=52824) !important;background-position: center !important;background-repeat: no-repeat !important;background-size: cover !important;}&#8221;][vc_column][vc_empty_space height=&#8221;600px&#8221;][\/vc_column][\/vc_row][vc_row][vc_column][vc_empty_space height=&#8221;100px&#8221;][vc_column_text]<\/p>\n<p style=\"text-align: center;\">I membri del nostro team sono fondamentali per la nostra crescita continua. Per noi ogni persona \u00e8 un talento con un grande potenziale di sviluppo. In Newgarden vogliamo creare un ambiente di lavoro stimolante, creativo, divertente e dinamico.<\/p>\n<p style=\"text-align: center;\">Abbiamo un piano di sviluppo molto ambizioso. Siamo l&#8217;azienda leader del settore in Spagna ed esportiamo in tutta Europa con una forte presenza in paesi come Francia, Germania e Italia.<\/p>\n<p style=\"text-align: center;\">Qui potete essere voi stessi&#8230; anzi, lo pretendiamo!<\/p>\n<p>[\/vc_column_text][vc_empty_space height=&#8221;100px&#8221;][\/vc_column][\/vc_row][vc_row full_width=&#8221;stretch_row&#8221; css=&#8221;.vc_custom_1701077614074{background-image: url(https:\/\/developing.newgarden.es\/wp-content\/uploads\/2023\/11\/NEWGARDEN-RECURSOS-VIDEO-255.jpg?id=52858) !important;background-position: center !important;background-repeat: no-repeat !important;background-size: cover !important;}&#8221;][vc_column][vc_empty_space height=&#8221;600px&#8221;][\/vc_column][\/vc_row][vc_row full_width=&#8221;stretch_row&#8221; gap=&#8221;10&#8243; css=&#8221;.vc_custom_1701078512010{padding-top: 40px !important;padding-bottom: 40px !important;background-color: #e9e7da !important;}&#8221;][vc_column width=&#8221;1\/2&#8243;][vc_single_image image=&#8221;52867&#8243; img_size=&#8221;large&#8221;][vc_single_image image=&#8221;52872&#8243; img_size=&#8221;large&#8221;][vc_single_image image=&#8221;52877&#8243; img_size=&#8221;large&#8221;][vc_single_image image=&#8221;52882&#8243; img_size=&#8221;large&#8221;][\/vc_column][vc_column width=&#8221;1\/2&#8243;][vc_custom_heading text=&#8221;Cosa offriamo&#8221; font_container=&#8221;tag:h2|text_align:left|color:%238f8b85&#8243; use_theme_fonts=&#8221;yes&#8221; css=&#8221;.vc_custom_1701078577803{margin-bottom: 30px !important;}&#8221;][vc_column_text]<strong>Le persone al centro<\/strong><br \/>\nFormiamo e guidiamo le persone a realizzare i loro sogni. Lavoriamo in squadra, con mente aperta e cuore generoso, &#8220;ottenendo per voi ci\u00f2 che voglio per me stesso&#8221;.<\/p>\n<p>&nbsp;<\/p>\n<p><strong>Crescita e sviluppo<\/strong><br \/>\nSappiamo che i lavori migliori sono quelli legati all&#8217;autenticit\u00e0, alla crescita e al lavoro di squadra. Quando i nostri dipendenti crescono, noi cresciamo con loro.<\/p>\n<p>&nbsp;<\/p>\n<p><strong>Apprendimento<\/strong><br \/>\nInvestiamo nello sviluppo del nostro team offrendo una serie di programmi di formazione per coloro che vogliono imparare cose nuove e crescere.<\/p>\n<p>&nbsp;<\/p>\n<p><strong>Comunicazione, umilt\u00e0 e trasparenza<\/strong><br \/>\nSiamo ci\u00f2 che vedete, vi tratteremo nel modo in cui ci piace essere trattati, essendo coerenti con noi stessi e con i nostri valori.<\/p>\n<p>&nbsp;<\/p>\n<p><strong>Passione<\/strong><br \/>\nCi appassionano le sfide, rendendo facili le cose difficili. Abbiamo voglia di eccellere, iniziativa e spirito critico.<\/p>\n<p>&nbsp;<\/p>\n<p><strong>Etica<\/strong><br \/>\nIn Newgarden il rispetto reciproco tra tutti i membri del team \u00e8 fondamentale, accettiamo le nostre differenze e accogliamo qualsiasi tipo di contributo. Quindi, indipendentemente dal reparto in cui lavorate, sarete circondati da un gruppo eterogeneo di persone con competenze diverse, ma con un insieme di valori comuni.[\/vc_column_text][\/vc_column][\/vc_row][vc_row full_width=&#8221;stretch_row&#8221; css=&#8221;.vc_custom_1701078679655{background-image: url(https:\/\/developing.newgarden.es\/wp-content\/uploads\/2023\/11\/Sin-titulo-4-1.jpg?id=52835) !important;background-position: center !important;background-repeat: no-repeat !important;background-size: cover !important;}&#8221;][vc_column][vc_empty_space height=&#8221;600px&#8221;][\/vc_column][\/vc_row][vc_row][vc_column][vc_empty_space height=&#8221;100px&#8221;][vc_custom_heading text=&#8221;Chi siamo&#8221; font_container=&#8221;tag:h2|text_align:left|color:%238f8b85&#8243; use_theme_fonts=&#8221;yes&#8221; css=&#8221;.vc_custom_1705310561696{margin-bottom: 30px !important;}&#8221;][vc_column_text]Dagli inizi a oggi, i mercati e i nostri prodotti sono stati in continua evoluzione, ma se c&#8217;\u00e8 qualcosa che ha caratterizzato il nostro team in tutto questo tempo e che \u00e8 sempre stato presente, \u00e8 sempre stato il nostro spirito Be Happy.<\/p>\n<p>Tutti noi abbiamo in comune la ragione per cui siamo qui: vivere e condividere la nostra vita con intensit\u00e0, crescere e generare emozioni, essere in costante contatto con le ultime tendenze, il design e la tecnologia.<\/p>\n<p>Il nostro team, composto da 80 persone, ha trasformato Newgarden in un&#8217;azienda trasparente e accessibile con la vocazione di servire le persone.[\/vc_column_text][\/vc_column][\/vc_row][vc_row css=&#8221;.vc_custom_1706629836501{margin-bottom: 50px !important;padding-top: 30px !important;padding-right: 30px !important;padding-bottom: 30px !important;padding-left: 30px !important;background-color: #e8e8e8 !important;}&#8221;][vc_column][vc_custom_heading text=&#8221;La missione&#8221; font_container=&#8221;tag:h2|text_align:left|color:%238f8b85&#8243; use_theme_fonts=&#8221;yes&#8221; css=&#8221;.vc_custom_1705311049589{margin-bottom: 30px !important;}&#8221;][vc_column_text]La nostra missione \u00e8 fornire alla societ\u00e0 soluzioni di illuminazione decorativa e accessori per esterni, con un design trendy e funzionale in tutti i canali domestici.[\/vc_column_text][vc_custom_heading text=&#8221;Visione&#8221; font_container=&#8221;tag:h2|text_align:left|color:%238f8b85&#8243; use_theme_fonts=&#8221;yes&#8221; css=&#8221;.vc_custom_1705311251323{margin-bottom: 30px !important;}&#8221;][vc_column_text]La nostra visione \u00e8 quella di essere leader in Europa, America e Medio Oriente nel settore dell&#8217;illuminazione decorativa e degli accessori per esterni, con un design trendy e funzionale, incorporando la sostenibilit\u00e0 e l&#8217;innovazione come pilastri fondamentali di sviluppo; ispirando le persone a godersi la vita attraverso un modello di decrescita sostenibile che consenta il costante sviluppo del nostro team.[\/vc_column_text][vc_custom_heading text=&#8221;I nostri valori&#8221; font_container=&#8221;tag:h2|text_align:left|color:%238f8b85&#8243; use_theme_fonts=&#8221;yes&#8221; css=&#8221;.vc_custom_1705311407373{margin-bottom: 30px !important;}&#8221;][vc_column_text]<\/p>\n<ul>\n<li>Le persone al centro di tutto. Formiamo e guidiamo le persone a realizzare i loro sogni.<\/li>\n<li>Umilt\u00e0\/Trasparenza. Siamo ci\u00f2 che vedete. Siamo coerenti con noi stessi e con i nostri valori.<\/li>\n<li>Passione. Ci appassioniamo alle sfide, rendendo facile il difficile.<\/li>\n<li>Design\/qualit\u00e0 e innovazione. Forniamo soluzioni che rispondono alle esigenze della societ\u00e0.<\/li>\n<li>Crescita e leadership. Quando i nostri partner crescono, noi cresciamo con loro.<\/li>\n<li>Sostenibilit\u00e0\/CSR. Agire nel presente, pensando al futuro.<\/li>\n<\/ul>\n<p>[\/vc_column_text][\/vc_column][\/vc_row][vc_row full_width=&#8221;stretch_row&#8221; css=&#8221;.vc_custom_1705311813061{background-image: url(https:\/\/developing.newgarden.es\/wp-content\/uploads\/2024\/01\/NG_Grupal_2022.jpg?id=52932) !important;background-position: center !important;background-repeat: no-repeat !important;background-size: cover !important;}&#8221;][vc_column][vc_empty_space height=&#8221;600px&#8221;][\/vc_column][\/vc_row][vc_row full_width=&#8221;stretch_row&#8221; css=&#8221;.vc_custom_1705312102706{padding-top: 30px !important;padding-bottom: 30px !important;background-color: #e9e7da !important;}&#8221;][vc_column][vc_custom_heading text=&#8221;Partecipa&#8221; font_container=&#8221;tag:h2|font_size:40px|text_align:center|color:%238f8b85&#8243; use_theme_fonts=&#8221;yes&#8221; css=&#8221;.vc_custom_1705312074455{margin-bottom: 30px !important;}&#8221;][vc_column_text]<br \/>\n&nbsp;<br \/>\n[\/vc_column_text]\n<div class=\"wpcf7 no-js\" id=\"wpcf7-f56115-o1\" lang=\"it-IT\" dir=\"ltr\" data-wpcf7-id=\"56115\">\n<div class=\"screen-reader-response\"><p role=\"status\" aria-live=\"polite\" aria-atomic=\"true\"><\/p> <ul><\/ul><\/div>\n<form action=\"\/it\/wp-json\/wp\/v2\/pages\/55648#wpcf7-f56115-o1\" method=\"post\" class=\"wpcf7-form init\" aria-label=\"Modulo di contatto\" enctype=\"multipart\/form-data\" novalidate=\"novalidate\" data-status=\"init\">\n<div style=\"display: none;\">\n<input type=\"hidden\" name=\"_wpcf7\" value=\"56115\" \/>\n<input type=\"hidden\" name=\"_wpcf7_version\" value=\"6.0.6\" \/>\n<input type=\"hidden\" name=\"_wpcf7_locale\" value=\"it_IT\" \/>\n<input type=\"hidden\" name=\"_wpcf7_unit_tag\" value=\"wpcf7-f56115-o1\" \/>\n<input type=\"hidden\" name=\"_wpcf7_container_post\" value=\"0\" \/>\n<input type=\"hidden\" name=\"_wpcf7_posted_data_hash\" value=\"\" \/>\n<input type=\"hidden\" name=\"_wpcf7_recaptcha_response\" value=\"\" \/>\n<\/div>\n<p><label> Il tuo nome*<br \/>\n<span class=\"wpcf7-form-control-wrap\" data-name=\"your-name\"><input size=\"40\" maxlength=\"400\" class=\"wpcf7-form-control wpcf7-text wpcf7-validates-as-required\" aria-required=\"true\" aria-invalid=\"false\" value=\"\" type=\"text\" name=\"your-name\" \/><\/span> <\/label>\n<\/p>\n<p><label> La tua e-mail *<br \/>\n<span class=\"wpcf7-form-control-wrap\" data-name=\"your-email\"><input size=\"40\" maxlength=\"400\" class=\"wpcf7-form-control wpcf7-email wpcf7-validates-as-required wpcf7-text wpcf7-validates-as-email\" aria-required=\"true\" aria-invalid=\"false\" value=\"\" type=\"email\" name=\"your-email\" \/><\/span> <\/label>\n<\/p>\n<p><label> Messaggio<br \/>\n<span class=\"wpcf7-form-control-wrap\" data-name=\"your-message\"><textarea cols=\"40\" rows=\"10\" maxlength=\"2000\" class=\"wpcf7-form-control wpcf7-textarea\" aria-invalid=\"false\" name=\"your-message\"><\/textarea><\/span> <\/label>\n<\/p>\n<p><label> Allega il tuo CV (.pdf .doc .docx) *<br \/>\n<span class=\"wpcf7-form-control-wrap\" data-name=\"Curriculum\"><input size=\"40\" class=\"wpcf7-form-control wpcf7-file wpcf7-validates-as-required\" accept=\".pdf,.doc,.docx\" aria-required=\"true\" aria-invalid=\"false\" type=\"file\" name=\"Curriculum\" \/><\/span> <\/label>\n<\/p>\n<p><label>NEWGARDEN SPAIN, S.L. tratter\u00e0 i vostri dati personali per partecipare ai processi di selezione dell'organizzazione. Potete esercitare i diritti di accesso, rettifica, cancellazione e portabilit\u00e0 dei vostri dati, di limitazione e opposizione al loro trattamento, nonch\u00e9 di non essere soggetti a decisioni basate esclusivamente sul trattamento automatizzato dei vostri dati, se del caso, all'indirizzo e-mail info@newgarden.es.<br \/>\nVi consigliamo di leggere l'informativa sulla privacy prima di fornirci i vostri dati personali.<br \/>\n<\/label>\n<\/p>\n<p><span class=\"wpcf7-form-control-wrap\" data-name=\"Politicaprivacidad\"><span class=\"wpcf7-form-control wpcf7-checkbox wpcf7-validates-as-required\"><span class=\"wpcf7-list-item first last\"><input type=\"checkbox\" name=\"Politicaprivacidad[]\" value=\"Ho letto e accetto le condizioni della politica di protezione dei dati e della privacy\" \/><span class=\"wpcf7-list-item-label\">Ho letto e accetto le condizioni della politica di protezione dei dati e della privacy<\/span><\/span><\/span><\/span>\n<\/p>\n<p><a href=\"https:\/\/developing.newgarden.es\/politica-de-privacidad\/\"> Consulta la nostra Informativa sulla protezione dei dati e sulla privacy<\/a>\n<\/p>\n<p><input class=\"wpcf7-form-control wpcf7-submit has-spinner\" type=\"submit\" value=\"Inviare\" \/>\n<\/p><div class=\"wpcf7-response-output\" aria-hidden=\"true\"><\/div>\n<\/form>\n<\/div>\n[\/vc_column][\/vc_row][vc_row full_width=&#8221;stretch_row&#8221; css=&#8221;.vc_custom_1705312687279{padding-top: 30px !important;padding-bottom: 30px !important;background-color: #ffffff !important;}&#8221;][vc_column][vc_custom_heading text=&#8221; &#8221; font_container=&#8221;tag:h2|font_size:40px|text_align:center|color:%238f8b85&#8243; use_theme_fonts=&#8221;yes&#8221; css=&#8221;.vc_custom_1705312700242{margin-bottom: 30px !important;}&#8221;][vc_column_text]<br \/>\n&nbsp;<br \/>\n[\/vc_column_text][vc_row_inner][vc_column_inner][vc_column_text]<br \/>\n&nbsp;<br \/>\n[\/vc_column_text][\/vc_column_inner][\/vc_row_inner][\/vc_column][\/vc_row][vc_row full_width=&#8221;stretch_row&#8221; css=&#8221;.vc_custom_1705312655310{background-image: url(https:\/\/developing.newgarden.es\/wp-content\/uploads\/2024\/01\/rrhh.jpg?id=52940) !important;background-position: center !important;background-repeat: no-repeat !important;background-size: cover !important;}&#8221;][vc_column][vc_empty_space height=&#8221;600px&#8221;][\/vc_column][\/vc_row]<\/p>\n<\/section>","protected":false},"excerpt":{"rendered":"<p>[vc_row][vc_column][vc_empty_space height=&#8221;100px&#8221;][vc_column_text] Il nostro obiettivo: ispirare il mondo condividendo la nostra passione per l&#8217;illuminazione, lo stile e la cultura mediterranea. [\/vc_column_text][vc_empty_space height=&#8221;100px&#8221;][\/vc_column][\/vc_row][vc_row full_width=&#8221;stretch_row&#8221; css=&#8221;.vc_custom_1701074270861{background-image: url(https:\/\/developing.newgarden.es\/wp-content\/uploads\/2023\/11\/Sin-titulo-3-2.jpg?id=52824) !important;background-position: center !important;background-repeat: no-repeat !important;background-size:<\/p>\n","protected":false},"author":1,"featured_media":52847,"parent":0,"menu_order":0,"comment_status":"closed","ping_status":"closed","template":"","meta":{"footnotes":""},"class_list":["post-55648","page","type-page","status-publish","has-post-thumbnail","hentry"],"_links":{"self":[{"href":"https:\/\/developing.newgarden.es\/it\/wp-json\/wp\/v2\/pages\/55648"}],"collection":[{"href":"https:\/\/developing.newgarden.es\/it\/wp-json\/wp\/v2\/pages"}],"about":[{"href":"https:\/\/developing.newgarden.es\/it\/wp-json\/wp\/v2\/types\/page"}],"author":[{"embeddable":true,"href":"https:\/\/developing.newgarden.es\/it\/wp-json\/wp\/v2\/users\/1"}],"replies":[{"embeddable":true,"href":"https:\/\/developing.newgarden.es\/it\/wp-json\/wp\/v2\/comments?post=55648"}],"version-history":[{"count":6,"href":"https:\/\/developing.newgarden.es\/it\/wp-json\/wp\/v2\/pages\/55648\/revisions"}],"predecessor-version":[{"id":65550,"href":"https:\/\/developing.newgarden.es\/it\/wp-json\/wp\/v2\/pages\/55648\/revisions\/65550"}],"wp:featuredmedia":[{"embeddable":true,"href":"https:\/\/developing.newgarden.es\/it\/wp-json\/wp\/v2\/media\/52847"}],"wp:attachment":[{"href":"https:\/\/developing.newgarden.es\/it\/wp-json\/wp\/v2\/media?parent=55648"}],"curies":[{"name":"wp","href":"https:\/\/api.w.org\/{rel}","templated":true}]}}