{"id":47466,"date":"2023-02-21T14:29:57","date_gmt":"2023-02-21T13:30:00","guid":{"rendered":"https:\/\/newgarden.es\/?post_type=product&#038;p=47466"},"modified":"2024-05-28T10:22:31","modified_gmt":"2024-05-28T08:22:31","slug":"pack-x4-guirlande-decorative-hiama-pour-lexterieur","status":"publish","type":"product","link":"https:\/\/developing.newgarden.es\/fr\/shop\/lightdeco-fr\/noel\/pack-x4-guirlande-decorative-hiama-pour-lexterieur\/","title":{"rendered":"GUIRNALDA D\u00c9CORATIVE HIAMA"},"content":{"rendered":"<section class=\"wpb-content-wrapper\"><p>[vc_row][vc_column][vc_column_text][\/vc_column_text][\/vc_column][\/vc_row][vc_row][vc_column][vc_column_text]La guirlande Hiama est parfaite pour les \u00e9v\u00e9nements et les f\u00eates, elle est \u00e9galement id\u00e9ale pour d\u00e9corer votre maison ainsi que pour tout coin ext\u00e9rieur, jardin, terrasse, entreprise&#8230; Contrairement \u00e0 la plupart des guirlandes du march\u00e9, la guirlande d\u00e9corative Hiama de Newgarden poss\u00e8de 10 ampoules LED int\u00e9gr\u00e9es avec effet de flamme et son abat-jour est en bambou tress\u00e9. Chacune des lumi\u00e8res est dot\u00e9e d&#8217;un crochet en haut pour faciliter la suspension.<\/p>\n<p>La taille de la guirlande Hiama Design est de 5 m\u00e8tres et est disponible en finition SOLAR ou CABLE.<br \/>\n[\/vc_column_text][\/vc_column][\/vc_row][vc_row][vc_column width=&#8221;1\/2&#8243;][vc_btn title=&#8221;FICHE TECHNIQUE DU C\u00c2BLE&#8221; style=&#8221;custom&#8221; custom_background=&#8221;#009bc2&#8243; custom_text=&#8221;#ffffff&#8221; shape=&#8221;square&#8221; el_class=&#8221;btn_descargar_ficha&#8221; link=&#8221;url:https%3A%2F%2Fbit.ly%2F3Euuoga|target:%20_blank|&#8221;][vc_btn title=&#8221;FICHE TECHNIQUE SOLAIRE&#8221; style=&#8221;custom&#8221; custom_background=&#8221;#009bc2&#8243; custom_text=&#8221;#ffffff&#8221; shape=&#8221;square&#8221; el_class=&#8221;btn_descargar_ficha&#8221; link=&#8221;url:https%3A%2F%2Fbit.ly%2F3lPWzzz|target:%20_blank|&#8221;][\/vc_column][vc_column width=&#8221;1\/2&#8243;][vc_btn title=&#8221;MANUEL D&apos;INSTRUCTION C\u00c2BLE&#8221; style=&#8221;custom&#8221; custom_background=&#8221;#009bc2&#8243; custom_text=&#8221;#ffffff&#8221; shape=&#8221;square&#8221; el_class=&#8221;btn_descargar_ficha&#8221; link=&#8221;url:https%3A%2F%2Fbit.ly%2F3IHNy4t|target:%20_blank|&#8221;][vc_btn title=&#8221;MANUEL D&apos;INSTRUCTION SOLAIRE&#8221; style=&#8221;custom&#8221; custom_background=&#8221;#009bc2&#8243; custom_text=&#8221;#ffffff&#8221; shape=&#8221;square&#8221; el_class=&#8221;btn_descargar_ficha&#8221; link=&#8221;url:https%3A%2F%2Fbit.ly%2F3lJLlfR|target:%20_blank|&#8221;][\/vc_column][\/vc_row]<\/p>\n<\/section>","protected":false},"excerpt":{"rendered":"<h5>Guirlande d\u00e9corative HIAMA pour l&#8217;ext\u00e9rieur<\/h5>\n","protected":false},"featured_media":57885,"template":"","meta":[],"product_cat":[651,1575,752],"product_tag":[647,707,648],"class_list":{"0":"post-47466","1":"product","2":"type-product","3":"status-publish","4":"has-post-thumbnail","6":"product_cat-lightdeco-fr","7":"product_cat-guirlandes","8":"product_cat-noel","9":"product_tag-cable-fr","10":"product_tag-sans-fil","11":"product_tag-solaire","13":"first","14":"instock","15":"taxable","16":"shipping-taxable","17":"purchasable","18":"product-type-variable"},"df_price":119.6,"df_sale_price":"","df_regular_price":119.6,"df_image_link":"https:\/\/developing.newgarden.es\/wp-content\/uploads\/2023\/02\/HIAMA_GARLAND_1200X1200-6-300x300.jpg","_links":{"self":[{"href":"https:\/\/developing.newgarden.es\/fr\/wp-json\/wp\/v2\/product\/47466"}],"collection":[{"href":"https:\/\/developing.newgarden.es\/fr\/wp-json\/wp\/v2\/product"}],"about":[{"href":"https:\/\/developing.newgarden.es\/fr\/wp-json\/wp\/v2\/types\/product"}],"wp:featuredmedia":[{"embeddable":true,"href":"https:\/\/developing.newgarden.es\/fr\/wp-json\/wp\/v2\/media\/57885"}],"wp:attachment":[{"href":"https:\/\/developing.newgarden.es\/fr\/wp-json\/wp\/v2\/media?parent=47466"}],"wp:term":[{"taxonomy":"product_cat","embeddable":true,"href":"https:\/\/developing.newgarden.es\/fr\/wp-json\/wp\/v2\/product_cat?post=47466"},{"taxonomy":"product_tag","embeddable":true,"href":"https:\/\/developing.newgarden.es\/fr\/wp-json\/wp\/v2\/product_tag?post=47466"}],"curies":[{"name":"wp","href":"https:\/\/api.w.org\/{rel}","templated":true}]}}