{"id":47392,"date":"2023-02-21T14:20:13","date_gmt":"2023-02-21T13:20:16","guid":{"rendered":"https:\/\/newgarden.es\/?post_type=product&#038;p=47392"},"modified":"2024-05-28T10:19:16","modified_gmt":"2024-05-28T08:19:16","slug":"pack-x4-guirlande-decorative-dokinawa-pour-lexterieur","status":"publish","type":"product","link":"https:\/\/developing.newgarden.es\/fr\/shop\/lightdeco-fr\/noel\/pack-x4-guirlande-decorative-dokinawa-pour-lexterieur\/","title":{"rendered":"GUIRLANDE D\u00c9CORATIVE D&#8217;OKINAWA"},"content":{"rendered":"<section class=\"wpb-content-wrapper\"><p>[vc_row][vc_column][vc_column_text][\/vc_column_text][\/vc_column][\/vc_row][vc_row][vc_column][vc_column_text]<\/p>\n<p>La guirlande d&#8217;ext\u00e9rieur OKINAWA est fabriqu\u00e9e \u00e0 la main avec du bambou. Elle comporte 10 abat-jour en forme de cloche au design organique et 10 ampoules rempla\u00e7ables. Elle peut \u00eatre combin\u00e9e avec d&#8217;autres produits de la s\u00e9rie Okinawa tels que la lanterne (Okinawa Lantern), la suspension (Okinawa 40 Hang) ou le remarquable lampadaire Okinawa 170. Tous ces produits forment un ensemble de lampes qui apportent une touche de nature harmonieuse \u00e0 votre jardin. Dix ampoules et deux ampoules de rechange sont incluses. La corde a une finition effet jute et mesure 8 m\u00e8tres de long.<\/p>\n<p>La guirlande d\u00e9corative Okinawa est disponible en 2 finitions : CABLE ou SOLAIRE + BATTERIE RECHARGEABLE.<\/p>\n<p>[\/vc_column_text][\/vc_column][\/vc_row][vc_row][vc_column width=&#8221;1\/2&#8243;][vc_btn title=&#8221;<\/p>\n<p>FICHE TECHNIQUE DU C\u00c2BLE<\/p>\n<p>&#8221; style=&#8221;custom&#8221; custom_background=&#8221;#009bc2&#8243; custom_text=&#8221;#ffffff&#8221; shape=&#8221;square&#8221; el_class=&#8221;btn_descargar_ficha&#8221; link=&#8221;url:%3Cp%3Ehttps%3A%2F%2Fbit.ly%2F3xEYB8k%3C%2Fp%3E|target:%20_blank|&#8221;][vc_btn title=&#8221;<\/p>\n<p>FICHE TECHNIQUE SOLAIRE<\/p>\n<p>&#8221; style=&#8221;custom&#8221; custom_background=&#8221;#009bc2&#8243; custom_text=&#8221;#ffffff&#8221; shape=&#8221;square&#8221; el_class=&#8221;btn_descargar_ficha&#8221; link=&#8221;url:%3Cp%3Ehttps%3A%2F%2Fbit.ly%2F3SiSwb4%3C%2Fp%3E|target:%20_blank|&#8221;][\/vc_column][vc_column width=&#8221;1\/2&#8243;][vc_btn title=&#8221;<\/p>\n<p>MANUEL D&apos;INSTRUCTION C\u00c2BLE<\/p>\n<p>&#8221; style=&#8221;custom&#8221; custom_background=&#8221;#009bc2&#8243; custom_text=&#8221;#ffffff&#8221; shape=&#8221;square&#8221; el_class=&#8221;btn_descargar_ficha&#8221; link=&#8221;url:%3Cp%3Ehttps%3A%2F%2Fbit.ly%2F3Z4RKAG%3C%2Fp%3E|target:%20_blank|&#8221;][vc_btn title=&#8221;<\/p>\n<p>MANUEL D&apos;INSTRUCTION SOLAIRE<\/p>\n<p>&#8221; style=&#8221;custom&#8221; custom_background=&#8221;#009bc2&#8243; custom_text=&#8221;#ffffff&#8221; shape=&#8221;square&#8221; el_class=&#8221;btn_descargar_ficha&#8221; link=&#8221;url:%3Cp%3Ehttps%3A%2F%2Fbit.ly%2F3Ksdna5%3C%2Fp%3E|target:%20_blank|&#8221;][\/vc_column][\/vc_row]<\/p>\n<\/section>","protected":false},"excerpt":{"rendered":"<h5>PACK X 4 GUIRLANDE D\u00c9CORATIVE D&#8217;OKINAWA POUR L&#8217;EXT\u00c9RIEUR<\/h5>\n","protected":false},"featured_media":57930,"template":"","meta":[],"product_cat":[651,1575,752],"product_tag":[647,707,648],"class_list":{"0":"post-47392","1":"product","2":"type-product","3":"status-publish","4":"has-post-thumbnail","6":"product_cat-lightdeco-fr","7":"product_cat-guirlandes","8":"product_cat-noel","9":"product_tag-cable-fr","10":"product_tag-sans-fil","11":"product_tag-solaire","13":"first","14":"instock","15":"taxable","16":"shipping-taxable","17":"purchasable","18":"product-type-variable"},"df_price":159.6,"df_sale_price":"","df_regular_price":159.6,"df_image_link":"https:\/\/developing.newgarden.es\/wp-content\/uploads\/2023\/02\/OKINAWA_GARLAND_1200X1200-8-1-300x300.jpg","_links":{"self":[{"href":"https:\/\/developing.newgarden.es\/fr\/wp-json\/wp\/v2\/product\/47392"}],"collection":[{"href":"https:\/\/developing.newgarden.es\/fr\/wp-json\/wp\/v2\/product"}],"about":[{"href":"https:\/\/developing.newgarden.es\/fr\/wp-json\/wp\/v2\/types\/product"}],"wp:featuredmedia":[{"embeddable":true,"href":"https:\/\/developing.newgarden.es\/fr\/wp-json\/wp\/v2\/media\/57930"}],"wp:attachment":[{"href":"https:\/\/developing.newgarden.es\/fr\/wp-json\/wp\/v2\/media?parent=47392"}],"wp:term":[{"taxonomy":"product_cat","embeddable":true,"href":"https:\/\/developing.newgarden.es\/fr\/wp-json\/wp\/v2\/product_cat?post=47392"},{"taxonomy":"product_tag","embeddable":true,"href":"https:\/\/developing.newgarden.es\/fr\/wp-json\/wp\/v2\/product_tag?post=47392"}],"curies":[{"name":"wp","href":"https:\/\/api.w.org\/{rel}","templated":true}]}}