{"id":47248,"date":"2023-02-21T13:26:51","date_gmt":"2023-02-21T12:26:54","guid":{"rendered":"https:\/\/newgarden.es\/?post_type=product&#038;p=47248"},"modified":"2024-05-27T10:22:32","modified_gmt":"2024-05-27T08:22:32","slug":"applique-sans-fil-conta-wall","status":"publish","type":"product","link":"https:\/\/developing.newgarden.es\/fr\/shop\/lightdeco-fr\/appliques\/applique-sans-fil-conta-wall\/","title":{"rendered":"APPLIQUE SANS FIL CONTA WALL"},"content":{"rendered":"<section class=\"wpb-content-wrapper\"><p>[vc_row][vc_column][vc_column_text][\/vc_column_text][\/vc_column][\/vc_row][vc_row][vc_column][vc_column_text]L&#8217;applique murale sans fil CONTA WALL est fabriqu\u00e9e en PVC recycl\u00e9. Cette lampe est le compl\u00e9ment id\u00e9al pour \u00e9clairer n&#8217;importe quel espace de votre maison ou de votre jardin, en lui donnant une touche diff\u00e9rente.<\/p>\n<p>Elle int\u00e8gre une ampoule rechargeable portable de 900 lumens qui ne n\u00e9cessite aucune installation, il suffit de l&#8217;approcher de la lampe pour qu&#8217;elle y adh\u00e8re gr\u00e2ce \u00e0 sa base aimant\u00e9e. Cette ampoule comprend \u00e9galement une t\u00e9l\u00e9commande permettant de l&#8217;allumer, de l&#8217;\u00e9teindre et de r\u00e9gler son intensit\u00e9.<\/p>\n<p>Cette lampe fait partie de la famille CONTA et peut \u00eatre combin\u00e9e avec une lampe suspendue, un lampadaire et une lampe de table.<br \/>\n[\/vc_column_text][\/vc_column][\/vc_row][vc_row][vc_column width=&#8221;1\/2&#8243;][vc_btn title=&#8221;Fiche technique&#8221; style=&#8221;custom&#8221; custom_background=&#8221;#009bc2&#8243; custom_text=&#8221;#ffffff&#8221; shape=&#8221;square&#8221; el_class=&#8221;btn_descargar_ficha&#8221; link=&#8221;url:https%3A%2F%2Fbit.ly%2F3XWLQ3S|target:%20_blank|&#8221;][\/vc_column][vc_column width=&#8221;1\/2&#8243;][vc_btn title=&#8221;Manuel d&apos;instrutions&#8221; style=&#8221;custom&#8221; custom_background=&#8221;#009bc2&#8243; custom_text=&#8221;#ffffff&#8221; shape=&#8221;square&#8221; el_class=&#8221;btn_descargar_ficha&#8221; link=&#8221;url:https%3A%2F%2Fbit.ly%2F3XNfRmj|target:%20_blank|&#8221;][\/vc_column][\/vc_row]<\/p>\n<\/section>","protected":false},"excerpt":{"rendered":"<h6>Applique sans fil CONTA WALL<\/h6>\n","protected":false},"featured_media":56564,"template":"","meta":[],"product_cat":[651,757],"product_tag":[653,707],"class_list":{"0":"post-47248","1":"product","2":"type-product","3":"status-publish","4":"has-post-thumbnail","6":"product_cat-lightdeco-fr","7":"product_cat-appliques","8":"product_tag-batterie","9":"product_tag-sans-fil","11":"first","12":"instock","13":"taxable","14":"shipping-taxable","15":"purchasable","16":"product-type-variable","17":"has-default-attributes"},"df_price":44,"df_sale_price":"","df_regular_price":44,"df_image_link":"https:\/\/developing.newgarden.es\/wp-content\/uploads\/2023\/02\/CONTA_WALL_BATTERY_1200X1200-1-300x300.jpg","_links":{"self":[{"href":"https:\/\/developing.newgarden.es\/fr\/wp-json\/wp\/v2\/product\/47248"}],"collection":[{"href":"https:\/\/developing.newgarden.es\/fr\/wp-json\/wp\/v2\/product"}],"about":[{"href":"https:\/\/developing.newgarden.es\/fr\/wp-json\/wp\/v2\/types\/product"}],"wp:featuredmedia":[{"embeddable":true,"href":"https:\/\/developing.newgarden.es\/fr\/wp-json\/wp\/v2\/media\/56564"}],"wp:attachment":[{"href":"https:\/\/developing.newgarden.es\/fr\/wp-json\/wp\/v2\/media?parent=47248"}],"wp:term":[{"taxonomy":"product_cat","embeddable":true,"href":"https:\/\/developing.newgarden.es\/fr\/wp-json\/wp\/v2\/product_cat?post=47248"},{"taxonomy":"product_tag","embeddable":true,"href":"https:\/\/developing.newgarden.es\/fr\/wp-json\/wp\/v2\/product_tag?post=47248"}],"curies":[{"name":"wp","href":"https:\/\/api.w.org\/{rel}","templated":true}]}}