{"id":47114,"date":"2023-02-21T13:02:17","date_gmt":"2023-02-21T12:02:20","guid":{"rendered":"https:\/\/newgarden.es\/?post_type=product&#038;p=47114"},"modified":"2024-07-01T10:24:38","modified_gmt":"2024-07-01T08:24:38","slug":"enceinte-de-piscine-sans-fil-play-disk-40","status":"publish","type":"product","link":"https:\/\/developing.newgarden.es\/fr\/shop\/lightdeco-fr\/haut-parleurs\/enceinte-de-piscine-sans-fil-play-disk-40\/","title":{"rendered":"ENCEINTE DE PISCINE SANS FIL PLAY DISK 40"},"content":{"rendered":"<section class=\"wpb-content-wrapper\"><p>[vc_row][vc_column el_class=&#8221;descripcion_producto&#8221;][vc_column_text]Play disk 40 est un haut-parleur sp\u00e9cialement con\u00e7u pour \u00eatre appr\u00e9ci\u00e9 dans la piscine. Il est tr\u00e8s facile \u00e0 utiliser : choisissez votre musique pr\u00e9f\u00e9r\u00e9e, jetez-le dans l&#8217;eau et profitez-en&#8230; c&#8217;est aussi simple que cela. Cette enceinte aquatique sera un incontournable pour animer vos soir\u00e9es piscine, vous d\u00e9tendre dans le jacuzzi ou tout simplement pour apporter de la musique sur votre terrasse ou dans votre jardin, car elle peut \u00e9galement \u00eatre accroch\u00e9e au mur ou plac\u00e9e \u00e0 c\u00f4t\u00e9 d&#8217;une table. L&#8217;autonomie de la batterie peut atteindre 20 heures (selon le mode d&#8217;utilisation).<\/p>\n<p>Le disque Play 40 est dot\u00e9 de la technologie Bluetooth TWS, ce qui vous permet de connecter deux disques Play 40 avec un seul appareil. Avec sa t\u00e9l\u00e9commande (incluse), vous pouvez passer d&#8217;une couleur fixe \u00e0 un autre mode de couleur, jouer ou mettre en pause la lecture&#8230;<\/p>\n<p>*mettre dans le tableau de description : FLOTTANT OUI : SUBMERSIBLE : NON<br \/>\n[\/vc_column_text][\/vc_column][\/vc_row][vc_row disable_element=&#8221;yes&#8221;][vc_column][vc_single_image image=&#8221;6566&#8243; img_size=&#8221;full&#8221;][\/vc_column][\/vc_row][vc_row][vc_column width=&#8221;1\/2&#8243;][vc_btn title=&#8221;Fiche technique&#8221; style=&#8221;custom&#8221; custom_background=&#8221;#009bc2&#8243; custom_text=&#8221;#ffffff&#8221; shape=&#8221;square&#8221; link=&#8221;url:https%3A%2F%2Fbit.ly%2F3IiB6aa|target:%20_blank|&#8221; el_class=&#8221;btn_descargar_ficha&#8221;][\/vc_column][vc_column width=&#8221;1\/2&#8243;][vc_btn title=&#8221;Manuel d&apos;instrutions&#8221; style=&#8221;custom&#8221; custom_background=&#8221;#009bc2&#8243; custom_text=&#8221;#ffffff&#8221; shape=&#8221;square&#8221; link=&#8221;url:https%3A%2F%2Fbit.ly%2F3KpTro7|target:%20_blank|&#8221; el_class=&#8221;btn_descargar_ficha&#8221;][\/vc_column][\/vc_row]<\/p>\n<\/section>","protected":false},"excerpt":{"rendered":"<h1 style=\"font-size: 12px;\">Enceinte de piscine sans fil PLAY DISK 40<\/h1>\n","protected":false},"featured_media":56344,"template":"","meta":[],"product_cat":[651,757,754,743],"product_tag":[],"class_list":{"0":"post-47114","1":"product","2":"type-product","3":"status-publish","4":"has-post-thumbnail","6":"product_cat-lightdeco-fr","7":"product_cat-appliques","8":"product_cat-portables","9":"product_cat-haut-parleurs","11":"first","12":"instock","13":"taxable","14":"shipping-taxable","15":"purchasable","16":"product-type-variable"},"df_price":64,"df_sale_price":"","df_regular_price":64,"df_image_link":"https:\/\/developing.newgarden.es\/wp-content\/uploads\/2023\/02\/WALLY_PLAY_1200X1200-8-300x300.jpg","_links":{"self":[{"href":"https:\/\/developing.newgarden.es\/fr\/wp-json\/wp\/v2\/product\/47114"}],"collection":[{"href":"https:\/\/developing.newgarden.es\/fr\/wp-json\/wp\/v2\/product"}],"about":[{"href":"https:\/\/developing.newgarden.es\/fr\/wp-json\/wp\/v2\/types\/product"}],"wp:featuredmedia":[{"embeddable":true,"href":"https:\/\/developing.newgarden.es\/fr\/wp-json\/wp\/v2\/media\/56344"}],"wp:attachment":[{"href":"https:\/\/developing.newgarden.es\/fr\/wp-json\/wp\/v2\/media?parent=47114"}],"wp:term":[{"taxonomy":"product_cat","embeddable":true,"href":"https:\/\/developing.newgarden.es\/fr\/wp-json\/wp\/v2\/product_cat?post=47114"},{"taxonomy":"product_tag","embeddable":true,"href":"https:\/\/developing.newgarden.es\/fr\/wp-json\/wp\/v2\/product_tag?post=47114"}],"curies":[{"name":"wp","href":"https:\/\/api.w.org\/{rel}","templated":true}]}}