{"id":47054,"date":"2023-02-21T12:49:30","date_gmt":"2023-02-21T11:49:33","guid":{"rendered":"https:\/\/newgarden.es\/?post_type=product&#038;p=47054"},"modified":"2024-05-28T10:30:11","modified_gmt":"2024-05-28T08:30:11","slug":"barre-de-table-extensible-pour-guirlandes-garland-lift","status":"publish","type":"product","link":"https:\/\/developing.newgarden.es\/fr\/shop\/lightdeco-fr\/guirlandes\/barre-de-table-extensible-pour-guirlandes-garland-lift\/","title":{"rendered":"BARRE DE TABLE EXTENSIBLE POUR GUIRLANDES GARLAND LIFT"},"content":{"rendered":"<section class=\"wpb-content-wrapper\"><p>[vc_row][vc_column el_class=&#8221;descripcion_producto&#8221;][vc_column_text]La barre pour guirlande GARLAND LIFT est con\u00e7u pour d\u00e9corer votre table d&#8217;une mani\u00e8re diff\u00e9rente. Ce cadre de table est tr\u00e8s facile \u00e0 installer et, gr\u00e2ce \u00e0 sa tige extensible, elle peut s&#8217;adapter \u00e0 presque tous les types de table. Fabriqu\u00e9e en acier laqu\u00e9, elle est l\u00e9g\u00e8re et durable. Elle peut \u00eatre utilis\u00e9e aussi bien \u00e0 l&#8217;int\u00e9rieur qu&#8217;\u00e0 l&#8217;ext\u00e9rieur. Il n&#8217;y a donc aucune limite lorsqu&#8217;il s&#8217;agit d&#8217;ajouter une nouvelle touche \u00e0 votre table de terrasse ou de jardin.<\/p>\n<p>Combinez Garland lift avec n&#8217;importe quelle guirlande de la famille Newgarden.<br \/>\n[\/vc_column_text][\/vc_column][\/vc_row][vc_row][vc_column width=&#8221;1\/2&#8243;][vc_btn title=&#8221;Fiche technique&#8221; style=&#8221;custom&#8221; custom_background=&#8221;#009bc2&#8243; custom_text=&#8221;#ffffff&#8221; shape=&#8221;square&#8221; link=&#8221;url:https%3A%2F%2Fbit.ly%2F3keaSgS|target:%20_blank|&#8221; el_class=&#8221;btn_descargar_ficha&#8221;][\/vc_column][vc_column width=&#8221;1\/2&#8243;][vc_btn title=&#8221;Manuel d&apos;instrutions&#8221; style=&#8221;custom&#8221; custom_background=&#8221;#009bc2&#8243; custom_text=&#8221;#ffffff&#8221; shape=&#8221;square&#8221; link=&#8221;url:https%3A%2F%2Fbit.ly%2F3IaUs0M|target:%20_blank|&#8221; el_class=&#8221;btn_descargar_ficha&#8221;][\/vc_column][\/vc_row]<\/p>\n<\/section>","protected":false},"excerpt":{"rendered":"<h1 style=\"font-size: 12px;\">Barre de table extensible pour guirlandes<\/h1>\n","protected":false},"featured_media":57950,"template":"","meta":[],"product_cat":[651,1575],"product_tag":[],"class_list":{"0":"post-47054","1":"product","2":"type-product","3":"status-publish","4":"has-post-thumbnail","6":"product_cat-lightdeco-fr","7":"product_cat-guirlandes","9":"first","10":"instock","11":"taxable","12":"shipping-taxable","13":"purchasable","14":"product-type-variable"},"df_price":29,"df_sale_price":"","df_regular_price":29,"df_image_link":"https:\/\/developing.newgarden.es\/wp-content\/uploads\/2023\/02\/GARLAND_LIFT_1200X1200-13-1-300x300.jpg","_links":{"self":[{"href":"https:\/\/developing.newgarden.es\/fr\/wp-json\/wp\/v2\/product\/47054"}],"collection":[{"href":"https:\/\/developing.newgarden.es\/fr\/wp-json\/wp\/v2\/product"}],"about":[{"href":"https:\/\/developing.newgarden.es\/fr\/wp-json\/wp\/v2\/types\/product"}],"wp:featuredmedia":[{"embeddable":true,"href":"https:\/\/developing.newgarden.es\/fr\/wp-json\/wp\/v2\/media\/57950"}],"wp:attachment":[{"href":"https:\/\/developing.newgarden.es\/fr\/wp-json\/wp\/v2\/media?parent=47054"}],"wp:term":[{"taxonomy":"product_cat","embeddable":true,"href":"https:\/\/developing.newgarden.es\/fr\/wp-json\/wp\/v2\/product_cat?post=47054"},{"taxonomy":"product_tag","embeddable":true,"href":"https:\/\/developing.newgarden.es\/fr\/wp-json\/wp\/v2\/product_tag?post=47054"}],"curies":[{"name":"wp","href":"https:\/\/api.w.org\/{rel}","templated":true}]}}