{"id":46772,"date":"2023-02-21T12:08:56","date_gmt":"2023-02-21T11:09:03","guid":{"rendered":"https:\/\/newgarden.es\/?post_type=product&#038;p=46772"},"modified":"2024-05-31T14:30:14","modified_gmt":"2024-05-31T12:30:14","slug":"lampe-decorative-sans-fil-sardinia-40","status":"publish","type":"product","link":"https:\/\/developing.newgarden.es\/fr\/shop\/lightdeco-fr\/lampe-a-cote\/lampe-decorative-sans-fil-sardinia-40\/","title":{"rendered":"LAMPE D\u00c9CORATIVE SANS FIL SARDINIA 40"},"content":{"rendered":"<section class=\"wpb-content-wrapper\"><p>[vc_row][vc_column][vc_column_text][\/vc_column_text][\/vc_column][\/vc_row][vc_row][vc_column el_class=&#8221;descripcion_producto&#8221;][vc_column_text]<\/p>\n<p>Vous pouvez la placer sur une table, sur un bureau ou dans une chambre \u00e0 coucher, car avec une hauteur de 40 cm, elle s&#8217;adapte \u00e0 tous les espaces. Son abat-jour est oscillant, ce qui vous permet de diriger la lumi\u00e8re \u00e0 votre guise. Pour l&#8217;allumer et r\u00e9gler son intensit\u00e9, il suffit d&#8217;appuyer sur le bouton du haut. L&#8217;autonomie de la batterie peut atteindre 20 heures (selon l&#8217;intensit\u00e9 de la lumi\u00e8re pendant l&#8217;utilisation). Vous pouvez la combiner avec l&#8217;autre lampe de la famille : Sardinia 30.<\/p>\n<p>Sardinia 40 est une lampe de table sans fil, r\u00e9alis\u00e9e en fer peint et disponible en deux couleurs diff\u00e9rentes : Blanc ou anthracite. Son design aux lignes simples et arrondies s&#8217;inspire de la c\u00f4te de la Sardaigne.<\/p>\n<p>[\/vc_column_text][\/vc_column][\/vc_row][vc_row][vc_column width=&#8221;1\/2&#8243;][vc_btn title=&#8221;<\/p>\n<p>FICHE TECHNIQUE ANTHRACITE<\/p>\n<p>&#8221; style=&#8221;custom&#8221; custom_background=&#8221;#009bc2&#8243; custom_text=&#8221;#ffffff&#8221; shape=&#8221;square&#8221; link=&#8221;url:%3Cp%3Ehttps%3A%2F%2Fbit.ly%2F3SjFkml%3C%2Fp%3E|target:%20_blank|rel:nofollow|&#8221; el_class=&#8221;btn_descargar_ficha&#8221;][vc_btn title=&#8221;<\/p>\n<p>FICHE TECHNIQUE BLANC<\/p>\n<p>&#8221; style=&#8221;custom&#8221; custom_background=&#8221;#009bc2&#8243; custom_text=&#8221;#ffffff&#8221; shape=&#8221;square&#8221; link=&#8221;url:%3Cp%3Ehttps%3A%2F%2Fbit.ly%2F3lWXFtd%3C%2Fp%3E|target:%20_blank|rel:nofollow|&#8221; el_class=&#8221;btn_descargar_ficha&#8221;][\/vc_column][vc_column width=&#8221;1\/2&#8243;][vc_btn title=&#8221;<\/p>\n<p>Manuel d&apos;instrutions<\/p>\n<p>&#8221; style=&#8221;custom&#8221; custom_background=&#8221;#009bc2&#8243; custom_text=&#8221;#ffffff&#8221; shape=&#8221;square&#8221; link=&#8221;url:%3Cp%3Ehttps%3A%2F%2Fbit.ly%2F3KrVQ1M%3C%2Fp%3E|target:%20_blank|&#8221; el_class=&#8221;btn_descargar_ficha&#8221;][vc_btn title=&#8221;<\/p>\n<p>Manuel d&apos;instrutions<\/p>\n<p>&#8221; style=&#8221;custom&#8221; custom_background=&#8221;#009bc2&#8243; custom_text=&#8221;#ffffff&#8221; shape=&#8221;square&#8221; link=&#8221;url:%3Cp%3Ehttps%3A%2F%2Fbit.ly%2F3kd2kXy%3C%2Fp%3E|target:%20_blank|&#8221; el_class=&#8221;btn_descargar_ficha&#8221;][\/vc_column][vc_column][\/vc_column][\/vc_row]<\/p>\n<\/section>","protected":false},"excerpt":{"rendered":"<h1 style=\"font-size: 12px;\" data-mce-style=\"font-size: 12px;\">Lampe d\u00e9corative sans fil SARDINIA 40<\/h1>\n","protected":false},"featured_media":60775,"template":"","meta":[],"product_cat":[1695,651,652,1590],"product_tag":[],"class_list":{"0":"post-46772","1":"product","2":"type-product","3":"status-publish","4":"has-post-thumbnail","6":"product_cat-productos-fr","7":"product_cat-lightdeco-fr","8":"product_cat-lampe-a-cote","9":"product_cat-interieur-fr","11":"first","12":"instock","13":"taxable","14":"shipping-taxable","15":"purchasable","16":"product-type-variable"},"df_price":49,"df_sale_price":"","df_regular_price":49,"df_image_link":"https:\/\/developing.newgarden.es\/wp-content\/uploads\/2023\/02\/SARDINIA_40_BATTERY_1200X1200-11-300x300.jpg","_links":{"self":[{"href":"https:\/\/developing.newgarden.es\/fr\/wp-json\/wp\/v2\/product\/46772"}],"collection":[{"href":"https:\/\/developing.newgarden.es\/fr\/wp-json\/wp\/v2\/product"}],"about":[{"href":"https:\/\/developing.newgarden.es\/fr\/wp-json\/wp\/v2\/types\/product"}],"wp:featuredmedia":[{"embeddable":true,"href":"https:\/\/developing.newgarden.es\/fr\/wp-json\/wp\/v2\/media\/60775"}],"wp:attachment":[{"href":"https:\/\/developing.newgarden.es\/fr\/wp-json\/wp\/v2\/media?parent=46772"}],"wp:term":[{"taxonomy":"product_cat","embeddable":true,"href":"https:\/\/developing.newgarden.es\/fr\/wp-json\/wp\/v2\/product_cat?post=46772"},{"taxonomy":"product_tag","embeddable":true,"href":"https:\/\/developing.newgarden.es\/fr\/wp-json\/wp\/v2\/product_tag?post=46772"}],"curies":[{"name":"wp","href":"https:\/\/api.w.org\/{rel}","templated":true}]}}