{"id":46726,"date":"2023-02-21T11:40:43","date_gmt":"2023-02-21T10:40:46","guid":{"rendered":"https:\/\/newgarden.es\/?post_type=product&#038;p=46726"},"modified":"2024-06-03T08:15:33","modified_gmt":"2024-06-03T06:15:33","slug":"lampe-decorative-sans-fil-gretita-lampe-de-table-blanc","status":"publish","type":"product","link":"https:\/\/developing.newgarden.es\/fr\/shop\/lightdeco-fr\/lampe-a-cote\/lampe-decorative-sans-fil-gretita-lampe-de-table-blanc\/","title":{"rendered":"LAMPE D\u00c9CORATIVE SANS FIL GRETITA LAMPE DE TABLE BLANC"},"content":{"rendered":"<section class=\"wpb-content-wrapper\"><p>[vc_row][vc_column][vc_column_text][\/vc_column_text][\/vc_column][\/vc_row][vc_row][vc_column el_class=&#8221;descripcion_producto&#8221;][vc_column_text]La lampe de table Gretita est la lampe de table parfaite, vous pouvez la placer dans n&#8217;importe quel espace de votre maison ou de votre jardin et elle ne laissera s\u00fbrement personne indiff\u00e9rent. Elle est id\u00e9ale pour donner un point de lumi\u00e8re \u00e0 votre table sans avoir besoin de c\u00e2bles. Elle est fabriqu\u00e9e en plastique recycl\u00e9 et ne n\u00e9cessite que 3 piles AAA pour fonctionner. Pour l&#8217;allumer et r\u00e9gler son intensit\u00e9, il suffit d&#8217;appuyer sur le bouton tactile situ\u00e9 sur la surface de l&#8217;abat-jour. Combinez cette lampe avec les autres produits de la famille Gretita pour cr\u00e9er des espaces pleins de lumi\u00e8re et de tendance. La lampe de table Gretita est disponible en deux couleurs diff\u00e9rentes : blanc ou anthracite.<br \/>\n[\/vc_column_text][\/vc_column][\/vc_row][vc_row][vc_column width=&#8221;1\/2&#8243;][vc_btn title=&#8221;Fiche technique&#8221; style=&#8221;custom&#8221; custom_background=&#8221;#009bc2&#8243; custom_text=&#8221;#ffffff&#8221; shape=&#8221;square&#8221; link=&#8221;url:https%3A%2F%2Fbit.ly%2F3KxKkBQ|target:%20_blank|rel:nofollow|&#8221; el_class=&#8221;btn_descargar_ficha&#8221;][\/vc_column][vc_column width=&#8221;1\/2&#8243;][vc_btn title=&#8221;Manuel d&apos;instrutions&#8221; style=&#8221;custom&#8221; custom_background=&#8221;#009bc2&#8243; custom_text=&#8221;#ffffff&#8221; shape=&#8221;square&#8221; link=&#8221;url:https%3A%2F%2Fbit.ly%2F3kfz1no|target:%20_blank|&#8221; el_class=&#8221;btn_descargar_ficha&#8221;][\/vc_column][vc_column][\/vc_column][\/vc_row]<\/p>\n<\/section>","protected":false},"excerpt":{"rendered":"<h1 style=\"font-size: 12px;\">Lampe d\u00e9corative sans fil GRETITA LAMPE DE TABLE BLANC<\/h1>\n","protected":false},"featured_media":60845,"template":"","meta":[],"product_cat":[1695,651,652,754,1590],"product_tag":[],"class_list":{"0":"post-46726","1":"product","2":"type-product","3":"status-publish","4":"has-post-thumbnail","6":"product_cat-productos-fr","7":"product_cat-lightdeco-fr","8":"product_cat-lampe-a-cote","9":"product_cat-portables","10":"product_cat-interieur-fr","12":"first","13":"instock","14":"taxable","15":"shipping-taxable","16":"purchasable","17":"product-type-variable"},"df_price":59.4,"df_sale_price":"","df_regular_price":59.4,"df_image_link":"https:\/\/developing.newgarden.es\/wp-content\/uploads\/2023\/02\/GRETITA_TABLE_AAA_1200X1200-26-300x300.jpg","_links":{"self":[{"href":"https:\/\/developing.newgarden.es\/fr\/wp-json\/wp\/v2\/product\/46726"}],"collection":[{"href":"https:\/\/developing.newgarden.es\/fr\/wp-json\/wp\/v2\/product"}],"about":[{"href":"https:\/\/developing.newgarden.es\/fr\/wp-json\/wp\/v2\/types\/product"}],"wp:featuredmedia":[{"embeddable":true,"href":"https:\/\/developing.newgarden.es\/fr\/wp-json\/wp\/v2\/media\/60845"}],"wp:attachment":[{"href":"https:\/\/developing.newgarden.es\/fr\/wp-json\/wp\/v2\/media?parent=46726"}],"wp:term":[{"taxonomy":"product_cat","embeddable":true,"href":"https:\/\/developing.newgarden.es\/fr\/wp-json\/wp\/v2\/product_cat?post=46726"},{"taxonomy":"product_tag","embeddable":true,"href":"https:\/\/developing.newgarden.es\/fr\/wp-json\/wp\/v2\/product_tag?post=46726"}],"curies":[{"name":"wp","href":"https:\/\/api.w.org\/{rel}","templated":true}]}}