{"id":46565,"date":"2023-02-21T11:11:11","date_gmt":"2023-02-21T10:11:14","guid":{"rendered":"https:\/\/newgarden.es\/?post_type=product&#038;p=46565"},"modified":"2024-07-01T10:24:33","modified_gmt":"2024-07-01T08:24:33","slug":"lampe-solaire-de-piscine-sans-fil-papaya-30","status":"publish","type":"product","link":"https:\/\/developing.newgarden.es\/fr\/shop\/lightdeco-fr\/portables\/lampe-solaire-de-piscine-sans-fil-papaya-30\/","title":{"rendered":"LAMPE SOLAIRE DE PISCINE SANS FIL PAPAYA 30"},"content":{"rendered":"<section class=\"wpb-content-wrapper\"><p>[vc_row][vc_column][vc_column_text][\/vc_column_text][\/vc_column][\/vc_row][vc_row][vc_column][vc_column_text]Papaya 30 SOLAR &amp; BATTERY est une lampe sans fil sp\u00e9cialement con\u00e7ue pour \u00e9clairer votre piscine. Sa conception compacte et \u00e9tanche lui permet d&#8217;\u00eatre immerg\u00e9e jusqu&#8217;\u00e0 1 m\u00e8tre (IP 68). Elle est dot\u00e9e d&#8217;un grand panneau solaire int\u00e9gr\u00e9 qui permet de le recharger efficacement sans avoir besoin de c\u00e2bles. Elle dispose d&#8217;une t\u00e9l\u00e9commande avec laquelle vous pouvez contr\u00f4ler la lumi\u00e8re et choisir parmi une large gamme de couleurs, ainsi que diff\u00e9rents modes de changement de couleur et la possibilit\u00e9 d&#8217;activer le capteur cr\u00e9pusculaire pour qu&#8217;elle s&#8217;allume automatiquement au cr\u00e9puscule.<\/p>\n<p>Elle peut \u00eatre install\u00e9e de deux fa\u00e7ons : avec un adh\u00e9sif amovible ou avec des ventouses. Vous pouvez donc l&#8217;installer dans n&#8217;importe quel type de piscine, qu&#8217;elle soit carrel\u00e9e, en gr\u00e9site ou autre. Elle peut \u00e9galement \u00eatre utilis\u00e9e comme lumi\u00e8re flottante d\u00e9corative, lumi\u00e8re de table, au niveau du sol&#8230; pour tout cela et bien plus encore, cette lumi\u00e8re de piscine est un indispensable pour votre terrasse ou votre jardin.<\/p>\n<p>Elle dispose de deux syst\u00e8mes de charge : solaire et magn\u00e9tique :<\/p>\n<p>Charge magn\u00e9tique : il s&#8217;agit d&#8217;un mode de charge s\u00fbr pour les produits aquatiques. Il vous suffira de la sortir de la piscine, de s\u00e9cher la zone de charge de la lampe et en tr\u00e8s peu de temps vous aurez le produit charg\u00e9 \u00e0 100% pour profiter de tous ses avantages.<\/p>\n<p>Chargement solaire : comme son nom l&#8217;indique, il suffit que le produit soit expos\u00e9 \u00e0 la lumi\u00e8re du soleil. Plus il re\u00e7oit de lumi\u00e8re directe du soleil, plus l&#8217;autonomie sera grande.<\/p>\n<p>Il a jusqu&#8217;\u00e0 32 heures d&#8217;autonomie et une source lumineuse de 800 lumens. Comprend une t\u00e9l\u00e9commande et un kit de fixation.<br \/>\n[\/vc_column_text][\/vc_column][\/vc_row][vc_row][vc_column width=&#8221;1\/2&#8243;][vc_btn title=&#8221;Fiche technique&#8221; style=&#8221;custom&#8221; custom_background=&#8221;#009bc2&#8243; custom_text=&#8221;#ffffff&#8221; shape=&#8221;square&#8221; link=&#8221;url:https%3A%2F%2Fbit.ly%2F3EoK9oW|target:%20_blank|&#8221; el_class=&#8221;btn_descargar_ficha&#8221;][\/vc_column][vc_column width=&#8221;1\/2&#8243;][vc_btn title=&#8221;Manuel d&apos;instrutions&#8221; style=&#8221;custom&#8221; custom_background=&#8221;#009bc2&#8243; custom_text=&#8221;#ffffff&#8221; shape=&#8221;square&#8221; link=&#8221;url:https%3A%2F%2Fbit.ly%2F3YJYMLs|target:%20_blank|&#8221; el_class=&#8221;btn_descargar_ficha&#8221;][\/vc_column][vc_column][\/vc_column][\/vc_row]<\/p>\n<\/section>","protected":false},"excerpt":{"rendered":"<h6>Lampe solaire de piscine sans fil PAPAYA 30<\/h6>\n","protected":false},"featured_media":56595,"template":"","meta":[],"product_cat":[651,757,754],"product_tag":[653,707],"class_list":{"0":"post-46565","1":"product","2":"type-product","3":"status-publish","4":"has-post-thumbnail","6":"product_cat-lightdeco-fr","7":"product_cat-appliques","8":"product_cat-portables","9":"product_tag-batterie","10":"product_tag-sans-fil","12":"first","13":"instock","14":"taxable","15":"shipping-taxable","16":"purchasable","17":"product-type-variable"},"df_price":59,"df_sale_price":"","df_regular_price":59,"df_image_link":"https:\/\/developing.newgarden.es\/wp-content\/uploads\/2023\/02\/PAPAYA_30_SOLAR_1200X1200-4-300x300.jpg","_links":{"self":[{"href":"https:\/\/developing.newgarden.es\/fr\/wp-json\/wp\/v2\/product\/46565"}],"collection":[{"href":"https:\/\/developing.newgarden.es\/fr\/wp-json\/wp\/v2\/product"}],"about":[{"href":"https:\/\/developing.newgarden.es\/fr\/wp-json\/wp\/v2\/types\/product"}],"wp:featuredmedia":[{"embeddable":true,"href":"https:\/\/developing.newgarden.es\/fr\/wp-json\/wp\/v2\/media\/56595"}],"wp:attachment":[{"href":"https:\/\/developing.newgarden.es\/fr\/wp-json\/wp\/v2\/media?parent=46565"}],"wp:term":[{"taxonomy":"product_cat","embeddable":true,"href":"https:\/\/developing.newgarden.es\/fr\/wp-json\/wp\/v2\/product_cat?post=46565"},{"taxonomy":"product_tag","embeddable":true,"href":"https:\/\/developing.newgarden.es\/fr\/wp-json\/wp\/v2\/product_tag?post=46565"}],"curies":[{"name":"wp","href":"https:\/\/api.w.org\/{rel}","templated":true}]}}