{"id":46358,"date":"2023-02-03T08:57:00","date_gmt":"2023-02-03T07:57:07","guid":{"rendered":"https:\/\/newgarden.es\/?post_type=product&#038;p=46358"},"modified":"2023-03-02T11:10:32","modified_gmt":"2023-03-02T10:10:32","slug":"pendants-lampes-conta-pendants","status":"publish","type":"product","link":"https:\/\/developing.newgarden.es\/fr\/shop\/lightdeco-fr\/lampes-suspendues\/pendants-lampes-conta-pendants\/","title":{"rendered":"LAMPE PENDANTE CONTA HANG"},"content":{"rendered":"<section class=\"wpb-content-wrapper\"><p>[vc_row][vc_column][vc_column_text]La lampe suspendue sans fil\u00a0<strong>CONTA HANG est fabriqu\u00e9e en PVC recycl\u00e9.<\/strong>\u00a0Cette lampe est le compl\u00e9ment parfait pour illuminer n&#8217;importe quel espace de votre maison ou de votre jardin en lui donnant une touche diff\u00e9rente.<\/p>\n<p><strong>Elle int\u00e8gre une ampoule rechargeable portable de 900 lumens qui ne n\u00e9cessite aucune installation,<\/strong>\u00a0il suffit de l&#8217;approcher de la lampe pour qu&#8217;elle y adh\u00e8re gr\u00e2ce \u00e0 sa base aimant\u00e9e. Cette ampoule comprend \u00e9galement une t\u00e9l\u00e9commande permettant de l&#8217;allumer, de l&#8217;\u00e9teindre et de r\u00e9gler son intensit\u00e9.\u00a0<strong>Avec une autonomie allant jusqu&#8217;\u00e0 20 heures.<\/strong><\/p>\n<p>Cette lampe fait partie de la famille CONTA, et peut \u00eatre combin\u00e9e avec une applique, un lampadaire et une lampe de table[\/vc_column_text][\/vc_column][\/vc_row][vc_row][vc_column width=&#8221;1\/2&#8243;][vc_btn title=&#8221;Fiche technique&#8221; style=&#8221;custom&#8221; custom_background=&#8221;#009bc2&#8243; custom_text=&#8221;#ffffff&#8221; link=&#8221;url:https%3A%2F%2Fbit.ly%2F3wOznE1|target:%20_blank|&#8221; el_class=&#8221;btn_descargar_ficha&#8221;][\/vc_column][vc_column width=&#8221;1\/2&#8243;][vc_btn title=&#8221;Manuel d&#8217;instrutions&#8221; style=&#8221;custom&#8221; custom_background=&#8221;#009bc2&#8243; custom_text=&#8221;#ffffff&#8221; link=&#8221;url:https%3A%2F%2Fbit.ly%2F3BJmkri|target:%20_blank|&#8221; el_class=&#8221;btn_descargar_ficha&#8221;][\/vc_column][\/vc_row]<\/p>\n<\/section>","protected":false},"excerpt":{"rendered":"<h5><strong>Lampe suspension Conta sans fil<\/strong><\/h5>\n","protected":false},"featured_media":55214,"template":"","meta":[],"product_cat":[651,1569,744],"product_tag":[653],"class_list":{"0":"post-46358","1":"product","2":"type-product","3":"status-publish","4":"has-post-thumbnail","6":"product_cat-lightdeco-fr","7":"product_cat-plafonniers-sans-fil","8":"product_cat-lampes-suspendues","9":"product_tag-batterie","11":"first","12":"instock","13":"taxable","14":"shipping-taxable","15":"purchasable","16":"product-type-variable","17":"has-default-attributes"},"df_price":69.9,"df_sale_price":"","df_regular_price":69.9,"df_image_link":"https:\/\/developing.newgarden.es\/wp-content\/uploads\/2023\/02\/CONTA_HANG_1200X1200-8-300x300.jpg","_links":{"self":[{"href":"https:\/\/developing.newgarden.es\/fr\/wp-json\/wp\/v2\/product\/46358"}],"collection":[{"href":"https:\/\/developing.newgarden.es\/fr\/wp-json\/wp\/v2\/product"}],"about":[{"href":"https:\/\/developing.newgarden.es\/fr\/wp-json\/wp\/v2\/types\/product"}],"wp:featuredmedia":[{"embeddable":true,"href":"https:\/\/developing.newgarden.es\/fr\/wp-json\/wp\/v2\/media\/55214"}],"wp:attachment":[{"href":"https:\/\/developing.newgarden.es\/fr\/wp-json\/wp\/v2\/media?parent=46358"}],"wp:term":[{"taxonomy":"product_cat","embeddable":true,"href":"https:\/\/developing.newgarden.es\/fr\/wp-json\/wp\/v2\/product_cat?post=46358"},{"taxonomy":"product_tag","embeddable":true,"href":"https:\/\/developing.newgarden.es\/fr\/wp-json\/wp\/v2\/product_tag?post=46358"}],"curies":[{"name":"wp","href":"https:\/\/api.w.org\/{rel}","templated":true}]}}