{"id":46229,"date":"2023-02-03T08:25:03","date_gmt":"2023-02-03T07:25:08","guid":{"rendered":"https:\/\/newgarden.es\/?post_type=product&#038;p=46229"},"modified":"2024-05-27T10:13:03","modified_gmt":"2024-05-27T08:13:03","slug":"ampoule-portable-rechargeable-cherry-mini","status":"publish","type":"product","link":"https:\/\/developing.newgarden.es\/fr\/shop\/lightdeco-fr\/portables\/ampoule-portable-rechargeable-cherry-mini\/","title":{"rendered":"MINI AMPOULE RECHARGEABLE PORTABLE CHERRY (3 PI\u00c8CES)"},"content":{"rendered":"<section class=\"wpb-content-wrapper\"><p>[vc_row][vc_column][vc_column_text][\/vc_column_text][\/vc_column][\/vc_row][vc_row][vc_column][vc_column_text]Cherry Mini est l&#8217;ampoule portable rechargeable la plus polyvalente que vous trouverez sur le march\u00e9. Sa petite taille lui permet de s&#8217;adapter partout, que ce soit \u00e0 la maison ou en d\u00e9placement.\u00a0<strong>Cherry Mini est parfait pour \u00e9clairer les zones difficiles \u00e0 atteindre ou lorsque vous n&#8217;avez pas de prise \u00e9lectrique,<\/strong>\u00a0il est parfait pour le camping, accroch\u00e9 au parasol de la plage, m\u00eame dans votre sac \u00e0 dos pour une promenade en montagne&#8230; impossible de ne pas l&#8217;emporter avec vous comme lumi\u00e8re d&#8217;appoint. Comme il n&#8217;a pas besoin d&#8217;\u00eatre install\u00e9, il est dot\u00e9 d&#8217;un puissant aimant int\u00e9gr\u00e9 pour se coller \u00e0 n&#8217;importe quelle surface m\u00e9tallique, ainsi que d&#8217;un crochet pour le suspendre \u00e0 n&#8217;importe quelle lampe ou arbre de votre jardin.\u00a0<strong>Sa puissance est de 350 lumens d&#8217;intensit\u00e9 maximale.<\/strong><\/p>\n<p><strong>Chaque bo\u00eete de Cherry Mini comprend 3 ampoules<\/strong>. Chaque ampoule est dot\u00e9e d&#8217;un crochet de suspension et d&#8217;une plaque m\u00e9tallique adh\u00e9sive pour augmenter les possibilit\u00e9s de placement. Il comprend \u00e9galement une t\u00e9l\u00e9commande permettant de les allumer et de les \u00e9teindre et de r\u00e9gler leur intensit\u00e9.<\/p>\n<p>Vous payez pour 5 bo\u00eetes de CHERRI MINI (chaque bo\u00eete contient 3 mini cerises)<br \/>\n[\/vc_column_text][\/vc_column][\/vc_row][vc_row][vc_column width=&#8221;1\/2&#8243;][vc_btn title=&#8221;Fiche technique&#8221; style=&#8221;custom&#8221; custom_background=&#8221;#009bc2&#8243; custom_text=&#8221;#ffffff&#8221; shape=&#8221;square&#8221; link=&#8221;url:https%3A%2F%2Fbit.ly%2F3RFINeV|target:%20_blank|&#8221; el_class=&#8221;btn_descargar_ficha&#8221;][\/vc_column][vc_column width=&#8221;1\/2&#8243;][vc_btn title=&#8221;Manuel d&apos;instrutions&#8221; style=&#8221;custom&#8221; custom_background=&#8221;#009bc2&#8243; custom_text=&#8221;#ffffff&#8221; shape=&#8221;square&#8221; link=&#8221;url:https%3A%2F%2Fbit.ly%2F3DAVRw5|target:%20_blank|&#8221; el_class=&#8221;btn_descargar_ficha&#8221;][\/vc_column][vc_column][\/vc_column][\/vc_row]<\/p>\n<\/section>","protected":false},"excerpt":{"rendered":"<h6>Ampoule portable rechargeable Cherry<\/h6>\n","protected":false},"featured_media":57026,"template":"","meta":[],"product_cat":[651,757,754],"product_tag":[653,707],"class_list":{"0":"post-46229","1":"product","2":"type-product","3":"status-publish","4":"has-post-thumbnail","6":"product_cat-lightdeco-fr","7":"product_cat-appliques","8":"product_cat-portables","9":"product_tag-batterie","10":"product_tag-sans-fil","12":"first","13":"instock","14":"taxable","15":"shipping-taxable","16":"purchasable","17":"product-type-variable"},"df_price":30.1,"df_sale_price":"","df_regular_price":30.1,"df_image_link":"https:\/\/developing.newgarden.es\/wp-content\/uploads\/2023\/02\/CHERRY_MINI_BATTERY_1200X1200-5-300x300.jpg","_links":{"self":[{"href":"https:\/\/developing.newgarden.es\/fr\/wp-json\/wp\/v2\/product\/46229"}],"collection":[{"href":"https:\/\/developing.newgarden.es\/fr\/wp-json\/wp\/v2\/product"}],"about":[{"href":"https:\/\/developing.newgarden.es\/fr\/wp-json\/wp\/v2\/types\/product"}],"wp:featuredmedia":[{"embeddable":true,"href":"https:\/\/developing.newgarden.es\/fr\/wp-json\/wp\/v2\/media\/57026"}],"wp:attachment":[{"href":"https:\/\/developing.newgarden.es\/fr\/wp-json\/wp\/v2\/media?parent=46229"}],"wp:term":[{"taxonomy":"product_cat","embeddable":true,"href":"https:\/\/developing.newgarden.es\/fr\/wp-json\/wp\/v2\/product_cat?post=46229"},{"taxonomy":"product_tag","embeddable":true,"href":"https:\/\/developing.newgarden.es\/fr\/wp-json\/wp\/v2\/product_tag?post=46229"}],"curies":[{"name":"wp","href":"https:\/\/api.w.org\/{rel}","templated":true}]}}